{"id":13905,"date":"2021-12-14T11:06:16","date_gmt":"2021-12-14T14:06:16","guid":{"rendered":"https:\/\/www.casadainjecao.com.br\/loja\/?post_type=product&#038;p=13905"},"modified":"2026-02-18T10:22:15","modified_gmt":"2026-02-18T13:22:15","slug":"guarnicao-de-borracha-alveolar-renault-clio-7701048484","status":"publish","type":"product","link":"https:\/\/www.casadainjecao.com.br\/loja\/autopecas\/carroceria\/borracha\/guarnicao-de-borracha-alveolar-renault-clio-7701048484\/","title":{"rendered":"Guarni\u00e7\u00e3o de Borracha Alveolar Renault Clio &#8211; 770104"},"content":{"rendered":"<h1>Guarni\u00e7\u00e3o de Borracha Alveolar Renault Clio &#8211; 7701048484<\/h1>\n","protected":false},"excerpt":{"rendered":"<h2>Guarni\u00e7\u00e3o de Borracha Alveolar<\/h2>\n<h3 data-start=\"201\" data-end=\"217\">Renault Clio<\/h3>\n<ul data-start=\"218\" data-end=\"318\">\n<li data-start=\"218\" data-end=\"253\">\n<p data-start=\"220\" data-end=\"253\"><strong data-start=\"220\" data-end=\"237\">Clio II Hatch<\/strong> \u2014 2000 2001 2002 2003 2004 2005 2006 2007 2008 2009 2010 2011 2012 2013 2014 2015 2016<\/p>\n<\/li>\n<li data-start=\"254\" data-end=\"286\">\n<p data-start=\"256\" data-end=\"286\"><strong data-start=\"256\" data-end=\"270\">Clio Sedan<\/strong> \u2014 2000 2001 2002 2003 2004 2005 2006 2007 2008 2009 2010 2011 2012 2013 2014 2015 2016<\/p>\n<\/li>\n<li data-start=\"287\" data-end=\"318\">\n<p data-start=\"289\" data-end=\"318\"><strong data-start=\"289\" data-end=\"304\">Clio Campus<\/strong> \u2014 2008 2009 2010 2011 2012 2013 2014 2015 2016<\/p>\n<\/li>\n<\/ul>\n<h2>Codigo: 7701048484<\/h2>\n<h3>Condi\u00e7\u00f5es:<br \/>\nProduto NOVO<\/h3>\n<h3>Garantia:<br \/>\n3 Meses<\/h3>\n<p>ATEN\u00c7\u00c3O: Antes de efetuar a compra verifique o c\u00f3digo da sua pe\u00e7a que est\u00e1 instalado no seu ve\u00edculo.<\/p>\n<p>&nbsp;<\/p>\n<p>&nbsp;<\/p>\n<p data-start=\"426\" data-end=\"635\">Guarni\u00e7\u00e3o de borracha alveolar original Renault utilizada para veda\u00e7\u00e3o e isolamento contra poeira, \u00e1gua e ru\u00eddos.<\/p>\n<p data-start=\"426\" data-end=\"635\">Fabricada em borracha de alta qualidade, proporciona encaixe perfeito e excelente durabilidade.<\/p>\n<p data-start=\"637\" data-end=\"699\">Indicada para reposi\u00e7\u00e3o mantendo o padr\u00e3o original do ve\u00edculo.<\/p>\n","protected":false},"featured_media":14054,"template":"","meta":{"_seopress_robots_primary_cat":"none","_seopress_titles_title":"","_seopress_titles_desc":"","_seopress_robots_index":"","_seopress_analysis_target_kw":"","_kad_blocks_custom_css":"","_kad_blocks_head_custom_js":"","_kad_blocks_body_custom_js":"","_kad_blocks_footer_custom_js":"","_kadence_starter_templates_imported_post":false,"_joinchat":[]},"product_brand":[],"product_cat":[1258,83,1277],"product_tag":[49],"berocket_brand":[394],"class_list":{"0":"post-13905","1":"product","2":"type-product","3":"status-publish","4":"has-post-thumbnail","6":"product_cat-borracha","7":"product_cat-carroceria","8":"product_cat-tampa-porta-mala","9":"product_tag-clio","10":"berocket_brand-renault","11":"thunk-woo-product-list","12":"big-store-woo-hover-zoom","13":"open-single-product-tab-horizontal","14":"open-shadow-","15":"open-shadow-hover-","17":"first","18":"instock","19":"sale","20":"taxable","21":"shipping-taxable","22":"purchasable","23":"product-type-simple"},"taxonomy_info":{"product_cat":[{"value":1258,"label":"Borracha"},{"value":83,"label":"Carroceria"},{"value":1277,"label":"Tampa Porta Mala"}],"product_tag":[{"value":49,"label":"Clio"}],"berocket_brand":[{"value":394,"label":"Renault"}]},"featured_image_src_large":["https:\/\/www.casadainjecao.com.br\/loja\/wp-content\/uploads\/2021\/12\/7701048484-a.png",433,577,false],"author_info":[],"comment_info":"","_links":{"self":[{"href":"https:\/\/www.casadainjecao.com.br\/loja\/wp-json\/wp\/v2\/product\/13905","targetHints":{"allow":["GET"]}}],"collection":[{"href":"https:\/\/www.casadainjecao.com.br\/loja\/wp-json\/wp\/v2\/product"}],"about":[{"href":"https:\/\/www.casadainjecao.com.br\/loja\/wp-json\/wp\/v2\/types\/product"}],"wp:featuredmedia":[{"embeddable":true,"href":"https:\/\/www.casadainjecao.com.br\/loja\/wp-json\/wp\/v2\/media\/14054"}],"wp:attachment":[{"href":"https:\/\/www.casadainjecao.com.br\/loja\/wp-json\/wp\/v2\/media?parent=13905"}],"wp:term":[{"taxonomy":"product_brand","embeddable":true,"href":"https:\/\/www.casadainjecao.com.br\/loja\/wp-json\/wp\/v2\/product_brand?post=13905"},{"taxonomy":"product_cat","embeddable":true,"href":"https:\/\/www.casadainjecao.com.br\/loja\/wp-json\/wp\/v2\/product_cat?post=13905"},{"taxonomy":"product_tag","embeddable":true,"href":"https:\/\/www.casadainjecao.com.br\/loja\/wp-json\/wp\/v2\/product_tag?post=13905"},{"taxonomy":"berocket_brand","embeddable":true,"href":"https:\/\/www.casadainjecao.com.br\/loja\/wp-json\/wp\/v2\/berocket_brand?post=13905"}],"curies":[{"name":"wp","href":"https:\/\/api.w.org\/{rel}","templated":true}]}}