{"id":13908,"date":"2021-12-14T11:14:16","date_gmt":"2021-12-14T14:14:16","guid":{"rendered":"https:\/\/www.casadainjecao.com.br\/loja\/?post_type=product&#038;p=13908"},"modified":"2026-02-18T17:03:16","modified_gmt":"2026-02-18T20:03:16","slug":"guarnicao-lateral-direita-renault-megane-8200272473","status":"publish","type":"product","link":"https:\/\/www.casadainjecao.com.br\/loja\/autopecas\/carroceria\/lateral\/guarnicao-lateral-direita-renault-megane-8200272473\/","title":{"rendered":"Guarni\u00e7\u00e3o Lateral Direita Renault Megane &#8211; 820027247"},"content":{"rendered":"<h1>Guarni\u00e7\u00e3o Lateral Direita Renault Megane &#8211; 8200272473<\/h1>\n","protected":false},"excerpt":{"rendered":"<h2>Guarni\u00e7\u00e3o Lateral Direita<\/h2>\n<p>&nbsp;<\/p>\n<p>&nbsp;<\/p>\n<h3 data-start=\"232\" data-end=\"259\">Renault Megane II Hatch<\/h3>\n<ul data-start=\"260\" data-end=\"273\">\n<li data-start=\"260\" data-end=\"273\">\n<p data-start=\"262\" data-end=\"273\">2006 2007 2008 2009 2010 2011 2012\u00a0 2013<\/p>\n<\/li>\n<\/ul>\n<h3 data-start=\"275\" data-end=\"302\">Renault Megane II Sedan<\/h3>\n<ul data-start=\"303\" data-end=\"316\">\n<li data-start=\"303\" data-end=\"316\">\n<p data-start=\"305\" data-end=\"316\">2006 2007 2008 2009 2010 2011 2012 2013<\/p>\n<\/li>\n<\/ul>\n<h3 data-start=\"318\" data-end=\"340\">Renault Grand Tour<\/h3>\n<ul data-start=\"341\" data-end=\"354\">\n<li data-start=\"341\" data-end=\"354\">\n<p data-start=\"343\" data-end=\"354\">2007 2008 2009 2010 2011 2012 2013<\/p>\n<\/li>\n<\/ul>\n<h2>Codigo:\u00a0 8200272473<\/h2>\n<p>Condi\u00e7\u00e3o do item: Novo<\/p>\n<p>Marca: Renault<\/p>\n<p>garantia: 3 meses<\/p>\n<p>ATEN\u00c7\u00c3O: Antes de efetuar a compra verifique o c\u00f3digo da sua pe\u00e7a que est\u00e1 instalado no seu ve\u00edculo. e confirme se corresponde ao c\u00f3digo informado neste an\u00fancio.<\/p>\n<p>Em caso de d\u00favida, utilize o campo de perguntas.<\/p>\n<p>&nbsp;<\/p>\n<p>&nbsp;<\/p>\n<p>Guarni\u00e7\u00e3o lateral direita original Renault, respons\u00e1vel pelo acabamento e prote\u00e7\u00e3o lateral do ve\u00edculo, mantendo o visual original de f\u00e1brica.<\/p>\n<p>&nbsp;<\/p>\n<p>&nbsp;<\/p>\n<p>&nbsp;<\/p>\n<p>&nbsp;<\/p>\n<p>&nbsp;<\/p>\n<p>&nbsp;<\/p>\n<p>A Casa da Inje\u00e7\u00e3o oferece total garantia nos produtos comprados em nosso site.<br \/>\nCada item \u00e9 rigorosamente testado antes do envio<br \/>\nSe os itens estiverem danificados ou parcialmente defeituosos, entre em contato conosco.<br \/>\nProcure um profissional devidamente licenciado para a instala\u00e7\u00e3o e fa\u00e7a revis\u00f5es periodicamente. A empresa n\u00e3o se responsabiliza por problemas oriundos da m\u00e1 instala\u00e7\u00e3o ou com a falta de cuidados peri\u00f3dicos dos componentes.<br \/>\nSe houver qualquer defeito, n\u00f3s lhe enviaremos uma substitui\u00e7\u00e3o ap\u00f3s receber o pacote ou devolvemos seu dinheiro.<br \/>\nLeia nossa pol\u00edtica de devolu\u00e7\u00e3o aqui<br \/>\nTem alguma d\u00favida?<br \/>\nEntre em contato que podemos ajudar!<br \/>\nConfira as informa\u00e7\u00f5es adicionais abaixo:<br \/>\nTodos os nossos produtos s\u00e3o novos, semi-novos, originais e paralelos possuem garantia.<br \/>\nTodos os produtos anunciados est\u00e3o dispon\u00edveis em estoque e s\u00e3o enviados com extrema rapidez.<br \/>\nO frete pode ser simulado antes de efetuar a compra, basta clicar em \u201cver custos de envio\u201d.<br \/>\nVerifique o endere\u00e7o de entrega cadastrado e atualize caso necess\u00e1rio.<br \/>\nConfirme se a pe\u00e7a \u00e9 correta para o seu modelo de ve\u00edculo.<br \/>\nPara pe\u00e7as automotivas, recomendamos a instala\u00e7\u00e3o por um profissional especializado.<br \/>\nCaso possua outras d\u00favidas, entre em contato.<\/p>\n","protected":false},"featured_media":14062,"template":"","meta":{"_seopress_robots_primary_cat":"none","_seopress_titles_title":"","_seopress_titles_desc":"","_seopress_robots_index":"","_joinchat":[]},"product_cat":[1258,83,1174],"product_tag":[50],"berocket_brand":[394],"_links":{"self":[{"href":"https:\/\/www.casadainjecao.com.br\/loja\/wp-json\/wp\/v2\/product\/13908"}],"collection":[{"href":"https:\/\/www.casadainjecao.com.br\/loja\/wp-json\/wp\/v2\/product"}],"about":[{"href":"https:\/\/www.casadainjecao.com.br\/loja\/wp-json\/wp\/v2\/types\/product"}],"wp:featuredmedia":[{"embeddable":true,"href":"https:\/\/www.casadainjecao.com.br\/loja\/wp-json\/wp\/v2\/media\/14062"}],"wp:attachment":[{"href":"https:\/\/www.casadainjecao.com.br\/loja\/wp-json\/wp\/v2\/media?parent=13908"}],"wp:term":[{"taxonomy":"product_cat","embeddable":true,"href":"https:\/\/www.casadainjecao.com.br\/loja\/wp-json\/wp\/v2\/product_cat?post=13908"},{"taxonomy":"product_tag","embeddable":true,"href":"https:\/\/www.casadainjecao.com.br\/loja\/wp-json\/wp\/v2\/product_tag?post=13908"},{"taxonomy":"berocket_brand","embeddable":true,"href":"https:\/\/www.casadainjecao.com.br\/loja\/wp-json\/wp\/v2\/berocket_brand?post=13908"}],"curies":[{"name":"wp","href":"https:\/\/api.w.org\/{rel}","templated":true}]}}