{"id":13919,"date":"2021-12-14T11:47:14","date_gmt":"2021-12-14T14:47:14","guid":{"rendered":"https:\/\/www.casadainjecao.com.br\/loja\/?post_type=product&#038;p=13919"},"modified":"2026-02-18T16:24:30","modified_gmt":"2026-02-18T19:24:30","slug":"calco-motor-do-limpador-renault-scenic-laguna-espace-8200001919","status":"publish","type":"product","link":"https:\/\/www.casadainjecao.com.br\/loja\/autopecas\/carroceria\/tampa-porta-mala\/calco-motor-do-limpador-renault-scenic-laguna-espace-8200001919\/","title":{"rendered":"Cal\u00e7o Motor do Limpador Renault Scenic Laguna Espace &#8211"},"content":{"rendered":"<h2>Cal\u00e7o Motor do Limpador<\/h2>\n<p>&nbsp;<\/p>\n<h3 data-start=\"682\" data-end=\"706\"><strong data-start=\"688\" data-end=\"706\">Renault Scenic<\/strong><\/h3>\n<p data-start=\"707\" data-end=\"853\">\u00a0<strong data-start=\"710\" data-end=\"740\">Scenic I (modelo cl\u00e1ssico)<\/strong><br data-start=\"740\" data-end=\"743\" \/>\u00a0<strong data-start=\"747\" data-end=\"769\">1997 1998 1999 2000 2001 2002 2003\u00a0 2004<\/strong><br data-start=\"769\" data-end=\"772\" \/>\u00a0<strong data-start=\"775\" data-end=\"817\">Scenic II (facelift \/ segunda gera\u00e7\u00e3o)<\/strong><br data-start=\"817\" data-end=\"820\" \/>\u00a0<strong data-start=\"824\" data-end=\"853\">2003\u00a0 2004 2005 2006 2007 2008\u00a0 2009\u00a0 2010<\/strong><\/p>\n<p data-start=\"707\" data-end=\"853\">\n<h3 data-start=\"1014\" data-end=\"1038\"><strong data-start=\"1020\" data-end=\"1038\">Renault Laguna<\/strong><\/h3>\n<p data-start=\"1039\" data-end=\"1124\">\u00a0<strong data-start=\"1042\" data-end=\"1054\">Laguna I<\/strong><br data-start=\"1054\" data-end=\"1057\" \/>\u00a0<strong data-start=\"1061\" data-end=\"1076\">1994 1995 1996 1997 1998 1999 2000 2001<\/strong><br data-start=\"1076\" data-end=\"1079\" \/>\u00a0<strong data-start=\"1082\" data-end=\"1095\">Laguna II<\/strong><br data-start=\"1095\" data-end=\"1098\" \/>\u00a0<strong data-start=\"1102\" data-end=\"1124\">2001 2002 2003 2004 2005 2006 2007\u00a0 2008<\/strong><\/p>\n<p data-start=\"1039\" data-end=\"1124\">\n<p data-start=\"1039\" data-end=\"1124\"><strong data-start=\"1285\" data-end=\"1311\">Espace III \/ Espace IV<\/strong> (dependendo de gera\u00e7\u00e3o)<br data-start=\"1335\" data-end=\"1338\" \/>\u00a0<strong data-start=\"1342\" data-end=\"1357\">1997 1998 1999 2000 2001 2002 2003 2004 2005 2006 2007 2008 2009 2010 2011 2012 2013 2014<\/strong><\/p>\n<p data-start=\"1039\" data-end=\"1124\">(gama compat\u00edvel de vers\u00f5es que compartilham pe\u00e7as el\u00e9tricas)<\/p>\n<p data-start=\"1039\" data-end=\"1124\">\n<h4>Codigo de Refer\u00eancia:<\/h4>\n<p>8200001919<\/p>\n<h4>Condi\u00e7\u00f5es:<\/h4>\n<p>Novo Original \/ Marca Renault<\/p>\n<h4>Garantia:<\/h4>\n<p>3 Meses<\/p>\n<h3><strong>ATEN\u00c7\u00c3O<\/strong>: Antes de efetuar a compra verifique o c\u00f3digo da pe\u00e7a que est\u00e1 instalada no seu ve\u00edculo.<\/h3>\n<p>&nbsp;<\/p>\n<p>A Casa da Inje\u00e7\u00e3o oferece total garantia nos produtos comprados em nosso site.<\/p>\n<ol>\n<li>Cada item \u00e9 rigorosamente testado antes do envio<\/li>\n<li>Se os itens estiverem danificados ou parcialmente defeituosos, entre em contato conosco.<\/li>\n<\/ol>\n<p>Se houver qualquer defeito, n\u00f3s lhe enviaremos uma substitui\u00e7\u00e3o ap\u00f3s receber o pacote ou devolvemos seu dinheiro.<\/p>\n<p>Leia nossa\u00a0<a href=\"https:\/\/www.casadainjecao.com.br\/loja\/politica-de-devolucao\">pol\u00edtica de devolu\u00e7\u00e3o aqui<\/a><\/p>\n<p>\u2014\u2014\u2014\u2014\u2014\u2014\u2014\u2014\u2014\u2014\u2014\u2014\u2014\u2014\u2014\u2014\u2014\u2014\u2014\u2014\u2014\u2014\u2014\u2014\u2014\u2014\u2014<\/p>\n<h4>Tem alguma d\u00favida?<\/h4>\n<p>Entre em contato que podemos ajudar!<\/p>\n<p>Confira as informa\u00e7\u00f5es adicionais abaixo:<\/p>\n<ul>\n<li>Todos os nossos produtos s\u00e3o novos, semi-novos, originais, paralelos e possuem garantia.<\/li>\n<li>Todos os produtos anunciados est\u00e3o dispon\u00edveis em estoque e s\u00e3o enviados com extrema rapidez.<\/li>\n<li>O frete pode ser simulado antes de efetuar a compra, basta clicar em \u201cver custos de envio\u201d.<\/li>\n<li>Verifique o endere\u00e7o de entrega cadastrado e atualize caso necess\u00e1rio.<\/li>\n<li>Confirme se a pe\u00e7a \u00e9 correta para o seu modelo de ve\u00edculo.<\/li>\n<li>Para pe\u00e7as automotivas, recomendamos a instala\u00e7\u00e3o por um profissional especializado.<\/li>\n<\/ul>\n<p>Caso possua outras d\u00favidas, entre em contato.<\/p>\n","protected":false},"excerpt":{"rendered":"<h2>Cal\u00e7o Motor do Limpador Renault Scenic Laguna Espace &#8211; 8200001919<\/h2>\n","protected":false},"featured_media":14055,"template":"","meta":{"_seopress_robots_primary_cat":"none","_seopress_titles_title":"","_seopress_titles_desc":"","_seopress_robots_index":"","_joinchat":[]},"product_cat":[83,17,149,1277],"product_tag":[1123,128,51],"berocket_brand":[394],"_links":{"self":[{"href":"https:\/\/www.casadainjecao.com.br\/loja\/wp-json\/wp\/v2\/product\/13919"}],"collection":[{"href":"https:\/\/www.casadainjecao.com.br\/loja\/wp-json\/wp\/v2\/product"}],"about":[{"href":"https:\/\/www.casadainjecao.com.br\/loja\/wp-json\/wp\/v2\/types\/product"}],"wp:featuredmedia":[{"embeddable":true,"href":"https:\/\/www.casadainjecao.com.br\/loja\/wp-json\/wp\/v2\/media\/14055"}],"wp:attachment":[{"href":"https:\/\/www.casadainjecao.com.br\/loja\/wp-json\/wp\/v2\/media?parent=13919"}],"wp:term":[{"taxonomy":"product_cat","embeddable":true,"href":"https:\/\/www.casadainjecao.com.br\/loja\/wp-json\/wp\/v2\/product_cat?post=13919"},{"taxonomy":"product_tag","embeddable":true,"href":"https:\/\/www.casadainjecao.com.br\/loja\/wp-json\/wp\/v2\/product_tag?post=13919"},{"taxonomy":"berocket_brand","embeddable":true,"href":"https:\/\/www.casadainjecao.com.br\/loja\/wp-json\/wp\/v2\/berocket_brand?post=13919"}],"curies":[{"name":"wp","href":"https:\/\/api.w.org\/{rel}","templated":true}]}}