{"id":14001,"date":"2021-12-15T15:06:08","date_gmt":"2021-12-15T18:06:08","guid":{"rendered":"https:\/\/www.casadainjecao.com.br\/loja\/?post_type=product&#038;p=14001"},"modified":"2024-12-16T19:15:14","modified_gmt":"2024-12-16T22:15:14","slug":"bobina-ignicao-ford-ka-fiesta-endura-88sf12029a2a","status":"publish","type":"product","link":"https:\/\/www.casadainjecao.com.br\/loja\/autopecas\/eletrica\/bobina-de-ignicao\/bobina-ignicao-ford-ka-fiesta-endura-88sf12029a2a\/","title":{"rendered":"Bobina Igni\u00e7\u00e3o Fiesta Ka Courier Endura &#8211; 88SF12029A"},"content":{"rendered":"<h2><strong>Bobina de Igni\u00e7\u00e3o<\/strong><\/h2>\n<p>Ford Fiesta: 1.0 \/ 1.3 Endura 1996\/ 1.4 16V Zetec 1999\/ 1.3 Importado<\/p>\n<p>Ford Ka: 1.0 \/ 1.3 Endura 1997 em diante<\/p>\n<p>Ford Courier: 1.3 Endura 1997 \u00e0 1999, 1.4 16V Zetec 1997 \u00e0 1999<\/p>\n<p>Ford Escort: 1.8 16V Zetec 1997 \u00e0 2002<\/p>\n<p>Ford Mondeo: 1.8 \/ 2.0 Zetec 1993 \u00e0 1996<\/p>\n<p>Ford Ranger: 2.3 1994 \u00e0 1997, 2.5 1997 \u00e0 2001<\/p>\n<p><strong>C\u00f3digo de Refer\u00eancia:<\/strong><\/p>\n<p>928F12029CA, 938F12024DA, 88SF12029A2A<\/p>\n<p><b>Especifica\u00e7\u00f5es:<\/b><\/p>\n<p>Conector de 3 Pinos<\/p>\n<h4>Condi\u00e7\u00f5es:<\/h4>\n<p>Pe\u00e7a Nova Importada\/ Marca Torken<\/p>\n<h3><strong>ATEN\u00c7\u00c3O:<\/strong> Antes de efetuar a compra, verifique o c\u00f3digo da pe\u00e7a instalada no seu ve\u00edculo.<\/h3>\n<p>&nbsp;<\/p>\n<p>A Casa da Inje\u00e7\u00e3o oferece total garantia nos produtos comprados em nosso site. Cada item \u00e9 rigorosamente testado antes do envio. Se os itens estiverem danificados ou parcialmente defeituosos, entre em contato conosco.<\/p>\n<p><strong>Importante:<\/strong><\/p>\n<ul>\n<li>Procure um profissional devidamente licenciado para a instala\u00e7\u00e3o e fa\u00e7a revis\u00f5es peri\u00f3dicas. A empresa n\u00e3o se responsabiliza por problemas oriundos da m\u00e1 instala\u00e7\u00e3o ou falta de cuidados peri\u00f3dicos dos componentes.<\/li>\n<li>Se houver qualquer defeito, n\u00f3s lhe enviaremos uma substitui\u00e7\u00e3o ap\u00f3s receber o pacote ou devolveremos seu dinheiro. Leia nossa pol\u00edtica de devolu\u00e7\u00e3o <a href=\"#\" rel=\"noopener\">aqui<\/a>.<\/li>\n<li><strong>Tem alguma d\u00favida?<\/strong> Entre em contato que podemos ajudar! Confira as informa\u00e7\u00f5es adicionais abaixo:\n<ul>\n<li>Todos os nossos produtos s\u00e3o novos, semi-novos, originais e paralelos possuem garantia.<\/li>\n<li>Todos os produtos anunciados est\u00e3o dispon\u00edveis em estoque e s\u00e3o enviados com extrema rapidez.<\/li>\n<li>O frete pode ser simulado antes de efetuar a compra, basta clicar em \u201cver custos de envio\u201d.<\/li>\n<li>Verifique o endere\u00e7o de entrega cadastrado e atualize-o se necess\u00e1rio.<\/li>\n<li>Confirme se a pe\u00e7a \u00e9 correta para o seu modelo de ve\u00edculo.<\/li>\n<li>Para pe\u00e7as automotivas, recomendamos a instala\u00e7\u00e3o por um profissional especializado.<\/li>\n<\/ul>\n<p>Caso possua outras d\u00favidas, entre em contato.<\/li>\n<\/ul>\n","protected":false},"excerpt":{"rendered":"<h2>Bobina Igni\u00e7\u00e3o Fiesta Ka Courier Endura &#8211; 88SF12029A2A<\/h2>\n","protected":false},"featured_media":35948,"template":"","meta":{"_seopress_robots_primary_cat":"none","_seopress_titles_title":"","_seopress_titles_desc":"","_seopress_robots_index":"","_joinchat":[]},"product_cat":[106,17],"product_tag":[1399,276,429,278],"berocket_brand":[384],"_links":{"self":[{"href":"https:\/\/www.casadainjecao.com.br\/loja\/wp-json\/wp\/v2\/product\/14001"}],"collection":[{"href":"https:\/\/www.casadainjecao.com.br\/loja\/wp-json\/wp\/v2\/product"}],"about":[{"href":"https:\/\/www.casadainjecao.com.br\/loja\/wp-json\/wp\/v2\/types\/product"}],"wp:featuredmedia":[{"embeddable":true,"href":"https:\/\/www.casadainjecao.com.br\/loja\/wp-json\/wp\/v2\/media\/35948"}],"wp:attachment":[{"href":"https:\/\/www.casadainjecao.com.br\/loja\/wp-json\/wp\/v2\/media?parent=14001"}],"wp:term":[{"taxonomy":"product_cat","embeddable":true,"href":"https:\/\/www.casadainjecao.com.br\/loja\/wp-json\/wp\/v2\/product_cat?post=14001"},{"taxonomy":"product_tag","embeddable":true,"href":"https:\/\/www.casadainjecao.com.br\/loja\/wp-json\/wp\/v2\/product_tag?post=14001"},{"taxonomy":"berocket_brand","embeddable":true,"href":"https:\/\/www.casadainjecao.com.br\/loja\/wp-json\/wp\/v2\/berocket_brand?post=14001"}],"curies":[{"name":"wp","href":"https:\/\/api.w.org\/{rel}","templated":true}]}}