{"id":14007,"date":"2021-12-15T15:09:57","date_gmt":"2021-12-15T18:09:57","guid":{"rendered":"https:\/\/www.casadainjecao.com.br\/loja\/?post_type=product&#038;p=14007"},"modified":"2026-04-29T15:43:23","modified_gmt":"2026-04-29T18:43:23","slug":"abracadeira-central-barra-estabilizadora-renault-master-2-3-16v-562707897r","status":"publish","type":"product","link":"https:\/\/www.casadainjecao.com.br\/loja\/autopecas\/suspencao\/barra-estabilizadora\/abracadeira-central-barra-estabilizadora-renault-master-2-3-16v-562707897r\/","title":{"rendered":"Abra\u00e7adeira Central Barra Estabilizadora Renault Master 2.3"},"content":{"rendered":"<h2>Abra\u00e7adeira Central Barra Estabilizadora Renault Master 2.3 16v Original<\/h2>\n<h3>Renault Master 2.3 16v 2001 a 2020<\/h3>\n<h3>C\u00f3digo de refer\u00eancia:<\/h3>\n<h3>562707897r<\/h3>\n<h5>Condi\u00e7\u00f5es:<\/h5>\n<h5>Novo Original\/Marca Renault<\/h5>\n<h5>Especifica\u00e7\u00f5es:<\/h5>\n<h5>serve ambos os lado direito passageiro, esquerdo motorista, tra\u00e7\u00e3o dianteira<\/h5>\n<h5>Garantia:<\/h5>\n<h5>3 Meses<\/h5>\n<h5>O que \u00e9 e para que serve a Abra\u00e7adeira Central Barra Estabilizadora.<\/h5>\n<h5>A abra\u00e7adeira central da barra estabilizadora \u00e9 uma pe\u00e7a que fixa a barra estabilizadora em ve\u00edculos, garantindo a estabilidade durante a condu\u00e7\u00e3o. \u00c9 essencial para a seguran\u00e7a e desempenho do ve\u00edculo.<\/h5>\n<h5>A Casa da Inje\u00e7\u00e3o oferece total garantia nos produtos comprados em nosso site.<\/h5>\n<ol>\n<li>\n<h5>Cada item \u00e9 rigorosamente testado antes do envio<\/h5>\n<\/li>\n<li>\n<h5>Se os itens estiverem danificados ou parcialmente defeituosos, entre em contato conosco.<\/h5>\n<\/li>\n<\/ol>\n<h5>Se houver qualquer defeito, n\u00f3s lhe enviaremos uma substitui\u00e7\u00e3o ap\u00f3s receber o pacote ou devolvemos seu dinheiro.<\/h5>\n<h5>Leia nossa <a href=\"https:\/\/www.casadainjecao.com.br\/loja\/politica-de-devolucao\">pol\u00edtica de devolu\u00e7\u00e3o aqui<\/a><\/h5>\n<h5>&#8212;&#8212;&#8212;&#8212;&#8212;&#8212;&#8212;&#8212;&#8212;&#8212;&#8212;&#8212;&#8212;&#8212;&#8212;&#8212;&#8212;&#8212;&#8212;&#8211;<\/h5>\n<h5><strong>ATEN\u00c7\u00c3O<\/strong>:<strong> Antes de efetuar a compra verifique o c\u00f3digo da Abra\u00e7adeira Central Barra Estabilizadora.<\/strong><\/h5>\n<h5>Abra\u00e7adeira Central Barra Estabilizadora compat\u00edvel com as marca Renault Master III<\/h5>\n<h5>&#8212;&#8212;&#8212;&#8212;&#8212;&#8212;&#8212;&#8212;&#8212;&#8212;&#8212;&#8212;&#8212;&#8212;&#8212;&#8212;&#8212;&#8212;&#8212;&#8212;-<\/h5>\n<h5>Tem alguma d\u00favida?<\/h5>\n<h5>Entre em contato que podemos ajudar!<\/h5>\n<h5>Confira as informa\u00e7\u00f5es adicionais abaixo:<\/h5>\n<ul>\n<li>\n<h5>Todos os nossos produtos s\u00e3o novos, semi-novos, originais, paralelos e possuem garantia.<\/h5>\n<\/li>\n<li>\n<h5>Todos os produtos anunciados est\u00e3o dispon\u00edveis em estoque e s\u00e3o enviados com extrema rapidez.<\/h5>\n<\/li>\n<li>\n<h5>O frete pode ser simulado antes de efetuar a compra, basta clicar em \u201cver custos de envio\u201d.<\/h5>\n<\/li>\n<li>\n<h5>Verifique o endere\u00e7o de entrega cadastrado e atualize caso necess\u00e1rio.<\/h5>\n<\/li>\n<li>\n<h5>Confirme se a pe\u00e7a \u00e9 correta para o seu modelo de ve\u00edculo.<\/h5>\n<\/li>\n<li>\n<h5>Para pe\u00e7as automotivas, recomendamos a instala\u00e7\u00e3o por um profissional especializado.<\/h5>\n<\/li>\n<\/ul>\n<h5>Caso possua outras d\u00favidas, entre em contato.<\/h5>\n","protected":false},"excerpt":{"rendered":"<h2>Abra\u00e7adeira Central Barra Estabilizadora Renault Master 2.3 16v &#8211; 562707897r<\/h2>\n","protected":false},"featured_media":14388,"template":"","meta":{"_seopress_robots_primary_cat":"none","_seopress_titles_title":"","_seopress_titles_desc":"","_seopress_robots_index":"","_joinchat":[]},"product_cat":[1117,1104],"product_tag":[81],"berocket_brand":[394],"_links":{"self":[{"href":"https:\/\/www.casadainjecao.com.br\/loja\/wp-json\/wp\/v2\/product\/14007"}],"collection":[{"href":"https:\/\/www.casadainjecao.com.br\/loja\/wp-json\/wp\/v2\/product"}],"about":[{"href":"https:\/\/www.casadainjecao.com.br\/loja\/wp-json\/wp\/v2\/types\/product"}],"wp:featuredmedia":[{"embeddable":true,"href":"https:\/\/www.casadainjecao.com.br\/loja\/wp-json\/wp\/v2\/media\/14388"}],"wp:attachment":[{"href":"https:\/\/www.casadainjecao.com.br\/loja\/wp-json\/wp\/v2\/media?parent=14007"}],"wp:term":[{"taxonomy":"product_cat","embeddable":true,"href":"https:\/\/www.casadainjecao.com.br\/loja\/wp-json\/wp\/v2\/product_cat?post=14007"},{"taxonomy":"product_tag","embeddable":true,"href":"https:\/\/www.casadainjecao.com.br\/loja\/wp-json\/wp\/v2\/product_tag?post=14007"},{"taxonomy":"berocket_brand","embeddable":true,"href":"https:\/\/www.casadainjecao.com.br\/loja\/wp-json\/wp\/v2\/berocket_brand?post=14007"}],"curies":[{"name":"wp","href":"https:\/\/api.w.org\/{rel}","templated":true}]}}