{"id":14027,"date":"2021-12-16T07:38:42","date_gmt":"2021-12-16T10:38:42","guid":{"rendered":"https:\/\/www.casadainjecao.com.br\/loja\/?post_type=product&#038;p=14027"},"modified":"2022-04-18T15:01:22","modified_gmt":"2022-04-18T18:01:22","slug":"suporte-fixacao-luz-interna-renault-clio-8200098174","status":"publish","type":"product","link":"https:\/\/www.casadainjecao.com.br\/loja\/autopecas\/interior\/plafon\/suporte-fixacao-luz-interna-renault-clio-8200098174\/","title":{"rendered":"Suporte Fixa\u00e7\u00e3o Luz Interna Renault Clio &#8211; 820009817"},"content":{"rendered":"<h1>Suporte Fixa\u00e7\u00e3o Luz Interna Renault Clio &#8211; 8200098174<\/h1>\n","protected":false},"excerpt":{"rendered":"<h2>Suporte Fixa\u00e7\u00e3o Luz Interna (Plafon)<\/h2>\n<h2>Renault Clio<\/h2>\n<h2>Codigo:- 8200098174\u00a0 c=23<\/h2>\n","protected":false},"featured_media":14453,"template":"","meta":{"_seopress_robots_primary_cat":"none","_seopress_titles_title":"","_seopress_titles_desc":"","_seopress_robots_index":"","_kad_blocks_custom_css":"","_kad_blocks_head_custom_js":"","_kad_blocks_body_custom_js":"","_kad_blocks_footer_custom_js":"","_joinchat":[]},"product_cat":[24,1266],"product_tag":[49],"berocket_brand":[394],"taxonomy_info":{"product_cat":[{"value":24,"label":"Interior"},{"value":1266,"label":"Plafon"}],"product_tag":[{"value":49,"label":"Clio"}],"berocket_brand":[{"value":394,"label":"Renault"}]},"featured_image_src_large":["https:\/\/www.casadainjecao.com.br\/loja\/wp-content\/uploads\/2021\/12\/8200098174-Suporte-Fixacao-Luz-Interna-Renault-Clio-b-586x780.jpg",586,780,true],"author_info":[],"comment_info":"","_links":{"self":[{"href":"https:\/\/www.casadainjecao.com.br\/loja\/wp-json\/wp\/v2\/product\/14027"}],"collection":[{"href":"https:\/\/www.casadainjecao.com.br\/loja\/wp-json\/wp\/v2\/product"}],"about":[{"href":"https:\/\/www.casadainjecao.com.br\/loja\/wp-json\/wp\/v2\/types\/product"}],"wp:featuredmedia":[{"embeddable":true,"href":"https:\/\/www.casadainjecao.com.br\/loja\/wp-json\/wp\/v2\/media\/14453"}],"wp:attachment":[{"href":"https:\/\/www.casadainjecao.com.br\/loja\/wp-json\/wp\/v2\/media?parent=14027"}],"wp:term":[{"taxonomy":"product_cat","embeddable":true,"href":"https:\/\/www.casadainjecao.com.br\/loja\/wp-json\/wp\/v2\/product_cat?post=14027"},{"taxonomy":"product_tag","embeddable":true,"href":"https:\/\/www.casadainjecao.com.br\/loja\/wp-json\/wp\/v2\/product_tag?post=14027"},{"taxonomy":"berocket_brand","embeddable":true,"href":"https:\/\/www.casadainjecao.com.br\/loja\/wp-json\/wp\/v2\/berocket_brand?post=14027"}],"curies":[{"name":"wp","href":"https:\/\/api.w.org\/{rel}","templated":true}]}}