{"id":14037,"date":"2021-12-16T09:28:19","date_gmt":"2021-12-16T12:28:19","guid":{"rendered":"https:\/\/www.casadainjecao.com.br\/loja\/?post_type=product&#038;p=14037"},"modified":"2025-05-12T13:23:15","modified_gmt":"2025-05-12T16:23:15","slug":"parafuso-fixacao-estepe-renault-master-5000393065","status":"publish","type":"product","link":"https:\/\/www.casadainjecao.com.br\/loja\/autopecas\/suspencao\/parafuso-fixacao-estepe-renault-master-5000393065\/","title":{"rendered":"Parafuso Fixa\u00e7\u00e3o Estepe Renault Master &#8211; 5000393065"},"content":{"rendered":"<h1>Parafuso Fixa\u00e7\u00e3o Estepe Renault Master &#8211; 5000393065<\/h1>\n","protected":false},"excerpt":{"rendered":"<h2>Parafuso Fixa\u00e7\u00e3o Estepe<\/h2>\n<h2>Renault Master<\/h2>\n<h2>Codigo:- 5000393065 c=98<\/h2>\n","protected":false},"featured_media":14041,"template":"","meta":{"_seopress_robots_primary_cat":"none","_seopress_titles_title":"","_seopress_titles_desc":"","_seopress_robots_index":"","_joinchat":[]},"product_cat":[1104],"product_tag":[81,152],"berocket_brand":[394],"_links":{"self":[{"href":"https:\/\/www.casadainjecao.com.br\/loja\/wp-json\/wp\/v2\/product\/14037"}],"collection":[{"href":"https:\/\/www.casadainjecao.com.br\/loja\/wp-json\/wp\/v2\/product"}],"about":[{"href":"https:\/\/www.casadainjecao.com.br\/loja\/wp-json\/wp\/v2\/types\/product"}],"wp:featuredmedia":[{"embeddable":true,"href":"https:\/\/www.casadainjecao.com.br\/loja\/wp-json\/wp\/v2\/media\/14041"}],"wp:attachment":[{"href":"https:\/\/www.casadainjecao.com.br\/loja\/wp-json\/wp\/v2\/media?parent=14037"}],"wp:term":[{"taxonomy":"product_cat","embeddable":true,"href":"https:\/\/www.casadainjecao.com.br\/loja\/wp-json\/wp\/v2\/product_cat?post=14037"},{"taxonomy":"product_tag","embeddable":true,"href":"https:\/\/www.casadainjecao.com.br\/loja\/wp-json\/wp\/v2\/product_tag?post=14037"},{"taxonomy":"berocket_brand","embeddable":true,"href":"https:\/\/www.casadainjecao.com.br\/loja\/wp-json\/wp\/v2\/berocket_brand?post=14037"}],"curies":[{"name":"wp","href":"https:\/\/api.w.org\/{rel}","templated":true}]}}