{"id":14071,"date":"2021-12-17T08:32:13","date_gmt":"2021-12-17T11:32:13","guid":{"rendered":"https:\/\/www.casadainjecao.com.br\/loja\/?post_type=product&#038;p=14071"},"modified":"2022-07-05T12:03:19","modified_gmt":"2022-07-05T15:03:19","slug":"mola-suspencao-dianteira-renault-symbol-8200914090","status":"publish","type":"product","link":"https:\/\/www.casadainjecao.com.br\/loja\/autopecas\/suspencao\/molas\/mola-suspencao-dianteira-renault-symbol-8200914090\/","title":{"rendered":"Mola de A\u00e7o Suspen\u00e7\u00e3o Dianteira Renault Symbol &#8211; 82"},"content":{"rendered":"<h1>Mola Suspen\u00e7\u00e3o Dianteira Renault Symbol &#8211; 8200914090<\/h1>\n","protected":false},"excerpt":{"rendered":"<h2>Mola de A\u00e7o Suspen\u00e7\u00e3o Dianteira<\/h2>\n<h2>Renault Symbol 08&gt;12<\/h2>\n<h2>Codigo:- 8200914090\/540109981r\u00a0 p=2<\/h2>\n","protected":false},"featured_media":14074,"template":"","meta":{"_seopress_robots_primary_cat":"none","_seopress_titles_title":"","_seopress_titles_desc":"","_seopress_robots_index":"","_joinchat":[]},"product_cat":[1160,1297,1149,1104],"product_tag":[49,89],"berocket_brand":[394],"_links":{"self":[{"href":"https:\/\/www.casadainjecao.com.br\/loja\/wp-json\/wp\/v2\/product\/14071"}],"collection":[{"href":"https:\/\/www.casadainjecao.com.br\/loja\/wp-json\/wp\/v2\/product"}],"about":[{"href":"https:\/\/www.casadainjecao.com.br\/loja\/wp-json\/wp\/v2\/types\/product"}],"wp:featuredmedia":[{"embeddable":true,"href":"https:\/\/www.casadainjecao.com.br\/loja\/wp-json\/wp\/v2\/media\/14074"}],"wp:attachment":[{"href":"https:\/\/www.casadainjecao.com.br\/loja\/wp-json\/wp\/v2\/media?parent=14071"}],"wp:term":[{"taxonomy":"product_cat","embeddable":true,"href":"https:\/\/www.casadainjecao.com.br\/loja\/wp-json\/wp\/v2\/product_cat?post=14071"},{"taxonomy":"product_tag","embeddable":true,"href":"https:\/\/www.casadainjecao.com.br\/loja\/wp-json\/wp\/v2\/product_tag?post=14071"},{"taxonomy":"berocket_brand","embeddable":true,"href":"https:\/\/www.casadainjecao.com.br\/loja\/wp-json\/wp\/v2\/berocket_brand?post=14071"}],"curies":[{"name":"wp","href":"https:\/\/api.w.org\/{rel}","templated":true}]}}