{"id":14075,"date":"2021-12-17T08:56:07","date_gmt":"2021-12-17T11:56:07","guid":{"rendered":"https:\/\/www.casadainjecao.com.br\/loja\/?post_type=product&#038;p=14075"},"modified":"2024-09-19T14:18:51","modified_gmt":"2024-09-19T17:18:51","slug":"bomba-de-oleo-motor-cummins-vw-ford-3930336","status":"publish","type":"product","link":"https:\/\/www.casadainjecao.com.br\/loja\/autopecas\/motor\/bombas\/bomba-de-oleo-motor-cummins-vw-ford-3930336\/","title":{"rendered":"Bomba de Ol\u00e9o Sabi Motor Cummins VW Ford &#8211; 3930336"},"content":{"rendered":"<h2>Bomba de Ol\u00e9o Motor Cummins<\/h2>\n<p><strong>FORD<\/strong> <strong>CARGO <\/strong><\/p>\n<p>Caminh\u00e3o 1422 (1992 a 2005)<\/p>\n<p>Caminh\u00e3o\u00a01617 (1992 a 2005)<\/p>\n<p>Caminh\u00e3o\u00a01622 (1992 a 2005)<\/p>\n<p>Caminh\u00e3o 1722 (1992 a 2005)<\/p>\n<p>Caminh\u00e3o 3530 (1992 a 2005)<\/p>\n<p>Caminh\u00e3o\u00a04030 (1992 a 2005)<\/p>\n<p>Caminh\u00e3o 4331 (1992 a 2005)<\/p>\n<p>Caminh\u00e3o 1630 (1992 a 2005)<\/p>\n<p>Caminh\u00e3o 1631 (1992 a 2005)<\/p>\n<p>Caminh\u00e3o 1731 (1992 a 2005)<\/p>\n<p>Caminh\u00e3o 2322 (1992 a 2005)<\/p>\n<p>Caminh\u00e3o 1422 (1992 a 2005)<\/p>\n<p>Caminh\u00e3o 1622 (1992 a 2005)<\/p>\n<p>Caminh\u00e3o 2422 (1992 a 2005)<\/p>\n<p>Caminh\u00e3o 2622 (1992 a 2005)<\/p>\n<p>Caminh\u00e3o 2425 (1992 a 2005)<\/p>\n<p>Caminh\u00e3o 2626 (1992 a 2005)<\/p>\n<p>Caminh\u00e3o 1630 (1992 a 2005)<\/p>\n<p>Caminh\u00e3o 1731 (1992 a 2005)<\/p>\n<p>Caminh\u00e3o 4030 (1992 a 2005)<\/p>\n<p>Caminh\u00e3o 2630 (1992 a 2005)<\/p>\n<p>Caminh\u00e3o 2631 (1992 a 2005)<\/p>\n<p>Caminh\u00e3o 4031 (1992 a 2005)<\/p>\n<p>Caminh\u00e3o 5031 (1992 a 2005)<\/p>\n<p>Caminh\u00e3o 1722 (1992 a 2005)<\/p>\n<p>Caminh\u00e3o 2631 (1992 a 2005)<\/p>\n<p>Caminh\u00e3o 4331 (1992 a 2005)<\/p>\n<p><strong>VOLKSWAGEN<\/strong><\/p>\n<p>Caminh\u00e3o 14210 (1988 a 2005)<\/p>\n<p>Caminh\u00e3o 14220 (1988 a 2005)<\/p>\n<p>Caminh\u00e3o 16220 (1988 a 2005)<\/p>\n<p>Caminh\u00e3o 24220 (1988 a 2005)<\/p>\n<p>caminh\u00e3o 24250 (1988 a 2005)<\/p>\n<p>Caminh\u00e3o 35300 (1988 a 2005)<\/p>\n<p>Caminh\u00e3o 16210 (1988 a 2005)<\/p>\n<p>Caminh\u00e3o 16170 (1988 a 2005)<\/p>\n<p>Caminh\u00e3o 16300 (1988 a 2005)<\/p>\n<p>Caminh\u00e3o 40300 (1988 a 2005)<\/p>\n<p>Caminh\u00e3o 17300 (1988 a 2005)<\/p>\n<p>Caminh\u00e3o 26300 (1988 a 2005)<\/p>\n<p>Caminh\u00e3o 17310 (1988 a 2005)<\/p>\n<p>Camimnh\u00e3o 26310 (1988 a 2005)<\/p>\n<p>Caminh\u00e3o 18300 (1988 a 2005)<\/p>\n<p>Caminh\u00e3o 18310OT (1988 a 2005)<\/p>\n<p>Caminh\u00e3o 17220 (1988 a 2005)<\/p>\n<p>Caminh\u00e3o 23310 (1988 a 2005)<\/p>\n<p>Caminh\u00e3o 26220 (1988 a 2005)<\/p>\n<h4>C\u00f3digo de Refer\u00eancia:<\/h4>\n<p>3930336, CM1000, 3937027, BF5T, 6600<\/p>\n<h4><strong>Condi\u00e7\u00f5es:<\/strong><\/h4>\n<p>Novo Original \/ Marca Sabi<\/p>\n<h4>Garantia:<\/h4>\n<p>3 Meses<strong>\u00a0<\/strong><\/p>\n<h3>ATEN\u00c7\u00c3O: Antes de efetuar a compra verifique o c\u00f3digo da sua pe\u00e7a que est\u00e1 instalada no seu ve\u00edculo.<\/h3>\n<h3><strong>APLICA\u00c7\u00c3O:<\/strong><\/h3>\n<p>Linha Ford\/ Volkswagen<\/p>\n<h4><strong>\u00a0O que \u00e9 e para que serve a Bomba de Ol\u00e9o?<\/strong><\/h4>\n<p>A principal fun\u00e7\u00e3o da bomba de \u00f3leo \u00e9 fornecer uma quantidade adequada de \u00f3leo para as diversas partes m\u00f3veis do motor, como pist\u00f5es, an\u00e9is, virabrequim e \u00e1rvores de comando de v\u00e1lvulas. O \u00f3leo de transporte forma uma pel\u00edcula protetora entre pe\u00e7as m\u00f3veis, resistentes ao atrito e ao desgaste.<\/p>\n<p>&nbsp;<\/p>\n<p>A Casa da Inje\u00e7\u00e3o oferece total garantia nos produtos comprados em nosso site.<\/p>\n<ol>\n<li>Cada item \u00e9 rigorosamente testado antes do envio<\/li>\n<li>Se os itens estiverem danificados ou parcialmente defeituosos, entre em contato conosco.<\/li>\n<\/ol>\n<p>Se houver qualquer defeito, n\u00f3s lhe enviaremos uma substitui\u00e7\u00e3o ap\u00f3s receber o pacote ou devolvemos seu dinheiro.<\/p>\n<p>Leia nossa\u00a0<span style=\"color: #ff0000;\"><a style=\"color: #ff0000;\" href=\"https:\/\/www.casadainjecao.com.br\/loja\/politica-de-devolucao\">pol\u00edtica de devolu\u00e7\u00e3o aqui<\/a><\/span><\/p>\n<p>\u2014\u2014\u2014\u2014\u2014\u2014\u2014\u2014\u2014\u2014\u2014\u2014\u2014\u2014\u2014\u2014\u2014\u2014\u2014\u2013<\/p>\n<p><strong>Tem alguma d\u00favida?<\/strong><\/p>\n<p>Entre em contato que podemos ajudar!<\/p>\n<p>Confira as informa\u00e7\u00f5es adicionais abaixo:<\/p>\n<ul>\n<li>Todos os nossos produtos s\u00e3o novos, semi-novos, originais e paralelos possuem garantia.<\/li>\n<li>Todos os produtos anunciados est\u00e3o dispon\u00edveis em estoque e s\u00e3o enviados com extrema rapidez.<\/li>\n<li>O frete pode ser simulado antes de efetuar a compra, basta clicar em \u201cver custos de envio\u201d.<\/li>\n<li>Verifique o endere\u00e7o de entrega cadastrado e atualize caso necess\u00e1rio.<\/li>\n<li>Confirme se a pe\u00e7a \u00e9 correta para o seu modelo de ve\u00edculo.<\/li>\n<li>Para pe\u00e7as automotivas, recomendamos a instala\u00e7\u00e3o por um profissional especializado.<\/li>\n<\/ul>\n<p>Caso possua outras d\u00favidas, entre em contato.<\/p>\n","protected":false},"excerpt":{"rendered":"<h2>Bomba de Ol\u00e9o Motor Cummins 4B\/BT\/BTA\/BTAA 39303336 &#8211; Volkswagen Ford Cargo<\/h2>\n","protected":false},"featured_media":27729,"template":"","meta":{"_seopress_robots_primary_cat":"none","_seopress_titles_title":"","_seopress_titles_desc":"","_seopress_robots_index":"","_joinchat":[]},"product_cat":[195,22],"product_tag":[995,1398],"berocket_brand":[384,396],"_links":{"self":[{"href":"https:\/\/www.casadainjecao.com.br\/loja\/wp-json\/wp\/v2\/product\/14075"}],"collection":[{"href":"https:\/\/www.casadainjecao.com.br\/loja\/wp-json\/wp\/v2\/product"}],"about":[{"href":"https:\/\/www.casadainjecao.com.br\/loja\/wp-json\/wp\/v2\/types\/product"}],"wp:featuredmedia":[{"embeddable":true,"href":"https:\/\/www.casadainjecao.com.br\/loja\/wp-json\/wp\/v2\/media\/27729"}],"wp:attachment":[{"href":"https:\/\/www.casadainjecao.com.br\/loja\/wp-json\/wp\/v2\/media?parent=14075"}],"wp:term":[{"taxonomy":"product_cat","embeddable":true,"href":"https:\/\/www.casadainjecao.com.br\/loja\/wp-json\/wp\/v2\/product_cat?post=14075"},{"taxonomy":"product_tag","embeddable":true,"href":"https:\/\/www.casadainjecao.com.br\/loja\/wp-json\/wp\/v2\/product_tag?post=14075"},{"taxonomy":"berocket_brand","embeddable":true,"href":"https:\/\/www.casadainjecao.com.br\/loja\/wp-json\/wp\/v2\/berocket_brand?post=14075"}],"curies":[{"name":"wp","href":"https:\/\/api.w.org\/{rel}","templated":true}]}}