{"id":14090,"date":"2021-12-17T12:08:54","date_gmt":"2021-12-17T15:08:54","guid":{"rendered":"https:\/\/www.casadainjecao.com.br\/loja\/?post_type=product&#038;p=14090"},"modified":"2026-03-10T15:39:31","modified_gmt":"2026-03-10T18:39:31","slug":"suporte-plastico-caixa-de-fusil-renault-master-7703297576","status":"publish","type":"product","link":"https:\/\/www.casadainjecao.com.br\/loja\/autopecas\/suspencao\/suporte-plastico-caixa-de-fusil-renault-master-7703297576\/","title":{"rendered":"Suporte Plastico Caixa de Fusil Renault Master &#8211; 77032"},"content":{"rendered":"<h2>Suporte Plastico Caixa de Fusil<\/h2>\n<p>&nbsp;<\/p>\n<h3 data-start=\"232\" data-end=\"253\">Renault Master II<\/h3>\n<ul data-start=\"254\" data-end=\"267\">\n<li data-start=\"254\" data-end=\"267\">\n<p data-start=\"256\" data-end=\"267\">2002 2003 2004 2005 2006 2007 2008 2009 2010 2011 2012 2013<\/p>\n<\/li>\n<\/ul>\n<h3 data-start=\"269\" data-end=\"291\">Renault Master III<\/h3>\n<ul data-start=\"292\" data-end=\"338\">\n<li data-start=\"292\" data-end=\"338\">\n<p data-start=\"294\" data-end=\"338\">2014 em diante (algumas vers\u00f5es \u2014 verificar)<\/p>\n<\/li>\n<\/ul>\n<p>&nbsp;<\/p>\n<p>&nbsp;<\/p>\n<h2>Codigo:\u00a0 7703297576<\/h2>\n<p>&nbsp;<\/p>\n<p>Condi\u00e7\u00e3o do item: Novo<\/p>\n<p>Marca: Renault<\/p>\n<p>garantia: 3 meses<\/p>\n<p><strong data-start=\"861\" data-end=\"874\">Material:<\/strong>\u00a0Pl\u00e1stico de alta resist\u00eancia<\/p>\n<p>&nbsp;<\/p>\n<p>ATEN\u00c7\u00c3O: Antes de efetuar a compra verifique o c\u00f3digo da sua pe\u00e7a que est\u00e1 instalado no seu ve\u00edculo. e confirme se corresponde ao c\u00f3digo informado neste an\u00fancio.<\/p>\n<p>Em caso de d\u00favida, utilize o campo de perguntas.<\/p>\n<p>&nbsp;<\/p>\n<p>N\u00e3o acompanha os conectores de Metal<\/p>\n<p>&nbsp;<\/p>\n<p>Suporte pl\u00e1stico da caixa de fus\u00edveis respons\u00e1vel pela fixa\u00e7\u00e3o e posicionamento correto do conjunto el\u00e9trico do ve\u00edculo.<\/p>\n<p>&nbsp;<\/p>\n<p>&nbsp;<\/p>\n<p>A Casa da Inje\u00e7\u00e3o oferece total garantia nos produtos comprados em nosso site.<br \/>\nCada item \u00e9 rigorosamente testado antes do envio<br \/>\nSe os itens estiverem danificados ou parcialmente defeituosos, entre em contato conosco.<br \/>\nProcure um profissional devidamente licenciado para a instala\u00e7\u00e3o e fa\u00e7a revis\u00f5es periodicamente. A empresa n\u00e3o se responsabiliza por problemas oriundos da m\u00e1 instala\u00e7\u00e3o ou com a falta de cuidados peri\u00f3dicos dos componentes.<br \/>\nSe houver qualquer defeito, n\u00f3s lhe enviaremos uma substitui\u00e7\u00e3o ap\u00f3s receber o pacote ou devolvemos seu dinheiro.<br \/>\nLeia nossa pol\u00edtica de devolu\u00e7\u00e3o aqui<br \/>\nTem alguma d\u00favida?<br \/>\nEntre em contato que podemos ajudar!<br \/>\nConfira as informa\u00e7\u00f5es adicionais abaixo:<br \/>\nTodos os nossos produtos s\u00e3o novos, semi-novos, originais e paralelos possuem garantia.<br \/>\nTodos os produtos anunciados est\u00e3o dispon\u00edveis em estoque e s\u00e3o enviados com extrema rapidez.<br \/>\nO frete pode ser simulado antes de efetuar a compra, basta clicar em \u201cver custos de envio\u201d.<br \/>\nVerifique o endere\u00e7o de entrega cadastrado e atualize caso necess\u00e1rio.<br \/>\nConfirme se a pe\u00e7a \u00e9 correta para o seu modelo de ve\u00edculo.<br \/>\nPara pe\u00e7as automotivas, recomendamos a instala\u00e7\u00e3o por um profissional especializado.<br \/>\nCaso possua outras d\u00favidas, entre em contato.<\/p>\n<p>&nbsp;<\/p>\n","protected":false},"excerpt":{"rendered":"<h1>Suporte Plastico Caixa de Fusil Renault Master &#8211; 7703297576<\/h1>\n<p>&nbsp;<\/p>\n","protected":false},"featured_media":44701,"template":"","meta":{"_seopress_robots_primary_cat":"none","_seopress_titles_title":"","_seopress_titles_desc":"","_seopress_robots_index":"","_kad_blocks_custom_css":"","_kad_blocks_head_custom_js":"","_kad_blocks_body_custom_js":"","_kad_blocks_footer_custom_js":"","_joinchat":[]},"product_cat":[1104],"product_tag":[49,57,81,50],"berocket_brand":[394],"taxonomy_info":{"product_cat":[{"value":1104,"label":"Suspen\u00e7\u00e3o"}],"product_tag":[{"value":49,"label":"Clio"},{"value":57,"label":"Kangoo"},{"value":81,"label":"Master"},{"value":50,"label":"Megane"}],"berocket_brand":[{"value":394,"label":"Renault"}]},"featured_image_src_large":["https:\/\/www.casadainjecao.com.br\/loja\/wp-content\/uploads\/2021\/12\/7576-1-920x920.jpg",640,640,true],"author_info":[],"comment_info":"","_links":{"self":[{"href":"https:\/\/www.casadainjecao.com.br\/loja\/wp-json\/wp\/v2\/product\/14090"}],"collection":[{"href":"https:\/\/www.casadainjecao.com.br\/loja\/wp-json\/wp\/v2\/product"}],"about":[{"href":"https:\/\/www.casadainjecao.com.br\/loja\/wp-json\/wp\/v2\/types\/product"}],"wp:featuredmedia":[{"embeddable":true,"href":"https:\/\/www.casadainjecao.com.br\/loja\/wp-json\/wp\/v2\/media\/44701"}],"wp:attachment":[{"href":"https:\/\/www.casadainjecao.com.br\/loja\/wp-json\/wp\/v2\/media?parent=14090"}],"wp:term":[{"taxonomy":"product_cat","embeddable":true,"href":"https:\/\/www.casadainjecao.com.br\/loja\/wp-json\/wp\/v2\/product_cat?post=14090"},{"taxonomy":"product_tag","embeddable":true,"href":"https:\/\/www.casadainjecao.com.br\/loja\/wp-json\/wp\/v2\/product_tag?post=14090"},{"taxonomy":"berocket_brand","embeddable":true,"href":"https:\/\/www.casadainjecao.com.br\/loja\/wp-json\/wp\/v2\/berocket_brand?post=14090"}],"curies":[{"name":"wp","href":"https:\/\/api.w.org\/{rel}","templated":true}]}}