{"id":14099,"date":"2021-12-17T12:41:09","date_gmt":"2021-12-17T15:41:09","guid":{"rendered":"https:\/\/www.casadainjecao.com.br\/loja\/?post_type=product&#038;p=14099"},"modified":"2026-02-12T13:16:52","modified_gmt":"2026-02-12T16:16:52","slug":"suporte-plastico-pedal-renault-clio-7700431362","status":"publish","type":"product","link":"https:\/\/www.casadainjecao.com.br\/loja\/autopecas\/interior\/pedal-acelerador\/suporte-plastico-pedal-renault-clio-7700431362\/","title":{"rendered":"Suporte Plastico Pedal Renault Clio &#8211; 7700431362"},"content":{"rendered":"<h1>Suporte Plastico Pedal Renault Clio &#8211; 7700431362<\/h1>\n","protected":false},"excerpt":{"rendered":"<h2>Suporte Plastico Pedal<\/h2>\n<p>&nbsp;<\/p>\n<h3 data-start=\"519\" data-end=\"574\"><strong data-start=\"525\" data-end=\"574\">Renault Clio (primeira gera\u00e7\u00e3o e posteriores)<\/strong><\/h3>\n<p data-start=\"575\" data-end=\"772\">\u2714\ufe0f <strong data-start=\"578\" data-end=\"616\">Renault Clio Hatch \/ Sedan \/ Wagon<\/strong><br data-start=\"616\" data-end=\"619\" \/>\u2714\ufe0f <strong data-start=\"622\" data-end=\"643\">Anos compat\u00edveis:<\/strong><br data-start=\"643\" data-end=\"646\" \/>\ud83d\udc49 Aproximadamente <strong data-start=\"665\" data-end=\"680\">1999 2000 2001 2002 2003 2004 2005 2006 2007 2008 2009 2010 2011 2012<\/strong><\/p>\n<h2>Codigo:\u00a0 7700431362<\/h2>\n<h3>Condi\u00e7\u00e3o do item: Novo<\/h3>\n<h3>Marca: Renault<\/h3>\n<p>garantia: 3 meses<\/p>\n<p>ATEN\u00c7\u00c3O: Antes de efetuar a compra verifique o c\u00f3digo da sua pe\u00e7a que est\u00e1 instalado no seu ve\u00edculo. e confirme se corresponde ao c\u00f3digo informado neste an\u00fancio.<br \/>\nEm caso de d\u00favida, utilize o campo de perguntas.<\/p>\n<p>&nbsp;<\/p>\n<p>A pe\u00e7a pode ser usada em <strong data-start=\"1059\" data-end=\"1080\">diferentes pedais<\/strong> (embreagem\/freio\/acelerador) dependendo da posi\u00e7\u00e3o\/montagem \u2014 antes de instalar, confira se a montante original tem o mesmo formato e posi\u00e7\u00e3o de encaixe.<br data-start=\"1234\" data-end=\"1237\" \/>\u00a0Embora muitos Clio utilizem o <strong data-start=\"1270\" data-end=\"1312\">mesmo suporte pl\u00e1stico com esse c\u00f3digo<\/strong>, sempre confirme o <strong data-start=\"1332\" data-end=\"1367\">c\u00f3digo estampado na pe\u00e7a antiga<\/strong> ou no cat\u00e1logo do ve\u00edculo.<br data-start=\"1394\" data-end=\"1397\" \/>\u00a0Em carros com vers\u00f5es diferentes de pedal (por exemplo: Clio com pedal met\u00e1lico vs pl\u00e1stico refor\u00e7ado) pode haver varia\u00e7\u00e3o \u2014 por isso \u00e9 bom <strong data-start=\"1540\" data-end=\"1564\">comparar visualmente<\/strong> antes da instala\u00e7\u00e3o.<\/p>\n<p>&nbsp;<\/p>\n<p>&nbsp;<\/p>\n<p>&nbsp;<\/p>\n<p>A Casa da Inje\u00e7\u00e3o oferece total garantia nos produtos comprados em nosso site.<br \/>\nCada item \u00e9 rigorosamente testado antes do envio<br \/>\nSe os itens estiverem danificados ou parcialmente defeituosos, entre em contato conosco.<br \/>\nProcure um profissional devidamente licenciado para a instala\u00e7\u00e3o e fa\u00e7a revis\u00f5es periodicamente. A empresa n\u00e3o se responsabiliza por problemas oriundos da m\u00e1 instala\u00e7\u00e3o ou com a falta de cuidados peri\u00f3dicos dos componentes.<br \/>\nSe houver qualquer defeito, n\u00f3s lhe enviaremos uma substitui\u00e7\u00e3o ap\u00f3s receber o pacote ou devolvemos seu dinheiro.<br \/>\nLeia nossa pol\u00edtica de devolu\u00e7\u00e3o aqui<br \/>\nTem alguma d\u00favida?<br \/>\nEntre em contato que podemos ajudar!<br \/>\nConfira as informa\u00e7\u00f5es adicionais abaixo:<br \/>\nTodos os nossos produtos s\u00e3o novos, semi-novos, originais e paralelos possuem garantia.<br \/>\nTodos os produtos anunciados est\u00e3o dispon\u00edveis em estoque e s\u00e3o enviados com extrema rapidez.<br \/>\nO frete pode ser simulado antes de efetuar a compra, basta clicar em \u201cver custos de envio\u201d.<br \/>\nVerifique o endere\u00e7o de entrega cadastrado e atualize caso necess\u00e1rio.<br \/>\nConfirme se a pe\u00e7a \u00e9 correta para o seu modelo de ve\u00edculo.<br \/>\nPara pe\u00e7as automotivas, recomendamos a instala\u00e7\u00e3o por um profissional especializado.<br \/>\nCaso possua outras d\u00favidas, entre em contato.<\/p>\n","protected":false},"featured_media":44113,"template":"","meta":{"_seopress_robots_primary_cat":"none","_seopress_titles_title":"","_seopress_titles_desc":"","_seopress_robots_index":"","_joinchat":[]},"product_cat":[24,353,354,1097],"product_tag":[49],"berocket_brand":[394],"_links":{"self":[{"href":"https:\/\/www.casadainjecao.com.br\/loja\/wp-json\/wp\/v2\/product\/14099"}],"collection":[{"href":"https:\/\/www.casadainjecao.com.br\/loja\/wp-json\/wp\/v2\/product"}],"about":[{"href":"https:\/\/www.casadainjecao.com.br\/loja\/wp-json\/wp\/v2\/types\/product"}],"wp:featuredmedia":[{"embeddable":true,"href":"https:\/\/www.casadainjecao.com.br\/loja\/wp-json\/wp\/v2\/media\/44113"}],"wp:attachment":[{"href":"https:\/\/www.casadainjecao.com.br\/loja\/wp-json\/wp\/v2\/media?parent=14099"}],"wp:term":[{"taxonomy":"product_cat","embeddable":true,"href":"https:\/\/www.casadainjecao.com.br\/loja\/wp-json\/wp\/v2\/product_cat?post=14099"},{"taxonomy":"product_tag","embeddable":true,"href":"https:\/\/www.casadainjecao.com.br\/loja\/wp-json\/wp\/v2\/product_tag?post=14099"},{"taxonomy":"berocket_brand","embeddable":true,"href":"https:\/\/www.casadainjecao.com.br\/loja\/wp-json\/wp\/v2\/berocket_brand?post=14099"}],"curies":[{"name":"wp","href":"https:\/\/api.w.org\/{rel}","templated":true}]}}