{"id":14131,"date":"2021-12-18T10:36:01","date_gmt":"2021-12-18T13:36:01","guid":{"rendered":"https:\/\/www.casadainjecao.com.br\/loja\/?post_type=product&#038;p=14131"},"modified":"2026-02-20T08:14:21","modified_gmt":"2026-02-20T11:14:21","slug":"filtro-de-ar-carvao-ativado-citroen-berlingo-xsara-k523","status":"publish","type":"product","link":"https:\/\/www.casadainjecao.com.br\/loja\/autopecas\/ar-condicionado\/filtro\/filtro-de-ar-carvao-ativado-citroen-berlingo-xsara-k523\/","title":{"rendered":"Filtro de Ar Carv\u00e3o Ativado Citroen Berlingo Xsara  &#8211;"},"content":{"rendered":"<h2 class=\"QN2lPu\">Filtro de Ar Carv\u00e3o Ativado 197x219x30<\/h2>\n<p>&nbsp;<\/p>\n<h3 class=\"QN2lPu\">RENAULT SC\u00c9NIC &#8211; 1999\u00a0 2000\u00a0 2001\u00a0 2002\u00a0 2003\u00a0 2004\u00a0 2005\u00a0 2006\u00a0 2007\u00a0 2008\u00a0 2009\u00a0 2010<\/h3>\n<h3 class=\"QN2lPu\"><\/h3>\n<h3 class=\"QN2lPu\">RENAULT M\u00c9GANE (1\u00aa gera\u00e7\u00e3o) &#8211;\u00a0 1999\u00a0 2000\u00a0 2001\u00a0 2002\u00a0 \u00a02003\u00a0 2004\u00a0 2005\u00a0 2006<\/h3>\n<h3 class=\"QN2lPu\">Codigo: K599<\/h3>\n<h3 class=\"QN2lPu\"><\/h3>\n<h3 class=\"QN2lPu\">Condi\u00e7\u00e3o do item: Novo<\/h3>\n<h3 class=\"QN2lPu\"><\/h3>\n<h3 class=\"QN2lPu\">Marca: Renault<\/h3>\n<h3 class=\"QN2lPu\"><\/h3>\n<h3 class=\"QN2lPu\">garantia: 3 meses<\/h3>\n<h3 class=\"QN2lPu\"><\/h3>\n<h3 class=\"QN2lPu\">ATEN\u00c7\u00c3O: Antes de efetuar a compra verifique o c\u00f3digo da sua pe\u00e7a que est\u00e1 instalado no seu ve\u00edculo. e confirme se corresponde ao c\u00f3digo informado neste an\u00fancio.<\/h3>\n<h3 class=\"QN2lPu\">Em caso de d\u00favida, utilize o campo de perguntas.<\/h3>\n","protected":false},"excerpt":{"rendered":"<h1>Filtro de Ar Carv\u00e3o Ativado Citroen Berlingo Xsara &#8211; K52<\/h1>\n","protected":false},"featured_media":44191,"template":"","meta":{"_seopress_robots_primary_cat":"none","_seopress_titles_title":"","_seopress_titles_desc":"","_seopress_robots_index":"","_joinchat":[]},"product_cat":[16,1253,1311],"product_tag":[1404,51,131],"berocket_brand":[382,393,394],"_links":{"self":[{"href":"https:\/\/www.casadainjecao.com.br\/loja\/wp-json\/wp\/v2\/product\/14131"}],"collection":[{"href":"https:\/\/www.casadainjecao.com.br\/loja\/wp-json\/wp\/v2\/product"}],"about":[{"href":"https:\/\/www.casadainjecao.com.br\/loja\/wp-json\/wp\/v2\/types\/product"}],"wp:featuredmedia":[{"embeddable":true,"href":"https:\/\/www.casadainjecao.com.br\/loja\/wp-json\/wp\/v2\/media\/44191"}],"wp:attachment":[{"href":"https:\/\/www.casadainjecao.com.br\/loja\/wp-json\/wp\/v2\/media?parent=14131"}],"wp:term":[{"taxonomy":"product_cat","embeddable":true,"href":"https:\/\/www.casadainjecao.com.br\/loja\/wp-json\/wp\/v2\/product_cat?post=14131"},{"taxonomy":"product_tag","embeddable":true,"href":"https:\/\/www.casadainjecao.com.br\/loja\/wp-json\/wp\/v2\/product_tag?post=14131"},{"taxonomy":"berocket_brand","embeddable":true,"href":"https:\/\/www.casadainjecao.com.br\/loja\/wp-json\/wp\/v2\/berocket_brand?post=14131"}],"curies":[{"name":"wp","href":"https:\/\/api.w.org\/{rel}","templated":true}]}}