{"id":14243,"date":"2021-12-19T16:35:11","date_gmt":"2021-12-19T19:35:11","guid":{"rendered":"https:\/\/www.casadainjecao.com.br\/loja\/?post_type=product&#038;p=14243"},"modified":"2023-06-29T20:06:35","modified_gmt":"2023-06-29T23:06:35","slug":"modulo-air-bag-renault-logan-285584207r","status":"publish","type":"product","link":"https:\/\/www.casadainjecao.com.br\/loja\/autopecas\/interior\/airbag\/modulo-air-bag-renault-logan-285584207r\/","title":{"rendered":"Modulo Air Bag Renault Logan &#8211; 285584207r"},"content":{"rendered":"<h1>Modulo Air Bag Renault Logan &#8211; 285584207r<\/h1>\n","protected":false},"excerpt":{"rendered":"<h2>Modulo Airbag<\/h2>\n<h2>Renault Logan<\/h2>\n<h2>Codigo:- 285584207r\/285580347r\u00a0 c=98<\/h2>\n<p>&nbsp;<\/p>\n<p>&nbsp;<\/p>\n<p>&nbsp;<\/p>\n","protected":false},"featured_media":14601,"template":"","meta":{"_seopress_robots_primary_cat":"none","_seopress_titles_title":"","_seopress_titles_desc":"","_seopress_robots_index":"","_seopress_analysis_target_kw":"","_kad_blocks_custom_css":"","_kad_blocks_head_custom_js":"","_kad_blocks_body_custom_js":"","_kad_blocks_footer_custom_js":"","_kadence_starter_templates_imported_post":false,"_joinchat":[]},"product_brand":[],"product_cat":[1303,17,21,24,264,138],"product_tag":[66],"berocket_brand":[394],"class_list":{"0":"post-14243","1":"product","2":"type-product","3":"status-publish","4":"has-post-thumbnail","6":"product_cat-airbag","7":"product_cat-eletrica","8":"product_cat-injecao-eletronica","9":"product_cat-interior","10":"product_cat-modulo-de-injecao","11":"product_cat-modulos","12":"product_tag-logan","13":"berocket_brand-renault","14":"thunk-woo-product-list","15":"big-store-woo-hover-zoom","16":"open-single-product-tab-horizontal","17":"open-shadow-","18":"open-shadow-hover-","20":"first","21":"outofstock","22":"sale","23":"taxable","24":"shipping-taxable","25":"purchasable","26":"product-type-simple"},"taxonomy_info":{"product_cat":[{"value":1303,"label":"Airbag"},{"value":17,"label":"El\u00e9trica"},{"value":21,"label":"Inje\u00e7\u00e3o Eletr\u00f4nica"},{"value":24,"label":"Interior"},{"value":264,"label":"Modulo de Inje\u00e7\u00e3o"},{"value":138,"label":"Modulos"}],"product_tag":[{"value":66,"label":"Logan"}],"berocket_brand":[{"value":394,"label":"Renault"}]},"featured_image_src_large":["https:\/\/www.casadainjecao.com.br\/loja\/wp-content\/uploads\/2021\/12\/285584207r-Modulo-Air-Bag-Renault-Logan-900x675.jpg",640,480,true],"author_info":[],"comment_info":"","_links":{"self":[{"href":"https:\/\/www.casadainjecao.com.br\/loja\/wp-json\/wp\/v2\/product\/14243","targetHints":{"allow":["GET"]}}],"collection":[{"href":"https:\/\/www.casadainjecao.com.br\/loja\/wp-json\/wp\/v2\/product"}],"about":[{"href":"https:\/\/www.casadainjecao.com.br\/loja\/wp-json\/wp\/v2\/types\/product"}],"wp:featuredmedia":[{"embeddable":true,"href":"https:\/\/www.casadainjecao.com.br\/loja\/wp-json\/wp\/v2\/media\/14601"}],"wp:attachment":[{"href":"https:\/\/www.casadainjecao.com.br\/loja\/wp-json\/wp\/v2\/media?parent=14243"}],"wp:term":[{"taxonomy":"product_brand","embeddable":true,"href":"https:\/\/www.casadainjecao.com.br\/loja\/wp-json\/wp\/v2\/product_brand?post=14243"},{"taxonomy":"product_cat","embeddable":true,"href":"https:\/\/www.casadainjecao.com.br\/loja\/wp-json\/wp\/v2\/product_cat?post=14243"},{"taxonomy":"product_tag","embeddable":true,"href":"https:\/\/www.casadainjecao.com.br\/loja\/wp-json\/wp\/v2\/product_tag?post=14243"},{"taxonomy":"berocket_brand","embeddable":true,"href":"https:\/\/www.casadainjecao.com.br\/loja\/wp-json\/wp\/v2\/berocket_brand?post=14243"}],"curies":[{"name":"wp","href":"https:\/\/api.w.org\/{rel}","templated":true}]}}