{"id":14280,"date":"2021-12-20T11:24:15","date_gmt":"2021-12-20T14:24:15","guid":{"rendered":"https:\/\/www.casadainjecao.com.br\/loja\/?post_type=product&#038;p=14280"},"modified":"2026-02-25T10:38:12","modified_gmt":"2026-02-25T13:38:12","slug":"sirene-do-alarme-renault-megane-fluence-256400001r","status":"publish","type":"product","link":"https:\/\/www.casadainjecao.com.br\/loja\/autopecas\/eletrica\/alarmes\/sirene-do-alarme-renault-megane-fluence-256400001r\/","title":{"rendered":"Sirene do Alarme Renault Megane Fluence &#8211; 256400001r"},"content":{"rendered":"<h2>Sirene do Alarme<\/h2>\n<p>&nbsp;<\/p>\n<p>&nbsp;<\/p>\n<p>&nbsp;<\/p>\n<h2>RENAULT<\/h2>\n<h2>Renault Zo\u00e9 El\u00e9trico &#8211; 2001 2002 2003 2004 2005 2006 2007 2008 2009 2010 2011 2012 2013 2014 2015 2016 2017 2018 2019<\/h2>\n<h2>Renault Fluence Dynamique flex, Expression, Extreme, Privil\u00e9ge 1.6 16v &#8211; 2001 2002 2003 2004 2005 2006 2007 2008 2009 2010 2011 2012 2013 2014 2015\u00a0 2016<\/h2>\n<h2>Renault Captur Intense flex, Zen 1.0 16v 2.0 16v &#8211; 2001 2002 2003 2004 2005 2006 2007 2008 2009 2010 2011 2012 2013 2014 2015 2016 2017 2018 2019 2020<\/h2>\n<p>&nbsp;<\/p>\n<h2>C\u00f3digo de Refer\u00eancia:<\/h2>\n<h2>256400001r<\/h2>\n<p>&nbsp;<\/p>\n<h2>Condi\u00e7\u00f5es:<\/h2>\n<h2>Produto Novo \/ Marca Renault<\/h2>\n<p>&nbsp;<\/p>\n<h2>Garantia:<\/h2>\n<h2>3Meses<\/h2>\n<h2><\/h2>\n<p>ATEN\u00c7\u00c3O: Antes de efetuar a compra verifique o c\u00f3digo da sua pe\u00e7a que est\u00e1 instalada no seu ve\u00edculo.<\/p>\n<p>O que \u00e9 e para que serve a Sirene Do Alarme?<\/p>\n<p>&nbsp;<\/p>\n<p>A Sirene de alarme \u00e9 um dispositivo sonoro usado para alertar ou chamar a aten\u00e7\u00e3o em situa\u00e7\u00f5es espec\u00edficas. Ela \u00e9 comumente associada a sistemas de seguran\u00e7a e alarme, desempenhando a fun\u00e7\u00e3o de notificar sobre eventos indesejados.<\/p>\n<p>&nbsp;<\/p>\n<p>&nbsp;<\/p>\n<p>A Casa da Inje\u00e7\u00e3o oferece total garantia nos produtos comprados em nosso site.<br \/>\nCada item \u00e9 rigorosamente testado antes do envio<br \/>\nSe os itens estiverem danificados ou parcialmente defeituosos, entre em contato conosco.<br \/>\nProcure um profissional devidamente licenciado para a instala\u00e7\u00e3o e fa\u00e7a revis\u00f5es periodicamente. A empresa n\u00e3o se responsabiliza por problemas oriundos da m\u00e1 instala\u00e7\u00e3o ou com a falta de cuidados peri\u00f3dicos dos componentes.<br \/>\nSe houver qualquer defeito, n\u00f3s lhe enviaremos uma substitui\u00e7\u00e3o ap\u00f3s receber o pacote ou devolvemos seu dinheiro.<br \/>\nLeia nossa pol\u00edtica de devolu\u00e7\u00e3o aqui<br \/>\nTem alguma d\u00favida?<br \/>\nEntre em contato que podemos ajudar!<br \/>\nConfira as informa\u00e7\u00f5es adicionais abaixo:<br \/>\nTodos os nossos produtos s\u00e3o novos, semi-novos, originais e paralelos possuem garantia.<br \/>\nTodos os produtos anunciados est\u00e3o dispon\u00edveis em estoque e s\u00e3o enviados com extrema rapidez.<br \/>\nO frete pode ser simulado antes de efetuar a compra, basta clicar em \u201cver custos de envio\u201d.<br \/>\nVerifique o endere\u00e7o de entrega cadastrado e atualize caso necess\u00e1rio.<br \/>\nConfirme se a pe\u00e7a \u00e9 correta para o seu modelo de ve\u00edculo.<br \/>\nPara pe\u00e7as automotivas, recomendamos a instala\u00e7\u00e3o por um profissional especializado.<br \/>\nCaso possua outras d\u00favidas, entre em contato.<\/p>\n","protected":false},"excerpt":{"rendered":"<h1>Sirene do Alarme Renault Megane Fluence &#8211; 256400001r<\/h1>\n","protected":false},"featured_media":14285,"template":"","meta":{"_seopress_robots_primary_cat":"none","_seopress_titles_title":"","_seopress_titles_desc":"","_seopress_robots_index":"","_seopress_analysis_target_kw":"","_kad_blocks_custom_css":"","_kad_blocks_head_custom_js":"","_kad_blocks_body_custom_js":"","_kad_blocks_footer_custom_js":"","_kadence_starter_templates_imported_post":false,"_joinchat":[]},"product_brand":[],"product_cat":[1283,17],"product_tag":[173,49,1262,51],"berocket_brand":[394],"class_list":{"0":"post-14280","1":"product","2":"type-product","3":"status-publish","4":"has-post-thumbnail","6":"product_cat-alarmes","7":"product_cat-eletrica","8":"product_tag-captur","9":"product_tag-clio","10":"product_tag-fluence-megane","11":"product_tag-scenic","12":"berocket_brand-renault","13":"thunk-woo-product-list","14":"big-store-woo-hover-zoom","15":"open-single-product-tab-horizontal","16":"open-shadow-","17":"open-shadow-hover-","19":"first","20":"instock","21":"sale","22":"taxable","23":"shipping-taxable","24":"purchasable","25":"product-type-simple"},"taxonomy_info":{"product_cat":[{"value":1283,"label":"Alarmes"},{"value":17,"label":"El\u00e9trica"}],"product_tag":[{"value":173,"label":"Captur"},{"value":49,"label":"Clio"},{"value":1262,"label":"Fluence Megane"},{"value":51,"label":"Scenic"}],"berocket_brand":[{"value":394,"label":"Renault"}]},"featured_image_src_large":["https:\/\/www.casadainjecao.com.br\/loja\/wp-content\/uploads\/2021\/12\/Sirene_do_Alarme_Renault_Megane_Fluence_-_256400001rb.png",433,577,false],"author_info":[],"comment_info":"","_links":{"self":[{"href":"https:\/\/www.casadainjecao.com.br\/loja\/wp-json\/wp\/v2\/product\/14280","targetHints":{"allow":["GET"]}}],"collection":[{"href":"https:\/\/www.casadainjecao.com.br\/loja\/wp-json\/wp\/v2\/product"}],"about":[{"href":"https:\/\/www.casadainjecao.com.br\/loja\/wp-json\/wp\/v2\/types\/product"}],"wp:featuredmedia":[{"embeddable":true,"href":"https:\/\/www.casadainjecao.com.br\/loja\/wp-json\/wp\/v2\/media\/14285"}],"wp:attachment":[{"href":"https:\/\/www.casadainjecao.com.br\/loja\/wp-json\/wp\/v2\/media?parent=14280"}],"wp:term":[{"taxonomy":"product_brand","embeddable":true,"href":"https:\/\/www.casadainjecao.com.br\/loja\/wp-json\/wp\/v2\/product_brand?post=14280"},{"taxonomy":"product_cat","embeddable":true,"href":"https:\/\/www.casadainjecao.com.br\/loja\/wp-json\/wp\/v2\/product_cat?post=14280"},{"taxonomy":"product_tag","embeddable":true,"href":"https:\/\/www.casadainjecao.com.br\/loja\/wp-json\/wp\/v2\/product_tag?post=14280"},{"taxonomy":"berocket_brand","embeddable":true,"href":"https:\/\/www.casadainjecao.com.br\/loja\/wp-json\/wp\/v2\/berocket_brand?post=14280"}],"curies":[{"name":"wp","href":"https:\/\/api.w.org\/{rel}","templated":true}]}}