{"id":14328,"date":"2021-12-21T13:26:54","date_gmt":"2021-12-21T16:26:54","guid":{"rendered":"https:\/\/www.casadainjecao.com.br\/loja\/?post_type=product&#038;p=14328"},"modified":"2026-03-30T13:30:39","modified_gmt":"2026-03-30T16:30:39","slug":"sensor-temperatura-renault-laguna-7700869343","status":"publish","type":"product","link":"https:\/\/www.casadainjecao.com.br\/loja\/autopecas\/suspencao\/sensor-temperatura-renault-laguna-7700869343\/","title":{"rendered":"Sensor Temperatura Renault Laguna &#8211; 7700869343"},"content":{"rendered":"<h2>Sensor Temperatura<\/h2>\n<ul>\n<li data-section-id=\"zi6k4i\" data-start=\"232\" data-end=\"307\"><span class=\"hover:entity-accent entity-underline inline cursor-pointer align-baseline\"><span class=\"whitespace-normal\">Renault Clio\u00a0 <\/span><\/span><strong data-start=\"290\" data-end=\"305\">2000 2001 2002 2003 2004 2005 2006 2007 2008 2009 2010 2011 <\/strong><\/li>\n<li data-section-id=\"zi6k4i\" data-start=\"232\" data-end=\"307\"><strong data-start=\"290\" data-end=\"305\">2012 2013 2014 2015\u00a0 2016<\/strong><\/li>\n<li data-section-id=\"os3wdm\" data-start=\"308\" data-end=\"383\"><span class=\"hover:entity-accent entity-underline inline cursor-pointer align-baseline\"><span class=\"whitespace-normal\">Renault Logan<\/span><\/span>\u00a0 \u00a0<strong data-start=\"366\" data-end=\"381\">2007 2008 2009 2010 2011 2012 2013 2014<\/strong><\/li>\n<li data-section-id=\"11qgujk\" data-start=\"384\" data-end=\"459\"><span class=\"hover:entity-accent entity-underline inline cursor-pointer align-baseline\"><span class=\"whitespace-normal\">Renault Sandero<\/span><\/span> \u00a0<strong data-start=\"442\" data-end=\"457\">2007 2008 2009 2010 2011 2012 2013 2014 2015 2016 2017 2018 2019 2020<\/strong><\/li>\n<li data-section-id=\"17gcwy4\" data-start=\"460\" data-end=\"533\"><span class=\"hover:entity-accent entity-underline inline cursor-pointer align-baseline\"><span class=\"whitespace-normal\">Renault Kangoo<\/span><\/span> <strong data-start=\"290\" data-end=\"305\">2007 2008 2009 2010 2011 2012 2013 2014 2015 2016 2017 2018<\/strong><\/li>\n<\/ul>\n<p class=\"isSelectedEnd\"><strong>Especifica\u00e7\u00f5es:<\/strong><\/p>\n<ul data-spread=\"false\">\n<li>C\u00f3digo: 7700869343<\/li>\n<li>Condi\u00e7\u00e3o: Novo<\/li>\n<li>Marca: Padr\u00e3o original<\/li>\n<li>Alta durabilidade e resist\u00eancia<\/li>\n<li>Excelente desempenho<\/li>\n<\/ul>\n<p>Recomendamos confirmar a compatibilidade atrav\u00e9s do n\u00famero do chassi para garantir a aplica\u00e7\u00e3o correta.<\/p>\n<p>Produto de alta qualidade, desenvolvido para garantir desempenho, durabilidade e perfeita aplica\u00e7\u00e3o no ve\u00edculo. Fabricado conforme os padr\u00f5es da montadora, proporciona excelente funcionamento e confiabilidade.<\/p>\n<p>A Casa da Inje\u00e7\u00e3o oferece total garantia nos produtos comprados em nosso site.<\/p>\n<p>Cada item \u00e9 rigorosamente testado antes do envio<br \/>\nSe os itens estiverem danificados ou parcialmente defeituosos, entre em contato conosco.<br \/>\nSe houver qualquer defeito, n\u00f3s lhe enviaremos uma substitui\u00e7\u00e3o ap\u00f3s receber o pacote ou devolvemos seu dinheiro.<\/p>\n<p>Leia nossa pol\u00edtica de devolu\u00e7\u00e3o aqui<\/p>\n<p>\u2014\u2014\u2014\u2014\u2014\u2014\u2014\u2014\u2014\u2014\u2014\u2014\u2014\u2014\u2014\u2014\u2014\u2014\u2014\u2013<\/p>\n<p>Tem alguma d\u00favida?<\/p>\n<p>Entre em contato que podemos ajudar!<\/p>\n<p>Confira as informa\u00e7\u00f5es adicionais abaixo:<\/p>\n<p>Todos os nossos produtos s\u00e3o novos, semi-novos, originais e paralelos possuem garantia.<br \/>\nTodos os produtos anunciados est\u00e3o dispon\u00edveis em estoque e s\u00e3o enviados com extrema rapidez.<br \/>\nO frete pode ser simulado antes de efetuar a compra, basta clicar em \u201cver custos de envio\u201d.<br \/>\nVerifique o endere\u00e7o de entrega cadastrado e atualize caso necess\u00e1rio.<br \/>\nConfirme se a pe\u00e7a \u00e9 correta para o seu modelo de ve\u00edculo.<br \/>\nPara pe\u00e7as automotivas, recomendamos a instala\u00e7\u00e3o por um profissional especializado.<br \/>\nCaso possua outras d\u00favidas, entre em contato.<\/p>\n","protected":false},"excerpt":{"rendered":"<h2>Sensor Temperatura Renault Laguna &#8211; 7700869343 Pe\u00e7a Original<\/h2>\n<h2><\/h2>\n","protected":false},"featured_media":14331,"template":"","meta":{"_seopress_robots_primary_cat":"none","_seopress_titles_title":"","_seopress_titles_desc":"","_seopress_robots_index":"","_seopress_analysis_target_kw":"","_kad_blocks_custom_css":"","_kad_blocks_head_custom_js":"","_kad_blocks_body_custom_js":"","_kad_blocks_footer_custom_js":"","_kadence_starter_templates_imported_post":false,"_joinchat":[]},"product_brand":[],"product_cat":[1104],"product_tag":[128],"berocket_brand":[394],"class_list":{"0":"post-14328","1":"product","2":"type-product","3":"status-publish","4":"has-post-thumbnail","6":"product_cat-suspencao","7":"product_tag-laguna","8":"berocket_brand-renault","9":"thunk-woo-product-list","10":"big-store-woo-hover-zoom","11":"open-single-product-tab-horizontal","12":"open-shadow-","13":"open-shadow-hover-","15":"first","16":"instock","17":"sale","18":"taxable","19":"shipping-taxable","20":"purchasable","21":"product-type-simple"},"taxonomy_info":{"product_cat":[{"value":1104,"label":"Suspen\u00e7\u00e3o"}],"product_tag":[{"value":128,"label":"Laguna"}],"berocket_brand":[{"value":394,"label":"Renault"}]},"featured_image_src_large":["https:\/\/www.casadainjecao.com.br\/loja\/wp-content\/uploads\/2021\/12\/7700869343-sensor-de-temperatura-renault-laguna-original.jpg",640,640,false],"author_info":[],"comment_info":"","_links":{"self":[{"href":"https:\/\/www.casadainjecao.com.br\/loja\/wp-json\/wp\/v2\/product\/14328","targetHints":{"allow":["GET"]}}],"collection":[{"href":"https:\/\/www.casadainjecao.com.br\/loja\/wp-json\/wp\/v2\/product"}],"about":[{"href":"https:\/\/www.casadainjecao.com.br\/loja\/wp-json\/wp\/v2\/types\/product"}],"wp:featuredmedia":[{"embeddable":true,"href":"https:\/\/www.casadainjecao.com.br\/loja\/wp-json\/wp\/v2\/media\/14331"}],"wp:attachment":[{"href":"https:\/\/www.casadainjecao.com.br\/loja\/wp-json\/wp\/v2\/media?parent=14328"}],"wp:term":[{"taxonomy":"product_brand","embeddable":true,"href":"https:\/\/www.casadainjecao.com.br\/loja\/wp-json\/wp\/v2\/product_brand?post=14328"},{"taxonomy":"product_cat","embeddable":true,"href":"https:\/\/www.casadainjecao.com.br\/loja\/wp-json\/wp\/v2\/product_cat?post=14328"},{"taxonomy":"product_tag","embeddable":true,"href":"https:\/\/www.casadainjecao.com.br\/loja\/wp-json\/wp\/v2\/product_tag?post=14328"},{"taxonomy":"berocket_brand","embeddable":true,"href":"https:\/\/www.casadainjecao.com.br\/loja\/wp-json\/wp\/v2\/berocket_brand?post=14328"}],"curies":[{"name":"wp","href":"https:\/\/api.w.org\/{rel}","templated":true}]}}