{"id":14344,"date":"2021-12-21T14:35:50","date_gmt":"2021-12-21T17:35:50","guid":{"rendered":"https:\/\/www.casadainjecao.com.br\/loja\/?post_type=product&#038;p=14344"},"modified":"2025-10-31T10:49:58","modified_gmt":"2025-10-31T13:49:58","slug":"tampa-protecao-correia-dentada-renault-clio-7700870912","status":"publish","type":"product","link":"https:\/\/www.casadainjecao.com.br\/loja\/autopecas\/carroceria\/batente\/tampa-protecao-correia-dentada-renault-clio-7700870912\/","title":{"rendered":"Tampa Prote\u00e7\u00e3o Correia Dentada Renault Clio &#8211; 770087"},"content":{"rendered":"<h2>Tampa Prote\u00e7\u00e3o Correia Dentada<\/h2>\n<h3>Renault<\/h3>\n<h3>Clio 1.0 8 16v 1.6 8v 16v 1998 a 2018<\/h3>\n<h3>Twingo 1.0 8v 16v 1.1 8v 1.2 8v 1993 a 2017<\/h3>\n<h3>Kangoo 1.0 8v 16v 1.6 8v 16v 1997 a 2018<\/h3>\n<h3>Kangoo Express 1.0 8v 16v 1.6 8v 16v 1997 a 2018<\/h3>\n<h3>Codigo:<\/h3>\n<h3>7700870912, 7700873451<\/h3>\n<p>Condi\u00e7\u00f5es:<br \/>\nProduto Novo \/ Marca Renault<br \/>\nGarantia:<br \/>\n3 Meses<br \/>\nATEN\u00c7\u00c3O: Antes de efetuar a compra verifique o c\u00f3digo da sua pe\u00e7a que est\u00e1 instalado no seu ve\u00edculo.<br \/>\nA Casa da Inje\u00e7\u00e3o SP oferece total garantia nos produtos comprados em nosso site.<br \/>\nCada item \u00e9 rigorosamente inspecionado \u00a0antes do envio<br \/>\nSe os itens estiverem danificados ou parcialmente defeituosos, entre em contato conosco.<br \/>\nProcure um profissional devidamente licenciado para a instala\u00e7\u00e3o e fa\u00e7a revis\u00f5es periodicamente. A empresa n\u00e3o se responsabiliza por problemas oriundos da m\u00e1 instala\u00e7\u00e3o ou com a falta de cuidados peri\u00f3dicos dos componentes.<br \/>\nSe houver qualquer defeito, ficamos a disposi\u00e7\u00e3o para a substitui\u00e7\u00e3o ou devolvemos seu dinheiro.<br \/>\nTem alguma d\u00favida?<br \/>\nEntre em contato que podemos ajudar!<br \/>\nConfira as informa\u00e7\u00f5es adicionais abaixo:<br \/>\nTodos os produtos anunciados est\u00e3o dispon\u00edveis em estoque e s\u00e3o enviados com extrema rapidez .<br \/>\nO frete pode ser simulado antes de efetuar a compra, basta clicar em \u201cver custos de envio\u201d.<br \/>\nVerifique o endere\u00e7o de entrega cadastrado e atualize caso necess\u00e1rio.<br \/>\nConfirme se a pe\u00e7a \u00e9 correta para o seu modelo de ve\u00edculo.<br \/>\nPara pe\u00e7as automotivas, recomendamos a instala\u00e7\u00e3o por um profissional especializado.<br \/>\nCaso possua outras d\u00favidas, entre em contato.<\/p>\n","protected":false},"excerpt":{"rendered":"<h2>Tampa Prote\u00e7\u00e3o Correia Dentada Renault Clio &#8211; 7700870912<\/h2>\n","protected":false},"featured_media":14347,"template":"","meta":{"_seopress_robots_primary_cat":"none","_seopress_titles_title":"","_seopress_titles_desc":"","_seopress_robots_index":"","_seopress_analysis_target_kw":"","_kad_blocks_custom_css":"","_kad_blocks_head_custom_js":"","_kad_blocks_body_custom_js":"","_kad_blocks_footer_custom_js":"","_kadence_starter_templates_imported_post":false,"_joinchat":[]},"product_brand":[],"product_cat":[84,1258,83],"product_tag":[49,57,1886,53],"berocket_brand":[394],"class_list":{"0":"post-14344","1":"product","2":"type-product","3":"status-publish","4":"has-post-thumbnail","6":"product_cat-batente","7":"product_cat-borracha","8":"product_cat-carroceria","9":"product_tag-clio","10":"product_tag-kangoo","11":"product_tag-kangoo-express","12":"product_tag-twingo","13":"berocket_brand-renault","14":"thunk-woo-product-list","15":"big-store-woo-hover-zoom","16":"open-single-product-tab-horizontal","17":"open-shadow-","18":"open-shadow-hover-","20":"first","21":"outofstock","22":"sale","23":"taxable","24":"shipping-taxable","25":"purchasable","26":"product-type-simple"},"taxonomy_info":{"product_cat":[{"value":84,"label":"Batente"},{"value":1258,"label":"Borracha"},{"value":83,"label":"Carroceria"}],"product_tag":[{"value":49,"label":"Clio"},{"value":57,"label":"Kangoo"},{"value":1886,"label":"Kangoo Express"},{"value":53,"label":"Twingo"}],"berocket_brand":[{"value":394,"label":"Renault"}]},"featured_image_src_large":["https:\/\/www.casadainjecao.com.br\/loja\/wp-content\/uploads\/2021\/12\/7700870912-Tampa-Protecao-Correia-Dentada-Renault-Clio-original.jpg",640,480,false],"author_info":[],"comment_info":"","_links":{"self":[{"href":"https:\/\/www.casadainjecao.com.br\/loja\/wp-json\/wp\/v2\/product\/14344","targetHints":{"allow":["GET"]}}],"collection":[{"href":"https:\/\/www.casadainjecao.com.br\/loja\/wp-json\/wp\/v2\/product"}],"about":[{"href":"https:\/\/www.casadainjecao.com.br\/loja\/wp-json\/wp\/v2\/types\/product"}],"wp:featuredmedia":[{"embeddable":true,"href":"https:\/\/www.casadainjecao.com.br\/loja\/wp-json\/wp\/v2\/media\/14347"}],"wp:attachment":[{"href":"https:\/\/www.casadainjecao.com.br\/loja\/wp-json\/wp\/v2\/media?parent=14344"}],"wp:term":[{"taxonomy":"product_brand","embeddable":true,"href":"https:\/\/www.casadainjecao.com.br\/loja\/wp-json\/wp\/v2\/product_brand?post=14344"},{"taxonomy":"product_cat","embeddable":true,"href":"https:\/\/www.casadainjecao.com.br\/loja\/wp-json\/wp\/v2\/product_cat?post=14344"},{"taxonomy":"product_tag","embeddable":true,"href":"https:\/\/www.casadainjecao.com.br\/loja\/wp-json\/wp\/v2\/product_tag?post=14344"},{"taxonomy":"berocket_brand","embeddable":true,"href":"https:\/\/www.casadainjecao.com.br\/loja\/wp-json\/wp\/v2\/berocket_brand?post=14344"}],"curies":[{"name":"wp","href":"https:\/\/api.w.org\/{rel}","templated":true}]}}