{"id":14378,"date":"2021-12-22T11:34:36","date_gmt":"2021-12-22T14:34:36","guid":{"rendered":"https:\/\/www.casadainjecao.com.br\/loja\/?post_type=product&#038;p=14378"},"modified":"2026-03-05T13:25:00","modified_gmt":"2026-03-05T16:25:00","slug":"sonda-lambda-bosch-original-chevrolet-cruze-1-8-sonic-1-6-flex-0258010210-0258986735-55572215-pre-catalizador","status":"publish","type":"product","link":"https:\/\/www.casadainjecao.com.br\/loja\/autopecas\/injecao-eletronica\/sonda-lambda\/sonda-lambda-bosch-original-chevrolet-cruze-1-8-sonic-1-6-flex-0258010210-0258986735-55572215-pre-catalizador\/","title":{"rendered":"Sonda Lambda Chevrolet Cruze 1.8 Sonic 1.6 Flex &#8211; 0258"},"content":{"rendered":"<h2>Sonda Lambda Chevrolet Cruze 1.8 Sonic 1.6 Flex<\/h2>\n<p>&nbsp;<\/p>\n<p>&nbsp;<\/p>\n<p>Confirme a numera\u00e7\u00e3o antes da compra. Se a numera\u00e7\u00e3o da pe\u00e7a do an\u00fancio for igual a da pe\u00e7a do seu ve\u00edculo, ser\u00e1 compat\u00edvel.<\/p>\n<p>Aplica\u00e7\u00e3o:<\/p>\n<p>CRUZE 1.8 16V &#8211; 2012 2013 2014 2015 2016<br \/>\nSONIC 1.6 16V &#8211; 2012 2013 2014<br \/>\nTRACKER 1.8 16V &#8211; 2014 2015 2016<\/p>\n<p><strong>Especifica\u00e7\u00f5es T\u00e9cnicas:<\/strong><br \/>\n&#8211; Marca: TORKEN<br \/>\n&#8211; Condi\u00e7\u00e3o do item: N O V O<br \/>\n&#8211; Modelo: SONDA LAMBDA<br \/>\n&#8211; <strong>C\u00f3digo de Refer\u00eancia<\/strong>: &#8211; 0258986735 , 0258010210 , 55572215 , OZA659-EE70 , 8879.45.057, ESL210<\/p>\n<ul>\n<li>Comprimento total do cabo: 23cm<\/li>\n<li>4 pinos<\/li>\n<li>4 cabos \/ 4 fios (2 brancos, 1 preto, 1 cinza)<\/li>\n<\/ul>\n<h4><strong>Garantia:<\/strong><\/h4>\n<p>3 Meses<strong>\u00a0<\/strong><\/p>\n<h3>ATEN\u00c7\u00c3O: Antes de efetuar a compra verifique o c\u00f3digo da sua pe\u00e7a que est\u00e1 instalada no seu ve\u00edculo.<\/h3>\n<h4><strong>\u00a0O que \u00e9 e para que serve a Sonda Lambda?<\/strong><\/h4>\n<p>A Sonda Lambda \u00e9 um componente importante em sistemas de controle de emiss\u00f5es de ve\u00edculos a combust\u00e3o interna, como carros a gasolina e diesel. Seu principal objetivo \u00e9 medir a quantidade de oxig\u00eanio nos gases de escape do motor. Essa informa\u00e7\u00e3o \u00e9 crucial para otimizar a mistura ar\/combust\u00edvel, garantindo uma combust\u00e3o mais eficiente e reduzindo as emiss\u00f5es de poluentes.<\/p>\n<p>&nbsp;<\/p>\n<p>A Casa da Inje\u00e7\u00e3o oferece total garantia nos produtos comprados em nosso site.<\/p>\n<ol>\n<li>Cada item \u00e9 rigorosamente testado antes do envio<\/li>\n<li>Se os itens estiverem danificados ou parcialmente defeituosos, entre em contato conosco.<\/li>\n<\/ol>\n<p>Se houver qualquer defeito, n\u00f3s lhe enviaremos uma substitui\u00e7\u00e3o ap\u00f3s receber o pacote ou devolvemos seu dinheiro.<\/p>\n<p>Leia nossa\u00a0<a href=\"https:\/\/www.casadainjecao.com.br\/loja\/politica-de-devolucao\">pol\u00edtica de devolu\u00e7\u00e3o aqui<\/a><\/p>\n<p>\u2014\u2014\u2014\u2014\u2014\u2014\u2014\u2014\u2014\u2014\u2014\u2014\u2014\u2014\u2014\u2014\u2014\u2014\u2014\u2013<\/p>\n<p><strong>Tem alguma d\u00favida?<\/strong><\/p>\n<p>Entre em contato que podemos ajudar!<\/p>\n<p>Confira as informa\u00e7\u00f5es adicionais abaixo:<\/p>\n<ul>\n<li>Todos os nossos produtos s\u00e3o novos, semi-novos, originais e paralelos possuem garantia.<\/li>\n<li>Todos os produtos anunciados est\u00e3o dispon\u00edveis em estoque e s\u00e3o enviados com extrema rapidez.<\/li>\n<li>O frete pode ser simulado antes de efetuar a compra, basta clicar em \u201cver custos de envio\u201d.<\/li>\n<li>Verifique o endere\u00e7o de entrega cadastrado e atualize caso necess\u00e1rio.<\/li>\n<li>Confirme se a pe\u00e7a \u00e9 correta para o seu modelo de ve\u00edculo.<\/li>\n<li>Para pe\u00e7as automotivas, recomendamos a instala\u00e7\u00e3o por um profissional especializado.<\/li>\n<\/ul>\n<p>Caso possua outras d\u00favidas, entre em contato.<\/p>\n","protected":false},"excerpt":{"rendered":"<h2>Sonda Lambda Chevrolet Cruze 1.8 Sonic 1.6 Flex Pr\u00e9 Catalisador<\/h2>\n<p><strong>Especifica\u00e7\u00f5es T\u00e9cnicas:<\/strong><br \/>\n&#8211; Marca: TORKEN<br \/>\n&#8211; Condi\u00e7\u00e3o do item: N O V O<br \/>\n&#8211; Modelo: SONDA LAMBDA<br \/>\n&#8211; <strong>C\u00f3digo de Refer\u00eancia<\/strong>: &#8211; 0258986735 , 0258010210 , 55572215 , OZA659-EE70 , 8879.45.057<\/p>\n<ul>\n<li>Comprimento total do cabo: 62cm<\/li>\n<li>4 pinos<\/li>\n<li>4 cabos \/ 4 fios (2 brancos, 1 preto, 1 cinza)<\/li>\n<\/ul>\n","protected":false},"featured_media":28331,"template":"","meta":{"_seopress_robots_primary_cat":"none","_seopress_titles_title":"","_seopress_titles_desc":"","_seopress_robots_index":"","_seopress_analysis_target_kw":"","_kad_blocks_custom_css":"","_kad_blocks_head_custom_js":"","_kad_blocks_body_custom_js":"","_kad_blocks_footer_custom_js":"","_kadence_starter_templates_imported_post":false,"_joinchat":[]},"product_brand":[],"product_cat":[21,270],"product_tag":[847,110],"berocket_brand":[381],"class_list":{"0":"post-14378","1":"product","2":"type-product","3":"status-publish","4":"has-post-thumbnail","6":"product_cat-injecao-eletronica","7":"product_cat-sonda-lambda","8":"product_tag-cruze","9":"product_tag-sonic","10":"berocket_brand-chevrolet","11":"thunk-woo-product-list","12":"big-store-woo-hover-zoom","13":"open-single-product-tab-horizontal","14":"open-shadow-","15":"open-shadow-hover-","17":"first","18":"instock","19":"sale","20":"taxable","21":"shipping-taxable","22":"purchasable","23":"product-type-simple"},"taxonomy_info":{"product_cat":[{"value":21,"label":"Inje\u00e7\u00e3o Eletr\u00f4nica"},{"value":270,"label":"Sonda Lambda"}],"product_tag":[{"value":847,"label":"Cruze"},{"value":110,"label":"Sonic"}],"berocket_brand":[{"value":381,"label":"Chevrolet"}]},"featured_image_src_large":["https:\/\/www.casadainjecao.com.br\/loja\/wp-content\/uploads\/2021\/12\/0258010210-6-648x780.jpg",640,770,true],"author_info":[],"comment_info":"","_links":{"self":[{"href":"https:\/\/www.casadainjecao.com.br\/loja\/wp-json\/wp\/v2\/product\/14378","targetHints":{"allow":["GET"]}}],"collection":[{"href":"https:\/\/www.casadainjecao.com.br\/loja\/wp-json\/wp\/v2\/product"}],"about":[{"href":"https:\/\/www.casadainjecao.com.br\/loja\/wp-json\/wp\/v2\/types\/product"}],"wp:featuredmedia":[{"embeddable":true,"href":"https:\/\/www.casadainjecao.com.br\/loja\/wp-json\/wp\/v2\/media\/28331"}],"wp:attachment":[{"href":"https:\/\/www.casadainjecao.com.br\/loja\/wp-json\/wp\/v2\/media?parent=14378"}],"wp:term":[{"taxonomy":"product_brand","embeddable":true,"href":"https:\/\/www.casadainjecao.com.br\/loja\/wp-json\/wp\/v2\/product_brand?post=14378"},{"taxonomy":"product_cat","embeddable":true,"href":"https:\/\/www.casadainjecao.com.br\/loja\/wp-json\/wp\/v2\/product_cat?post=14378"},{"taxonomy":"product_tag","embeddable":true,"href":"https:\/\/www.casadainjecao.com.br\/loja\/wp-json\/wp\/v2\/product_tag?post=14378"},{"taxonomy":"berocket_brand","embeddable":true,"href":"https:\/\/www.casadainjecao.com.br\/loja\/wp-json\/wp\/v2\/berocket_brand?post=14378"}],"curies":[{"name":"wp","href":"https:\/\/api.w.org\/{rel}","templated":true}]}}