{"id":14394,"date":"2021-12-22T15:48:22","date_gmt":"2021-12-22T18:48:22","guid":{"rendered":"https:\/\/www.casadainjecao.com.br\/loja\/?post_type=product&#038;p=14394"},"modified":"2026-02-06T11:14:03","modified_gmt":"2026-02-06T14:14:03","slug":"suporte-fixacao-painel-dianteiro-direito-renault-master-7782211903","status":"publish","type":"product","link":"https:\/\/www.casadainjecao.com.br\/loja\/autopecas\/carroceria\/painel-frontal\/suporte-fixacao-painel-dianteiro-direito-renault-master-7782211903\/","title":{"rendered":"Suporte Fixa\u00e7\u00e3o Painel Dianteiro Direito Renault Master &#"},"content":{"rendered":"<h1>Suporte Fixa\u00e7\u00e3o Painel Dianteiro Direito Renault Master &#8211; 7782211903<\/h1>\n","protected":false},"excerpt":{"rendered":"<h2>Suporte Fixa\u00e7\u00e3o Painel Dianteiro Direito<\/h2>\n<h3>Renault Master<\/h3>\n<h3><strong data-start=\"359\" data-end=\"381\">Renault Master III<\/strong>\u00a0\u2014\u00a0\u00a0<strong data-start=\"400\" data-end=\"415\">2010 2011 2012 2013 2014 2015 2016 2017 2018 2019\u00a0\u00a0<\/strong>(painel\/frontal\/estrutura).<\/h3>\n<h3><\/h3>\n<ul>\n<li data-start=\"1722\" data-end=\"1777\">\n<h3 data-start=\"1724\" data-end=\"1777\"><strong data-start=\"1724\" data-end=\"1775\">Renault Master (Van, Bus, e vers\u00f5es comerciais)<\/strong><\/h3>\n<\/li>\n<\/ul>\n<h3><\/h3>\n<ul>\n<li data-start=\"1915\" data-end=\"2095\">\n<h3 data-start=\"1917\" data-end=\"2095\">Poss\u00edvel aplica\u00e7\u00e3o em\u00a0<strong data-start=\"1939\" data-end=\"1952\">Master II<\/strong>\u00a0em alguns chassis\/modelos conforme cat\u00e1logo<\/h3>\n<\/li>\n<li data-start=\"1915\" data-end=\"2095\">\n<h3 data-start=\"1917\" data-end=\"2095\">(confirme pelo chassi ou c\u00f3digo da pe\u00e7a original instalada).<\/h3>\n<\/li>\n<\/ul>\n<h3>Codigo: 7782211903\/8200211903<\/h3>\n<h3>Condi\u00e7\u00e3o do item: Novo<\/h3>\n<h3><\/h3>\n<h3>Marca: Renault<\/h3>\n<p>&nbsp;<\/p>\n<p>garantia: 3 meses<\/p>\n<p>&nbsp;<\/p>\n<p>&nbsp;<\/p>\n<p>ATEN\u00c7\u00c3O: Antes de efetuar a compra verifique o c\u00f3digo da sua pe\u00e7a que est\u00e1 instalado no seu ve\u00edculo. e confirme se corresponde ao c\u00f3digo informado neste an\u00fancio.<\/p>\n<p>Em caso de d\u00favida, utilize o campo de perguntas.<\/p>\n<p>&nbsp;<\/p>\n<p>&nbsp;<\/p>\n<p>Essa pe\u00e7a \u00e9 um\u00a0<strong data-start=\"91\" data-end=\"195\">suporte\/bracket de fixa\u00e7\u00e3o do painel dianteiro (painel frontal, parte estrutural ou frontal interno)<\/strong><\/p>\n<p>no\u00a0<strong data-start=\"199\" data-end=\"217\">Renault Master<\/strong>\u00a0\u2014 essencial para sustentar o painel e manter o alinhamento de partes como grade,<\/p>\n<p>far\u00f3is e carroceria frontal.<\/p>\n","protected":false},"featured_media":14397,"template":"","meta":{"_seopress_robots_primary_cat":"none","_seopress_titles_title":"","_seopress_titles_desc":"","_seopress_robots_index":"","_seopress_analysis_target_kw":"","_kad_blocks_custom_css":"","_kad_blocks_head_custom_js":"","_kad_blocks_body_custom_js":"","_kad_blocks_footer_custom_js":"","_kadence_starter_templates_imported_post":false,"_joinchat":[]},"product_brand":[],"product_cat":[83,1419,1370],"product_tag":[81],"berocket_brand":[394],"class_list":{"0":"post-14394","1":"product","2":"type-product","3":"status-publish","4":"has-post-thumbnail","6":"product_cat-carroceria","7":"product_cat-painel-frontal","8":"product_cat-suporte-carroceria","9":"product_tag-master","10":"berocket_brand-renault","11":"thunk-woo-product-list","12":"big-store-woo-hover-zoom","13":"open-single-product-tab-horizontal","14":"open-shadow-","15":"open-shadow-hover-","17":"first","18":"instock","19":"sale","20":"taxable","21":"shipping-taxable","22":"purchasable","23":"product-type-simple"},"taxonomy_info":{"product_cat":[{"value":83,"label":"Carroceria"},{"value":1419,"label":"Painel Frontal"},{"value":1370,"label":"Suporte"}],"product_tag":[{"value":81,"label":"Master"}],"berocket_brand":[{"value":394,"label":"Renault"}]},"featured_image_src_large":["https:\/\/www.casadainjecao.com.br\/loja\/wp-content\/uploads\/2021\/12\/7782211903-suporte-fixacao-painel-frontal-renault-master-original.png",289,625,false],"author_info":[],"comment_info":"","_links":{"self":[{"href":"https:\/\/www.casadainjecao.com.br\/loja\/wp-json\/wp\/v2\/product\/14394","targetHints":{"allow":["GET"]}}],"collection":[{"href":"https:\/\/www.casadainjecao.com.br\/loja\/wp-json\/wp\/v2\/product"}],"about":[{"href":"https:\/\/www.casadainjecao.com.br\/loja\/wp-json\/wp\/v2\/types\/product"}],"wp:featuredmedia":[{"embeddable":true,"href":"https:\/\/www.casadainjecao.com.br\/loja\/wp-json\/wp\/v2\/media\/14397"}],"wp:attachment":[{"href":"https:\/\/www.casadainjecao.com.br\/loja\/wp-json\/wp\/v2\/media?parent=14394"}],"wp:term":[{"taxonomy":"product_brand","embeddable":true,"href":"https:\/\/www.casadainjecao.com.br\/loja\/wp-json\/wp\/v2\/product_brand?post=14394"},{"taxonomy":"product_cat","embeddable":true,"href":"https:\/\/www.casadainjecao.com.br\/loja\/wp-json\/wp\/v2\/product_cat?post=14394"},{"taxonomy":"product_tag","embeddable":true,"href":"https:\/\/www.casadainjecao.com.br\/loja\/wp-json\/wp\/v2\/product_tag?post=14394"},{"taxonomy":"berocket_brand","embeddable":true,"href":"https:\/\/www.casadainjecao.com.br\/loja\/wp-json\/wp\/v2\/berocket_brand?post=14394"}],"curies":[{"name":"wp","href":"https:\/\/api.w.org\/{rel}","templated":true}]}}