{"id":14398,"date":"2021-12-22T16:24:19","date_gmt":"2021-12-22T19:24:19","guid":{"rendered":"https:\/\/www.casadainjecao.com.br\/loja\/?post_type=product&#038;p=14398"},"modified":"2026-02-12T16:11:52","modified_gmt":"2026-02-12T19:11:52","slug":"tampa-fechadura-porta-mala-renault-logan-8200659876","status":"publish","type":"product","link":"https:\/\/www.casadainjecao.com.br\/loja\/autopecas\/carroceria\/fechadura\/tampa-fechadura-porta-mala-renault-logan-8200659876\/","title":{"rendered":"Tampa Fechadura Porta Mala Renault Logan &#8211; 8200659876"},"content":{"rendered":"<h1>Tampa Fechadura Porta Mala Renault Logan &#8211; 8200659876<\/h1>\n","protected":false},"excerpt":{"rendered":"<h2>Tampa Fechadura Porta Mala<\/h2>\n<p>&nbsp;<\/p>\n<h3 data-start=\"685\" data-end=\"709\"><strong data-start=\"692\" data-end=\"709\">Renault Logan<\/strong><\/h3>\n<ul data-start=\"729\" data-end=\"820\">\n<li data-start=\"729\" data-end=\"768\">\n<p data-start=\"731\" data-end=\"768\"><strong data-start=\"731\" data-end=\"750\">Renault Logan I<\/strong> \u2013 <strong data-start=\"753\" data-end=\"768\">2007 2008 2009 2010 2011 2012 2013<\/strong><\/p>\n<\/li>\n<li data-start=\"769\" data-end=\"820\">\n<p data-start=\"771\" data-end=\"820\"><strong data-start=\"771\" data-end=\"802\">Renault Logan II (facelift)<\/strong> \u2013 <strong data-start=\"805\" data-end=\"820\">2014 2015 2016 2017 2018 2019 2020<\/strong><\/p>\n<\/li>\n<\/ul>\n<p>&nbsp;<\/p>\n<h3 data-start=\"964\" data-end=\"998\"><strong data-start=\"971\" data-end=\"998\">Renault Sandero Stepway<\/strong><\/h3>\n<ul data-start=\"1018\" data-end=\"1102\">\n<li data-start=\"1018\" data-end=\"1059\">\n<p data-start=\"1020\" data-end=\"1059\"><strong data-start=\"1020\" data-end=\"1041\">Sandero Stepway I<\/strong> \u2013 <strong data-start=\"1044\" data-end=\"1059\">2008 2009 2010 2011 2012 2013<\/strong><\/p>\n<\/li>\n<li data-start=\"1060\" data-end=\"1102\">\n<p data-start=\"1062\" data-end=\"1102\"><strong data-start=\"1062\" data-end=\"1084\">Sandero Stepway II<\/strong> \u2013 <strong data-start=\"1087\" data-end=\"1102\">2014 2015 2016 2017 2018 2019\u00a0 2020<\/strong><\/p>\n<\/li>\n<\/ul>\n<p>&nbsp;<\/p>\n<h3 data-start=\"1109\" data-end=\"1134\"><strong data-start=\"1116\" data-end=\"1134\">Renault Symbol<\/strong><\/h3>\n<ul data-start=\"1154\" data-end=\"1296\">\n<li data-start=\"1154\" data-end=\"1227\">\n<p data-start=\"1156\" data-end=\"1227\"><strong data-start=\"1156\" data-end=\"1209\">Renault Symbol (primeira gera\u00e7\u00e3o do Logan\/Symbol)<\/strong> \u2013 <strong data-start=\"1212\" data-end=\"1227\">2008 2009 2010 2011 2012 2013<\/strong><\/p>\n<\/li>\n<li data-start=\"1228\" data-end=\"1296\">\n<p data-start=\"1230\" data-end=\"1296\"><strong data-start=\"1230\" data-end=\"1278\">Renault Symbol (vers\u00e3o derivada do Logan II)<\/strong> \u2013 <strong data-start=\"1281\" data-end=\"1296\">2014 2015 2016 2017 2018 2019 2020<\/strong><\/p>\n<\/li>\n<\/ul>\n<p>&nbsp;<\/p>\n<p>&nbsp;<\/p>\n<h3 data-start=\"827\" data-end=\"853\"><strong data-start=\"834\" data-end=\"853\">Renault Sandero<\/strong><\/h3>\n<ul data-start=\"873\" data-end=\"957\">\n<li data-start=\"873\" data-end=\"914\">\n<p data-start=\"875\" data-end=\"914\"><strong data-start=\"875\" data-end=\"896\">Renault Sandero I<\/strong> \u2013 <strong data-start=\"899\" data-end=\"914\">2007 2008 2009 2010 2012 2013<\/strong><\/p>\n<\/li>\n<li data-start=\"915\" data-end=\"957\">\n<p data-start=\"917\" data-end=\"957\"><strong data-start=\"917\" data-end=\"939\">Renault Sandero II<\/strong> \u2013 <strong data-start=\"942\" data-end=\"957\">2014 2015 2016 2017 2018 2019 2020<\/strong><\/p>\n<\/li>\n<\/ul>\n<p>&nbsp;<\/p>\n<p data-start=\"1972\" data-end=\"2147\">Confirme sempre o <strong data-start=\"1993\" data-end=\"2028\">c\u00f3digo estampado na pe\u00e7a antiga<\/strong> antes de comprar \u2014 \u00e0s vezes h\u00e1 pequenas varia\u00e7\u00f5es de acabamento, cor ou tipo de tampa dependendo da vers\u00e3o ou mercado.<\/p>\n<p data-start=\"2149\" data-end=\"2319\">Essa tampa \u00e9 normalmente usada em ve\u00edculos com <strong data-start=\"2199\" data-end=\"2243\">portas traseiras tipo \u201cHatch\u201d ou \u201cSedan\u201d<\/strong> da linha Logan\/Sandero, e n\u00e3o em outros modelos Renault (Megane\/Clio\/etc.).<\/p>\n<h2>Codigo: 8200659876<\/h2>\n<p>&nbsp;<\/p>\n<h3>Condi\u00e7\u00e3o do item: Novo<\/h3>\n<h3>Marca: Renault<\/h3>\n<h3>garantia: 3 meses<\/h3>\n<p>ATEN\u00c7\u00c3O: Antes de efetuar a compra verifique o c\u00f3digo da sua pe\u00e7a que est\u00e1 instalado no seu ve\u00edculo. e confirme se corresponde ao c\u00f3digo informado neste an\u00fancio.<br \/>\nEm caso de d\u00favida, utilize o campo de perguntas.<\/p>\n<p>&nbsp;<\/p>\n<p>&nbsp;<\/p>\n<p>A Casa da Inje\u00e7\u00e3o oferece total garantia nos produtos comprados em nosso site.<br \/>\nCada item \u00e9 rigorosamente testado antes do envio<br \/>\nSe os itens estiverem danificados ou parcialmente defeituosos, entre em contato conosco.<br \/>\nProcure um profissional devidamente licenciado para a instala\u00e7\u00e3o e fa\u00e7a revis\u00f5es periodicamente. A empresa n\u00e3o se responsabiliza por problemas oriundos da m\u00e1 instala\u00e7\u00e3o ou com a falta de cuidados peri\u00f3dicos dos componentes.<br \/>\nSe houver qualquer defeito, n\u00f3s lhe enviaremos uma substitui\u00e7\u00e3o ap\u00f3s receber o pacote ou devolvemos seu dinheiro.<br \/>\nLeia nossa pol\u00edtica de devolu\u00e7\u00e3o aqui<br \/>\nTem alguma d\u00favida?<br \/>\nEntre em contato que podemos ajudar!<br \/>\nConfira as informa\u00e7\u00f5es adicionais abaixo:<br \/>\nTodos os nossos produtos s\u00e3o novos, semi-novos, originais e paralelos possuem garantia.<br \/>\nTodos os produtos anunciados est\u00e3o dispon\u00edveis em estoque e s\u00e3o enviados com extrema rapidez.<br \/>\nO frete pode ser simulado antes de efetuar a compra, basta clicar em \u201cver custos de envio\u201d.<br \/>\nVerifique o endere\u00e7o de entrega cadastrado e atualize caso necess\u00e1rio.<br \/>\nConfirme se a pe\u00e7a \u00e9 correta para o seu modelo de ve\u00edculo.<br \/>\nPara pe\u00e7as automotivas, recomendamos a instala\u00e7\u00e3o por um profissional especializado.<br \/>\nCaso possua outras d\u00favidas, entre em contato.<\/p>\n","protected":false},"featured_media":44133,"template":"","meta":{"_seopress_robots_primary_cat":"none","_seopress_titles_title":"","_seopress_titles_desc":"","_seopress_robots_index":"","_joinchat":[]},"product_cat":[83,92,1285,1277],"product_tag":[66],"berocket_brand":[394],"_links":{"self":[{"href":"https:\/\/www.casadainjecao.com.br\/loja\/wp-json\/wp\/v2\/product\/14398"}],"collection":[{"href":"https:\/\/www.casadainjecao.com.br\/loja\/wp-json\/wp\/v2\/product"}],"about":[{"href":"https:\/\/www.casadainjecao.com.br\/loja\/wp-json\/wp\/v2\/types\/product"}],"wp:featuredmedia":[{"embeddable":true,"href":"https:\/\/www.casadainjecao.com.br\/loja\/wp-json\/wp\/v2\/media\/44133"}],"wp:attachment":[{"href":"https:\/\/www.casadainjecao.com.br\/loja\/wp-json\/wp\/v2\/media?parent=14398"}],"wp:term":[{"taxonomy":"product_cat","embeddable":true,"href":"https:\/\/www.casadainjecao.com.br\/loja\/wp-json\/wp\/v2\/product_cat?post=14398"},{"taxonomy":"product_tag","embeddable":true,"href":"https:\/\/www.casadainjecao.com.br\/loja\/wp-json\/wp\/v2\/product_tag?post=14398"},{"taxonomy":"berocket_brand","embeddable":true,"href":"https:\/\/www.casadainjecao.com.br\/loja\/wp-json\/wp\/v2\/berocket_brand?post=14398"}],"curies":[{"name":"wp","href":"https:\/\/api.w.org\/{rel}","templated":true}]}}