{"id":14409,"date":"2021-12-23T09:49:55","date_gmt":"2021-12-23T12:49:55","guid":{"rendered":"https:\/\/www.casadainjecao.com.br\/loja\/?post_type=product&#038;p=14409"},"modified":"2026-02-06T10:44:25","modified_gmt":"2026-02-06T13:44:25","slug":"reparo-do-automatico-motor-de-arranque-renault-sandero-7701207387","status":"publish","type":"product","link":"https:\/\/www.casadainjecao.com.br\/loja\/autopecas\/eletrica\/motor-de-arranque\/reparo-do-automatico-motor-de-arranque-renault-sandero-7701207387\/","title":{"rendered":"Reparo do Automatico Motor de Arranque Renault Sandero &#821"},"content":{"rendered":"<h1>Reparo do Automatico Motor de Arranque Renault Sandero &#8211; 7701207387<\/h1>\n","protected":false},"excerpt":{"rendered":"<h2 class=\"QN2lPu\">Reparo do Automatico Motor de Arranque<\/h2>\n<h3 class=\"QN2lPu\">Sandero 1.6 &#8211; 2007 2008 2009 2010 2011 2012 2013 2014 2015 2016<\/h3>\n<h3 class=\"QN2lPu\">Logan 1.6 &#8211;\u00a02007 2008 2009 2010 2011 2012 2013 2014 2015 2016<\/h3>\n<h3 class=\"QN2lPu\">Duster 1.6\u00a0 2012 2013 2014 2015 2016 2017 2018<\/h3>\n<h3 class=\"QN2lPu\">Clio 1.6 &#8211; 2000 2001 2002 2003 2004 2005 2006 2007 2008 2009<\/h3>\n<h3 class=\"QN2lPu\">Kangoo 1.6 &#8211; 2000 2001 2002 2003 2004 2005 2006 2007 2008 2009 2010 2011 2012 2013 2014 2015 2016 2017 2018<\/h3>\n<h3 class=\"QN2lPu\">M\u00e9gane \/ Sc\u00e9nic 1.6 &#8211; 1999 2000 2001 2002 2003 2004 2005 2006 2007 2008 2009 2010 2011 2012<\/h3>\n<h3 class=\"QN2lPu\">Codigo: 7701207387<\/h3>\n<p class=\"QN2lPu\">Condi\u00e7\u00e3o do item: Novo<\/p>\n<p class=\"QN2lPu\">Marca: Renault<\/p>\n<p class=\"QN2lPu\">garantia: 3 meses<\/p>\n<p class=\"QN2lPu\">ATEN\u00c7\u00c3O: Antes de efetuar a compra verifique o c\u00f3digo da sua pe\u00e7a que est\u00e1 instalado no seu ve\u00edculo. e confirme se corresponde ao c\u00f3digo informado neste an\u00fancio.<\/p>\n<p class=\"QN2lPu\">Em caso de d\u00favida, utilize o campo de perguntas.<\/p>\n<p class=\"QN2lPu\">Essa pe\u00e7a \u00e9 um reparo interno do autom\u00e1tico (solenoide\/bendix) do<\/p>\n<p class=\"QN2lPu\">motor de arranque (motor de partida) \u2014 basicamente \u00e9 o kit de reparo do autom\u00e1tico que faz o engate do pinh\u00e3o<\/p>\n<p class=\"QN2lPu\">ao volante do motor e aciona o motor de partida quando voc\u00ea vira a chave\/aciona partida.<\/p>\n<p>&nbsp;<\/p>\n<p>&nbsp;<\/p>\n<p>A Casa da Inje\u00e7\u00e3o oferece total garantia nos produtos comprados em nosso site.<br \/>\nCada item \u00e9 rigorosamente testado antes do envio<br \/>\nSe os itens estiverem danificados ou parcialmente defeituosos, entre em contato conosco.<br \/>\nProcure um profissional devidamente licenciado para a instala\u00e7\u00e3o e fa\u00e7a revis\u00f5es periodicamente. A empresa n\u00e3o se responsabiliza por problemas oriundos da m\u00e1 instala\u00e7\u00e3o ou com a falta de cuidados peri\u00f3dicos dos componentes.<br \/>\nSe houver qualquer defeito, n\u00f3s lhe enviaremos uma substitui\u00e7\u00e3o ap\u00f3s receber o pacote ou devolvemos seu dinheiro.<br \/>\nLeia nossa pol\u00edtica de devolu\u00e7\u00e3o aqui<br \/>\nTem alguma d\u00favida?<br \/>\nEntre em contato que podemos ajudar!<br \/>\nConfira as informa\u00e7\u00f5es adicionais abaixo:<br \/>\nTodos os nossos produtos s\u00e3o novos, semi-novos, originais e paralelos possuem garantia.<br \/>\nTodos os produtos anunciados est\u00e3o dispon\u00edveis em estoque e s\u00e3o enviados com extrema rapidez.<br \/>\nO frete pode ser simulado antes de efetuar a compra, basta clicar em \u201cver custos de envio\u201d.<br \/>\nVerifique o endere\u00e7o de entrega cadastrado e atualize caso necess\u00e1rio.<br \/>\nConfirme se a pe\u00e7a \u00e9 correta para o seu modelo de ve\u00edculo.<br \/>\nPara pe\u00e7as automotivas, recomendamos a instala\u00e7\u00e3o por um profissional especializado.<br \/>\nCaso possua outras d\u00favidas, entre em contato.<\/p>\n","protected":false},"featured_media":15258,"template":"","meta":{"_seopress_robots_primary_cat":"none","_seopress_titles_title":"","_seopress_titles_desc":"","_seopress_robots_index":"","_joinchat":[]},"product_cat":[17,148],"product_tag":[91],"berocket_brand":[394],"_links":{"self":[{"href":"https:\/\/www.casadainjecao.com.br\/loja\/wp-json\/wp\/v2\/product\/14409"}],"collection":[{"href":"https:\/\/www.casadainjecao.com.br\/loja\/wp-json\/wp\/v2\/product"}],"about":[{"href":"https:\/\/www.casadainjecao.com.br\/loja\/wp-json\/wp\/v2\/types\/product"}],"wp:featuredmedia":[{"embeddable":true,"href":"https:\/\/www.casadainjecao.com.br\/loja\/wp-json\/wp\/v2\/media\/15258"}],"wp:attachment":[{"href":"https:\/\/www.casadainjecao.com.br\/loja\/wp-json\/wp\/v2\/media?parent=14409"}],"wp:term":[{"taxonomy":"product_cat","embeddable":true,"href":"https:\/\/www.casadainjecao.com.br\/loja\/wp-json\/wp\/v2\/product_cat?post=14409"},{"taxonomy":"product_tag","embeddable":true,"href":"https:\/\/www.casadainjecao.com.br\/loja\/wp-json\/wp\/v2\/product_tag?post=14409"},{"taxonomy":"berocket_brand","embeddable":true,"href":"https:\/\/www.casadainjecao.com.br\/loja\/wp-json\/wp\/v2\/berocket_brand?post=14409"}],"curies":[{"name":"wp","href":"https:\/\/api.w.org\/{rel}","templated":true}]}}