{"id":14476,"date":"2021-12-27T11:24:06","date_gmt":"2021-12-27T14:24:06","guid":{"rendered":"https:\/\/www.casadainjecao.com.br\/loja\/?post_type=product&#038;p=14476"},"modified":"2022-03-22T11:53:16","modified_gmt":"2022-03-22T14:53:16","slug":"adaptador-medicao-pressao-direcao-hidraulica-0000120400","status":"publish","type":"product","link":"https:\/\/www.casadainjecao.com.br\/loja\/autopecas\/motor\/direcao-hidraulica\/adaptador-medicao-pressao-direcao-hidraulica-0000120400\/","title":{"rendered":"Adaptador Medi\u00e7\u00e3o Press\u00e3o Dire\u00e7\u00e3o Hidraulica &#8211; 00"},"content":{"rendered":"<h1>Adaptador Medi\u00e7\u00e3o Press\u00e3o Dire\u00e7\u00e3o Hidraulica &#8211; 0000120400<\/h1>\n","protected":false},"excerpt":{"rendered":"<h2>Adaptador Medi\u00e7\u00e3o Press\u00e3o Dire\u00e7\u00e3o Hidraulica<\/h2>\n<h2>Linha Renault<\/h2>\n<h2>Codigo:- 0000120400\u00a0 c=105<\/h2>\n","protected":false},"featured_media":14479,"template":"","meta":{"_seopress_robots_primary_cat":"none","_seopress_titles_title":"","_seopress_titles_desc":"","_seopress_robots_index":"","_joinchat":[]},"product_cat":[217,22],"product_tag":[],"berocket_brand":[392,394,397],"_links":{"self":[{"href":"https:\/\/www.casadainjecao.com.br\/loja\/wp-json\/wp\/v2\/product\/14476"}],"collection":[{"href":"https:\/\/www.casadainjecao.com.br\/loja\/wp-json\/wp\/v2\/product"}],"about":[{"href":"https:\/\/www.casadainjecao.com.br\/loja\/wp-json\/wp\/v2\/types\/product"}],"wp:featuredmedia":[{"embeddable":true,"href":"https:\/\/www.casadainjecao.com.br\/loja\/wp-json\/wp\/v2\/media\/14479"}],"wp:attachment":[{"href":"https:\/\/www.casadainjecao.com.br\/loja\/wp-json\/wp\/v2\/media?parent=14476"}],"wp:term":[{"taxonomy":"product_cat","embeddable":true,"href":"https:\/\/www.casadainjecao.com.br\/loja\/wp-json\/wp\/v2\/product_cat?post=14476"},{"taxonomy":"product_tag","embeddable":true,"href":"https:\/\/www.casadainjecao.com.br\/loja\/wp-json\/wp\/v2\/product_tag?post=14476"},{"taxonomy":"berocket_brand","embeddable":true,"href":"https:\/\/www.casadainjecao.com.br\/loja\/wp-json\/wp\/v2\/berocket_brand?post=14476"}],"curies":[{"name":"wp","href":"https:\/\/api.w.org\/{rel}","templated":true}]}}