{"id":14611,"date":"2022-01-04T07:53:37","date_gmt":"2022-01-04T10:53:37","guid":{"rendered":"https:\/\/www.casadainjecao.com.br\/loja\/?post_type=product&#038;p=14611"},"modified":"2023-08-23T14:45:58","modified_gmt":"2023-08-23T17:45:58","slug":"suporte-do-regulador-pressao-de-combustivel-vw-kombi-0401330361","status":"publish","type":"product","link":"https:\/\/www.casadainjecao.com.br\/loja\/autopecas\/injecao-eletronica\/bico-injetor\/suporte-do-regulador-pressao-de-combustivel-vw-kombi-0401330361\/","title":{"rendered":"Suporte Do Regulador Press\u00e3o de Combust\u00edvel Vw Kombi &#821"},"content":{"rendered":"<h1>Suporte Do Regulador Press\u00e3o de Combust\u00edvel Vw Kombi &#8211; 0401330361<\/h1>\n","protected":false},"excerpt":{"rendered":"<h2>Suporte Do Regulador Press\u00e3o de Combust\u00edvel<\/h2>\n<h2>Volkswagem Kombi 1.4 8v<\/h2>\n<h2>Codigo:- 0401330361\u00a0 c=13<\/h2>\n","protected":false},"featured_media":14613,"template":"","meta":{"_seopress_robots_primary_cat":"none","_seopress_titles_title":"","_seopress_titles_desc":"","_seopress_robots_index":"","_joinchat":[]},"product_cat":[256,21,267],"product_tag":[757],"berocket_brand":[396],"_links":{"self":[{"href":"https:\/\/www.casadainjecao.com.br\/loja\/wp-json\/wp\/v2\/product\/14611"}],"collection":[{"href":"https:\/\/www.casadainjecao.com.br\/loja\/wp-json\/wp\/v2\/product"}],"about":[{"href":"https:\/\/www.casadainjecao.com.br\/loja\/wp-json\/wp\/v2\/types\/product"}],"wp:featuredmedia":[{"embeddable":true,"href":"https:\/\/www.casadainjecao.com.br\/loja\/wp-json\/wp\/v2\/media\/14613"}],"wp:attachment":[{"href":"https:\/\/www.casadainjecao.com.br\/loja\/wp-json\/wp\/v2\/media?parent=14611"}],"wp:term":[{"taxonomy":"product_cat","embeddable":true,"href":"https:\/\/www.casadainjecao.com.br\/loja\/wp-json\/wp\/v2\/product_cat?post=14611"},{"taxonomy":"product_tag","embeddable":true,"href":"https:\/\/www.casadainjecao.com.br\/loja\/wp-json\/wp\/v2\/product_tag?post=14611"},{"taxonomy":"berocket_brand","embeddable":true,"href":"https:\/\/www.casadainjecao.com.br\/loja\/wp-json\/wp\/v2\/berocket_brand?post=14611"}],"curies":[{"name":"wp","href":"https:\/\/api.w.org\/{rel}","templated":true}]}}