{"id":14664,"date":"2022-01-05T08:57:23","date_gmt":"2022-01-05T11:57:23","guid":{"rendered":"https:\/\/www.casadainjecao.com.br\/loja\/?post_type=product&#038;p=14664"},"modified":"2022-09-15T16:36:25","modified_gmt":"2022-09-15T19:36:25","slug":"botao-regulagem-altura-cinto-de-seguranca-renault-laguna-7701204072","status":"publish","type":"product","link":"https:\/\/www.casadainjecao.com.br\/loja\/autopecas\/interior\/cinto-de-seguranca\/botao-regulagem-altura-cinto-de-seguranca-renault-laguna-7701204072\/","title":{"rendered":"Kit Bot\u00f5es Regulagem Altura Cinto de Seguran\u00e7a Renault Lag"},"content":{"rendered":"<h1>Kit Bot\u00f5es Regulagem Altura Cinto de Seguran\u00e7a Renault Laguna &#8211; 7701204072<\/h1>\n","protected":false},"excerpt":{"rendered":"<h2>Kit Bot\u00f5es Regulagem Altura Cinto de Seguran\u00e7a 3Unidades<\/h2>\n<h2>Cores Marrom\/Cinza Claro\/Cinza Escuro<\/h2>\n<h2>Renault Laguna<\/h2>\n<h2>Codigo:- 7701204072 c=109<\/h2>\n","protected":false},"featured_media":14667,"template":"","meta":{"_seopress_robots_primary_cat":"none","_seopress_titles_title":"","_seopress_titles_desc":"","_seopress_robots_index":"","_seopress_analysis_target_kw":"","_kad_blocks_custom_css":"","_kad_blocks_head_custom_js":"","_kad_blocks_body_custom_js":"","_kad_blocks_footer_custom_js":"","_kadence_starter_templates_imported_post":false,"_joinchat":[]},"product_brand":[],"product_cat":[358,24],"product_tag":[128],"berocket_brand":[394],"class_list":{"0":"post-14664","1":"product","2":"type-product","3":"status-publish","4":"has-post-thumbnail","6":"product_cat-cinto-de-seguranca","7":"product_cat-interior","8":"product_tag-laguna","9":"berocket_brand-renault","10":"thunk-woo-product-list","11":"big-store-woo-hover-zoom","12":"open-single-product-tab-horizontal","13":"open-shadow-","14":"open-shadow-hover-","16":"first","17":"instock","18":"sale","19":"taxable","20":"shipping-taxable","21":"purchasable","22":"product-type-simple"},"taxonomy_info":{"product_cat":[{"value":358,"label":"Cinto de Seguran\u00e7a"},{"value":24,"label":"Interior"}],"product_tag":[{"value":128,"label":"Laguna"}],"berocket_brand":[{"value":394,"label":"Renault"}]},"featured_image_src_large":["https:\/\/www.casadainjecao.com.br\/loja\/wp-content\/uploads\/2022\/01\/7701204072-botao-de-regulagem-altura-cinto-de-seguranca-renault-laguna-777x780.jpg",640,642,true],"author_info":[],"comment_info":"","_links":{"self":[{"href":"https:\/\/www.casadainjecao.com.br\/loja\/wp-json\/wp\/v2\/product\/14664","targetHints":{"allow":["GET"]}}],"collection":[{"href":"https:\/\/www.casadainjecao.com.br\/loja\/wp-json\/wp\/v2\/product"}],"about":[{"href":"https:\/\/www.casadainjecao.com.br\/loja\/wp-json\/wp\/v2\/types\/product"}],"wp:featuredmedia":[{"embeddable":true,"href":"https:\/\/www.casadainjecao.com.br\/loja\/wp-json\/wp\/v2\/media\/14667"}],"wp:attachment":[{"href":"https:\/\/www.casadainjecao.com.br\/loja\/wp-json\/wp\/v2\/media?parent=14664"}],"wp:term":[{"taxonomy":"product_brand","embeddable":true,"href":"https:\/\/www.casadainjecao.com.br\/loja\/wp-json\/wp\/v2\/product_brand?post=14664"},{"taxonomy":"product_cat","embeddable":true,"href":"https:\/\/www.casadainjecao.com.br\/loja\/wp-json\/wp\/v2\/product_cat?post=14664"},{"taxonomy":"product_tag","embeddable":true,"href":"https:\/\/www.casadainjecao.com.br\/loja\/wp-json\/wp\/v2\/product_tag?post=14664"},{"taxonomy":"berocket_brand","embeddable":true,"href":"https:\/\/www.casadainjecao.com.br\/loja\/wp-json\/wp\/v2\/berocket_brand?post=14664"}],"curies":[{"name":"wp","href":"https:\/\/api.w.org\/{rel}","templated":true}]}}