{"id":14677,"date":"2022-01-05T09:32:48","date_gmt":"2022-01-05T12:32:48","guid":{"rendered":"https:\/\/www.casadainjecao.com.br\/loja\/?post_type=product&#038;p=14677"},"modified":"2026-02-12T14:20:25","modified_gmt":"2026-02-12T17:20:25","slug":"tampa-borracha-coluna-interna-renault-megane-7703074428","status":"publish","type":"product","link":"https:\/\/www.casadainjecao.com.br\/loja\/autopecas\/carroceria\/lateral\/tampa-borracha-coluna-interna-renault-megane-7703074428\/","title":{"rendered":"Tampa Borracha Coluna Interna Renault Megane &#8211; 7703074"},"content":{"rendered":"<h1>Tampa Borracha Coluna Interna Renault Megane &#8211; 7703074428<\/h1>\n","protected":false},"excerpt":{"rendered":"<h2>Tampa Borracha Coluna Interna<\/h2>\n<p>&nbsp;<\/p>\n<p>&nbsp;<\/p>\n<p>&nbsp;<\/p>\n<h3 data-start=\"470\" data-end=\"493\">Renault Megane<\/h3>\n<p data-start=\"494\" data-end=\"629\">\u00a0<strong data-start=\"497\" data-end=\"517\">Renault Megane I<\/strong> (hatch, sedan e wagon) \u2014 <strong data-start=\"543\" data-end=\"563\">1997 1998 1999 2000 2001 2002 2003 <\/strong><strong data-start=\"543\" data-end=\"563\">2004<\/strong><br data-start=\"563\" data-end=\"566\" \/>\u00a0<strong data-start=\"569\" data-end=\"590\">Renault Megane II<\/strong> (hatch e sedan) \u2014 <strong data-start=\"609\" data-end=\"629\">2003 2004 2005 2006 2007 2008 2009 2010 2011\u00a0 2012<\/strong><\/p>\n<blockquote data-start=\"631\" data-end=\"698\">\n<p data-start=\"633\" data-end=\"698\">Essa \u00e9 a aplica\u00e7\u00e3o <em data-start=\"652\" data-end=\"673\">mais comum e direta<\/em> da pe\u00e7a \u2014 megane I e II.<\/p>\n<\/blockquote>\n<h3 data-start=\"705\" data-end=\"726\">Renault Clio<\/h3>\n<p data-start=\"727\" data-end=\"835\"><strong data-start=\"730\" data-end=\"758\">Renault Clio I \/ Clio II<\/strong> \u2014 vers\u00f5es com acabamento interno similar<br data-start=\"799\" data-end=\"802\" \/><strong data-start=\"805\" data-end=\"833\">1998 1999 2000 2001 2002 2003 2004 2005 2006 2007 2008 2009 2010 2011 2012 2013\u00a0<\/strong><\/p>\n<blockquote data-start=\"836\" data-end=\"935\">\n<p data-start=\"838\" data-end=\"935\">Em algumas vers\u00f5es com interior e coluna semelhante aos Megane, a tampa 7703074428 pode encaixar.<\/p>\n<\/blockquote>\n<h3 data-start=\"942\" data-end=\"965\">Renault Laguna<\/h3>\n<p data-start=\"966\" data-end=\"1032\"><strong data-start=\"969\" data-end=\"994\">Renault Laguna I e II<\/strong> \u2014 <strong data-start=\"997\" data-end=\"1030\">1994 1995 1996 1997 1998 1999 2000 2001 2002 2003 2004 2005 2006\u00a0 2007\u00a0 2008\u00a0<\/strong><\/p>\n<h3 data-start=\"1140\" data-end=\"1161\">Renault Kangoo<\/h3>\n<p data-start=\"1162\" data-end=\"1216\">\u00a0<strong data-start=\"1165\" data-end=\"1183\">Renault Kangoo<\/strong> \u2014 <strong data-start=\"1186\" data-end=\"1214\">1998 1999 2000 2001 2002 2003 2004 2005 2006 2007 2008 2009 2011 2012 2013\u00a0<\/strong><\/p>\n<h3 data-start=\"1316\" data-end=\"1339\">Renault Espace<\/h3>\n<p data-start=\"1340\" data-end=\"1403\">\u00a0<strong data-start=\"1343\" data-end=\"1370\">Renault Espace III \/ IV<\/strong> \u2014 <strong data-start=\"1373\" data-end=\"1401\">1997 1998 1999 2000 2001 2002 2003 2004 2005 2006 2007 2008 2009 2010 2011 2012 2013\u00a0 2014<\/strong><\/p>\n<p data-start=\"1340\" data-end=\"1403\">\n<p data-start=\"1340\" data-end=\"1403\">\n<p data-start=\"1340\" data-end=\"1403\">\n<p data-start=\"1340\" data-end=\"1403\">\n<h2>Codigo:\u00a0 7703074428<\/h2>\n<h3>Condi\u00e7\u00e3o do item: Novo<\/h3>\n<h3>Marca: Renault<\/h3>\n<p>garantia: 3 meses<\/p>\n<p>ATEN\u00c7\u00c3O: Antes de efetuar a compra verifique o c\u00f3digo da sua pe\u00e7a que est\u00e1 instalado no seu ve\u00edculo. e confirme se corresponde ao c\u00f3digo informado neste an\u00fancio.<br \/>\nEm caso de d\u00favida, utilize o campo de perguntas.<\/p>\n<p>&nbsp;<\/p>\n<p>&nbsp;<\/p>\n<p>&nbsp;<\/p>\n<p>A Casa da Inje\u00e7\u00e3o oferece total garantia nos produtos comprados em nosso site.<br \/>\nCada item \u00e9 rigorosamente testado antes do envio<br \/>\nSe os itens estiverem danificados ou parcialmente defeituosos, entre em contato conosco.<br \/>\nProcure um profissional devidamente licenciado para a instala\u00e7\u00e3o e fa\u00e7a revis\u00f5es periodicamente. A empresa n\u00e3o se responsabiliza por problemas oriundos da m\u00e1 instala\u00e7\u00e3o ou com a falta de cuidados peri\u00f3dicos dos componentes.<br \/>\nSe houver qualquer defeito, n\u00f3s lhe enviaremos uma substitui\u00e7\u00e3o ap\u00f3s receber o pacote ou devolvemos seu dinheiro.<br \/>\nLeia nossa pol\u00edtica de devolu\u00e7\u00e3o aqui<br \/>\nTem alguma d\u00favida?<br \/>\nEntre em contato que podemos ajudar!<br \/>\nConfira as informa\u00e7\u00f5es adicionais abaixo:<br \/>\nTodos os nossos produtos s\u00e3o novos, semi-novos, originais e paralelos possuem garantia.<br \/>\nTodos os produtos anunciados est\u00e3o dispon\u00edveis em estoque e s\u00e3o enviados com extrema rapidez.<br \/>\nO frete pode ser simulado antes de efetuar a compra, basta clicar em \u201cver custos de envio\u201d.<br \/>\nVerifique o endere\u00e7o de entrega cadastrado e atualize caso necess\u00e1rio.<br \/>\nConfirme se a pe\u00e7a \u00e9 correta para o seu modelo de ve\u00edculo.<br \/>\nPara pe\u00e7as automotivas, recomendamos a instala\u00e7\u00e3o por um profissional especializado.<br \/>\nCaso possua outras d\u00favidas, entre em contato.<\/p>\n","protected":false},"featured_media":44124,"template":"","meta":{"_seopress_robots_primary_cat":"none","_seopress_titles_title":"","_seopress_titles_desc":"","_seopress_robots_index":"","_joinchat":[]},"product_cat":[83,1174],"product_tag":[49,57,128,50,152],"berocket_brand":[394],"_links":{"self":[{"href":"https:\/\/www.casadainjecao.com.br\/loja\/wp-json\/wp\/v2\/product\/14677"}],"collection":[{"href":"https:\/\/www.casadainjecao.com.br\/loja\/wp-json\/wp\/v2\/product"}],"about":[{"href":"https:\/\/www.casadainjecao.com.br\/loja\/wp-json\/wp\/v2\/types\/product"}],"wp:featuredmedia":[{"embeddable":true,"href":"https:\/\/www.casadainjecao.com.br\/loja\/wp-json\/wp\/v2\/media\/44124"}],"wp:attachment":[{"href":"https:\/\/www.casadainjecao.com.br\/loja\/wp-json\/wp\/v2\/media?parent=14677"}],"wp:term":[{"taxonomy":"product_cat","embeddable":true,"href":"https:\/\/www.casadainjecao.com.br\/loja\/wp-json\/wp\/v2\/product_cat?post=14677"},{"taxonomy":"product_tag","embeddable":true,"href":"https:\/\/www.casadainjecao.com.br\/loja\/wp-json\/wp\/v2\/product_tag?post=14677"},{"taxonomy":"berocket_brand","embeddable":true,"href":"https:\/\/www.casadainjecao.com.br\/loja\/wp-json\/wp\/v2\/berocket_brand?post=14677"}],"curies":[{"name":"wp","href":"https:\/\/api.w.org\/{rel}","templated":true}]}}