{"id":14685,"date":"2022-01-05T10:30:13","date_gmt":"2022-01-05T13:30:13","guid":{"rendered":"https:\/\/www.casadainjecao.com.br\/loja\/?post_type=product&#038;p=14685"},"modified":"2022-01-14T16:55:57","modified_gmt":"2022-01-14T19:55:57","slug":"sensor-rotacao-ford-ranger-turbo-diesel-3-0-04693135aa","status":"publish","type":"product","link":"https:\/\/www.casadainjecao.com.br\/loja\/autopecas\/injecao-eletronica\/sensor-de-rotacao\/sensor-rotacao-ford-ranger-turbo-diesel-3-0-04693135aa\/","title":{"rendered":"Sensor Rota\u00e7\u00e3o Ford Ranger Turbo Diesel 3.0  &#8211; 04693"},"content":{"rendered":"<h1>Sensor Rota\u00e7\u00e3o Ford Ranger 3.0 Diesel &#8211; 04693135AA<\/h1>\n","protected":false},"excerpt":{"rendered":"<p>&nbsp;<\/p>\n<h2 class=\"produto-nome\">Sensor De Rota\u00e7\u00e3o Siemens<\/h2>\n<h2 class=\"produto-nome\">Ford Ranger 3.0 Turbo Diesel Power Stroke Eletronic 05&gt;12<\/h2>\n<h2>Troller T4 3.0 Turbo Diesel NGD da MWM 07&gt;12<\/h2>\n<h2 class=\"produto-nome\">Codigo:- 04693135AA\/ 12141485844 \/ 73193 3131701\u00a0 c=148<\/h2>\n<h1 class=\"ui-pdp-title\"><\/h1>\n","protected":false},"featured_media":14689,"template":"","meta":{"_seopress_robots_primary_cat":"none","_seopress_titles_title":"","_seopress_titles_desc":"","_seopress_robots_index":"","_joinchat":[]},"product_cat":[21,1322],"product_tag":[1427,1428],"berocket_brand":[383,384],"_links":{"self":[{"href":"https:\/\/www.casadainjecao.com.br\/loja\/wp-json\/wp\/v2\/product\/14685"}],"collection":[{"href":"https:\/\/www.casadainjecao.com.br\/loja\/wp-json\/wp\/v2\/product"}],"about":[{"href":"https:\/\/www.casadainjecao.com.br\/loja\/wp-json\/wp\/v2\/types\/product"}],"wp:featuredmedia":[{"embeddable":true,"href":"https:\/\/www.casadainjecao.com.br\/loja\/wp-json\/wp\/v2\/media\/14689"}],"wp:attachment":[{"href":"https:\/\/www.casadainjecao.com.br\/loja\/wp-json\/wp\/v2\/media?parent=14685"}],"wp:term":[{"taxonomy":"product_cat","embeddable":true,"href":"https:\/\/www.casadainjecao.com.br\/loja\/wp-json\/wp\/v2\/product_cat?post=14685"},{"taxonomy":"product_tag","embeddable":true,"href":"https:\/\/www.casadainjecao.com.br\/loja\/wp-json\/wp\/v2\/product_tag?post=14685"},{"taxonomy":"berocket_brand","embeddable":true,"href":"https:\/\/www.casadainjecao.com.br\/loja\/wp-json\/wp\/v2\/berocket_brand?post=14685"}],"curies":[{"name":"wp","href":"https:\/\/api.w.org\/{rel}","templated":true}]}}