{"id":14832,"date":"2022-01-08T09:47:13","date_gmt":"2022-01-08T12:47:13","guid":{"rendered":"https:\/\/www.casadainjecao.com.br\/loja\/?post_type=product&#038;p=14832"},"modified":"2026-02-06T11:20:35","modified_gmt":"2026-02-06T14:20:35","slug":"suporte-fixacao-corpo-de-borboleta-renault-sandero-8200988110","status":"publish","type":"product","link":"https:\/\/www.casadainjecao.com.br\/loja\/autopecas\/motor\/suporte\/suporte-fixacao-corpo-de-borboleta-renault-sandero-8200988110\/","title":{"rendered":"Suporte Fixa\u00e7\u00e3o Corpo de Borboleta Renault Sandero &#8211;"},"content":{"rendered":"<h1>Suporte Fixa\u00e7\u00e3o Corpo de Borboleta Renault Sandero &#8211; 8200988110<\/h1>\n","protected":false},"excerpt":{"rendered":"<h2>Suporte Fixa\u00e7\u00e3o Corpo de Borboleta<\/h2>\n<h3><\/h3>\n<ul>\n<li data-start=\"1754\" data-end=\"1827\">\n<h3 data-start=\"1756\" data-end=\"1827\">Renault\u00a0<strong data-start=\"1764\" data-end=\"1792\">Sandero 1.6 8V \/ 1.6 16V<\/strong>\u00a0\u2013\u00a0<strong data-start=\"1811\" data-end=\"1827\">2008 2009 2010 2011 2012 2013 2014 2015 2016 2017 2018 2019 2020<\/strong><\/h3>\n<\/li>\n<\/ul>\n<h3><\/h3>\n<ul>\n<li data-start=\"1828\" data-end=\"1899\">\n<h3 data-start=\"1830\" data-end=\"1899\">Renault\u00a0<strong data-start=\"1838\" data-end=\"1864\">Logan 1.6 8V \/ 1.6 16V<\/strong>\u00a0\u2013\u00a0\u00a0<strong data-start=\"1883\" data-end=\"1899\">2008\u00a0<\/strong><strong data-start=\"1811\" data-end=\"1827\">\u00a02009 2010 2011 2012 2013 2014 2015 2016 2017 2018 2019\u00a0<\/strong><strong data-start=\"1883\" data-end=\"1899\">2020<\/strong><\/h3>\n<\/li>\n<\/ul>\n<h3><\/h3>\n<h3><\/h3>\n<h3><\/h3>\n<h3>Codigo: 8200988110<\/h3>\n<h3><\/h3>\n<p>Condi\u00e7\u00e3o do item: Novo<\/p>\n<p>&nbsp;<\/p>\n<p>Marca: Renault<\/p>\n<p>&nbsp;<\/p>\n<p>garantia: 3 meses<\/p>\n<p>&nbsp;<\/p>\n<p>&nbsp;<\/p>\n<p>ATEN\u00c7\u00c3O: Antes de efetuar a compra verifique o c\u00f3digo da sua pe\u00e7a que est\u00e1 instalado no seu ve\u00edculo. e confirme se corresponde ao c\u00f3digo informado neste an\u00fancio.<\/p>\n<p>Em caso de d\u00favida, utilize o campo de perguntas.<\/p>\n<p>&nbsp;<\/p>\n<p>A Casa da Inje\u00e7\u00e3o oferece total garantia nos produtos comprados em nosso site.<br \/>\nCada item \u00e9 rigorosamente testado antes do envio<br \/>\nSe os itens estiverem danificados ou parcialmente defeituosos, entre em contato conosco.<br \/>\nProcure um profissional devidamente licenciado para a instala\u00e7\u00e3o e fa\u00e7a revis\u00f5es periodicamente. A empresa n\u00e3o se responsabiliza por problemas oriundos da m\u00e1 instala\u00e7\u00e3o ou com a falta de cuidados peri\u00f3dicos dos componentes.<br \/>\nSe houver qualquer defeito, n\u00f3s lhe enviaremos uma substitui\u00e7\u00e3o ap\u00f3s receber o pacote ou devolvemos seu dinheiro.<br \/>\nLeia nossa pol\u00edtica de devolu\u00e7\u00e3o aqui<br \/>\nTem alguma d\u00favida?<br \/>\nEntre em contato que podemos ajudar!<br \/>\nConfira as informa\u00e7\u00f5es adicionais abaixo:<br \/>\nTodos os nossos produtos s\u00e3o novos, semi-novos, originais e paralelos possuem garantia.<br \/>\nTodos os produtos anunciados est\u00e3o dispon\u00edveis em estoque e s\u00e3o enviados com extrema rapidez.<br \/>\nO frete pode ser simulado antes de efetuar a compra, basta clicar em \u201cver custos de envio\u201d.<br \/>\nVerifique o endere\u00e7o de entrega cadastrado e atualize caso necess\u00e1rio.<br \/>\nConfirme se a pe\u00e7a \u00e9 correta para o seu modelo de ve\u00edculo.<br \/>\nPara pe\u00e7as automotivas, recomendamos a instala\u00e7\u00e3o por um profissional especializado.<br \/>\nCaso possua outras d\u00favidas, entre em contato.<\/p>\n","protected":false},"featured_media":14835,"template":"","meta":{"_seopress_robots_primary_cat":"none","_seopress_titles_title":"","_seopress_titles_desc":"","_seopress_robots_index":"","_kad_blocks_custom_css":"","_kad_blocks_head_custom_js":"","_kad_blocks_body_custom_js":"","_kad_blocks_footer_custom_js":"","_joinchat":[]},"product_cat":[258,21,22,242],"product_tag":[66,91],"berocket_brand":[394],"taxonomy_info":{"product_cat":[{"value":258,"label":"Corpo de Borboleta"},{"value":21,"label":"Inje\u00e7\u00e3o Eletr\u00f4nica"},{"value":22,"label":"Motor"},{"value":242,"label":"Suporte"}],"product_tag":[{"value":66,"label":"Logan"},{"value":91,"label":"Sandero"}],"berocket_brand":[{"value":394,"label":"Renault"}]},"featured_image_src_large":["https:\/\/www.casadainjecao.com.br\/loja\/wp-content\/uploads\/2022\/01\/8200988110-suporte-fixacao-corpo-de-borboleta-logan-sandero-original.jpg",484,700,false],"author_info":[],"comment_info":"","_links":{"self":[{"href":"https:\/\/www.casadainjecao.com.br\/loja\/wp-json\/wp\/v2\/product\/14832"}],"collection":[{"href":"https:\/\/www.casadainjecao.com.br\/loja\/wp-json\/wp\/v2\/product"}],"about":[{"href":"https:\/\/www.casadainjecao.com.br\/loja\/wp-json\/wp\/v2\/types\/product"}],"wp:featuredmedia":[{"embeddable":true,"href":"https:\/\/www.casadainjecao.com.br\/loja\/wp-json\/wp\/v2\/media\/14835"}],"wp:attachment":[{"href":"https:\/\/www.casadainjecao.com.br\/loja\/wp-json\/wp\/v2\/media?parent=14832"}],"wp:term":[{"taxonomy":"product_cat","embeddable":true,"href":"https:\/\/www.casadainjecao.com.br\/loja\/wp-json\/wp\/v2\/product_cat?post=14832"},{"taxonomy":"product_tag","embeddable":true,"href":"https:\/\/www.casadainjecao.com.br\/loja\/wp-json\/wp\/v2\/product_tag?post=14832"},{"taxonomy":"berocket_brand","embeddable":true,"href":"https:\/\/www.casadainjecao.com.br\/loja\/wp-json\/wp\/v2\/berocket_brand?post=14832"}],"curies":[{"name":"wp","href":"https:\/\/api.w.org\/{rel}","templated":true}]}}