{"id":14839,"date":"2022-01-08T10:09:01","date_gmt":"2022-01-08T13:09:01","guid":{"rendered":"https:\/\/www.casadainjecao.com.br\/loja\/?post_type=product&#038;p=14839"},"modified":"2023-03-25T12:07:47","modified_gmt":"2023-03-25T15:07:47","slug":"sensor-rotacao-fiat-doblo-idea-palio-siena-fire-026121026","status":"publish","type":"product","link":"https:\/\/www.casadainjecao.com.br\/loja\/autopecas\/injecao-eletronica\/sensor-de-rotacao\/sensor-rotacao-fiat-doblo-idea-palio-siena-fire-026121026\/","title":{"rendered":"Sensor Rota\u00e7\u00e3o Fiat Doblo Idea Palio Siena Fire &#8211; 02"},"content":{"rendered":"<h1>Sensor Rota\u00e7\u00e3o Fiat Doblo Idea Palio Siena Fire &#8211; 026121026<\/h1>\n","protected":false},"excerpt":{"rendered":"<h2 class=\"ui-pdp-title\">Sensor Rota\u00e7\u00e3o<\/h2>\n<h2 class=\"ui-pdp-title\">Fiat Doblo Idea Palio Siena Fire 1.0\/1.4<\/h2>\n<h2 class=\"ui-pdp-title\">Codigo:- 026121026\/5523508\u00a0 c=20<\/h2>\n","protected":false},"featured_media":14843,"template":"","meta":{"_seopress_robots_primary_cat":"none","_seopress_titles_title":"","_seopress_titles_desc":"","_seopress_robots_index":"","_kad_blocks_custom_css":"","_kad_blocks_head_custom_js":"","_kad_blocks_body_custom_js":"","_kad_blocks_footer_custom_js":"","_joinchat":[]},"product_cat":[21,1322],"product_tag":[247,709,119,120],"berocket_brand":[383],"taxonomy_info":{"product_cat":[{"value":21,"label":"Inje\u00e7\u00e3o Eletr\u00f4nica"},{"value":1322,"label":"Sensor de Rota\u00e7\u00e3o"}],"product_tag":[{"value":247,"label":"Doblo"},{"value":709,"label":"Idea"},{"value":119,"label":"Palio"},{"value":120,"label":"Siena"}],"berocket_brand":[{"value":383,"label":"Fiat"}]},"featured_image_src_large":["https:\/\/www.casadainjecao.com.br\/loja\/wp-content\/uploads\/2022\/01\/026121026-Sensor-Rotacao-Fiat-Doblo-Idea-Palio-Siena-Fire.jpg",621,700,false],"author_info":[],"comment_info":"","_links":{"self":[{"href":"https:\/\/www.casadainjecao.com.br\/loja\/wp-json\/wp\/v2\/product\/14839"}],"collection":[{"href":"https:\/\/www.casadainjecao.com.br\/loja\/wp-json\/wp\/v2\/product"}],"about":[{"href":"https:\/\/www.casadainjecao.com.br\/loja\/wp-json\/wp\/v2\/types\/product"}],"wp:featuredmedia":[{"embeddable":true,"href":"https:\/\/www.casadainjecao.com.br\/loja\/wp-json\/wp\/v2\/media\/14843"}],"wp:attachment":[{"href":"https:\/\/www.casadainjecao.com.br\/loja\/wp-json\/wp\/v2\/media?parent=14839"}],"wp:term":[{"taxonomy":"product_cat","embeddable":true,"href":"https:\/\/www.casadainjecao.com.br\/loja\/wp-json\/wp\/v2\/product_cat?post=14839"},{"taxonomy":"product_tag","embeddable":true,"href":"https:\/\/www.casadainjecao.com.br\/loja\/wp-json\/wp\/v2\/product_tag?post=14839"},{"taxonomy":"berocket_brand","embeddable":true,"href":"https:\/\/www.casadainjecao.com.br\/loja\/wp-json\/wp\/v2\/berocket_brand?post=14839"}],"curies":[{"name":"wp","href":"https:\/\/api.w.org\/{rel}","templated":true}]}}