{"id":14926,"date":"2022-01-09T09:13:44","date_gmt":"2022-01-09T12:13:44","guid":{"rendered":"https:\/\/www.casadainjecao.com.br\/loja\/?post_type=product&#038;p=14926"},"modified":"2025-06-12T12:02:17","modified_gmt":"2025-06-12T15:02:17","slug":"tampa-borracha-drenagem-renault-logan-sandero-781965041r","status":"publish","type":"product","link":"https:\/\/www.casadainjecao.com.br\/loja\/autopecas\/carroceria\/borracha\/tampa-borracha-drenagem-renault-logan-sandero-781965041r\/","title":{"rendered":"Tampa Borracha Drenagem Renault Logan Sandero &#8211; 781965"},"content":{"rendered":"<h2>Tampa Borracha Drenagem Churrasqueira<\/h2>\n<p><strong>RENAULT\u00a0<\/strong><\/p>\n<p>Renault Duster Expression, Dynamique flex 1.6 16v 2.0 16v (2001 a 2018)<\/p>\n<p>Renault Logan Authentique, Expression flex, Privil\u00e9ge flex\u00a0Privil\u00e9ge flex 1.0 16v 1.6 8v 16v (2002 a 2013)<\/p>\n<p>Renault Logan II Authentique, Expression flex, Stepway, Dynamique flex (2013 a 2022)<\/p>\n<p>Renault Sandero Authentique, Expression flex, Privil\u00e9ge flex, Stepway flex, Vibe flex, GT Line 1.0 16v 1.6 8v 16v (2002 a 2013)<\/p>\n<p>Renault Sandero II Authentique, Expression flex, Vibe flex, RS flex 1.0 12v 16v 1.6 8v 16v 2.0 16v (2013 a 2022)<\/p>\n<p>Renault Captur Intese flex, Zen 1.6 16v 2.0 16v (2001 a 2020)<\/p>\n<h4>C\u00f3digo de Refer\u00eancia:<\/h4>\n<p>781965041r<\/p>\n<h4><strong>Condi\u00e7\u00f5es:<\/strong><\/h4>\n<p>Novo Original \/ Marca Renault<\/p>\n<h4><strong>Garantia:<\/strong><\/h4>\n<p>3 Meses<strong>\u00a0<\/strong><\/p>\n<h3>ATEN\u00c7\u00c3O: Antes de efetuar a compra verifique o c\u00f3digo da sua pe\u00e7a que est\u00e1 instalada no seu ve\u00edculo.<\/h3>\n<h3><strong>APLICA\u00c7\u00c3O:<\/strong><\/h3>\n<p>Linha Renault<\/p>\n<h4><strong>O que \u00e9 e para que serve Tampa Borracha Drenagem Churrasqueira?<\/strong><\/h4>\n<div class=\"flex flex-grow flex-col max-w-full\">\n<div class=\"min-h-[20px] text-message flex flex-col items-start whitespace-pre-wrap break-words [.text-message+&amp;]:mt-5 juice:w-full juice:items-end overflow-x-auto gap-2\" dir=\"auto\" data-message-author-role=\"assistant\" data-message-id=\"04e79d88-b830-45e3-992b-0cb05c3892dd\">\n<div class=\"flex w-full flex-col gap-1 juice:empty:hidden juice:first:pt-[3px]\">\n<div class=\"markdown prose w-full break-words dark:prose-invert light\">\n<p>A Tampa de borracha de drenagem da churrasqueira \u00e9 um componente utilizado em v\u00e1rias partes de um ve\u00edculo, normalmente no sof\u00e1, portas, ou outras \u00e1reas onde a \u00e1gua pode se acumular. Sua fun\u00e7\u00e3o principal \u00e9 permitir a drenagem de \u00e1gua acumulada, evitando que ela fique retida e cause corros\u00e3o ou outros danos. Al\u00e9m disso, a tampa de borracha de drenagem pode impedir a entrada de sujeira e detritos no sistema de drenagem quando n\u00e3o for necess\u00e1rio drenar a \u00e1gua, mantendo a integridade das partes internas do ve\u00edculo.<\/p>\n<\/div>\n<\/div>\n<\/div>\n<\/div>\n<div class=\"mt-1 flex gap-3 empty:hidden juice:-ml-3\">\n<div class=\"items-center justify-start rounded-xl p-1 flex\">\n<div><\/div>\n<div class=\"flex items-center\">A Casa da Inje\u00e7\u00e3o oferece total garantia nos produtos comprados em nosso site.<\/div>\n<\/div>\n<\/div>\n<ol>\n<li>Cada item \u00e9 rigorosamente testado antes do envio<\/li>\n<li>Se os itens estiverem danificados ou parcialmente defeituosos, entre em contato conosco.<\/li>\n<\/ol>\n<p>Se houver qualquer defeito, n\u00f3s lhe enviaremos uma substitui\u00e7\u00e3o ap\u00f3s receber o pacote ou devolvemos seu dinheiro.<\/p>\n<p>Leia nossa\u00a0<a href=\"https:\/\/www.casadainjecao.com.br\/loja\/politica-de-devolucao\">pol\u00edtica de devolu\u00e7\u00e3o aqui<\/a><\/p>\n<p>\u2014\u2014\u2014\u2014\u2014\u2014\u2014\u2014\u2014\u2014\u2014\u2014\u2014\u2014\u2014\u2014\u2014\u2014\u2014\u2013<\/p>\n<p><strong>Tem alguma d\u00favida?<\/strong><\/p>\n<p>Entre em contato que podemos ajudar!<\/p>\n<p>Confira as informa\u00e7\u00f5es adicionais abaixo:<\/p>\n<ul>\n<li>Todos os nossos produtos s\u00e3o novos, semi-novos, originais e paralelos possuem garantia.<\/li>\n<li>Todos os produtos anunciados est\u00e3o dispon\u00edveis em estoque e s\u00e3o enviados com extrema rapidez.<\/li>\n<li>O frete pode ser simulado antes de efetuar a compra, basta clicar em \u201cver custos de envio\u201d.<\/li>\n<li>Verifique o endere\u00e7o de entrega cadastrado e atualize caso necess\u00e1rio.<\/li>\n<li>Confirme se a pe\u00e7a \u00e9 correta para o seu modelo de ve\u00edculo.<\/li>\n<li>Para pe\u00e7as automotivas, recomendamos a instala\u00e7\u00e3o por um profissional especializado.<\/li>\n<\/ul>\n<p>Caso possua outras d\u00favidas, entre em contato.<\/p>\n","protected":false},"excerpt":{"rendered":"<h2>Tampa Borracha Drenagem Renault Logan Sandero &#8211; 781965041r<\/h2>\n<h2><\/h2>\n","protected":false},"featured_media":34194,"template":"","meta":{"_seopress_robots_primary_cat":"none","_seopress_titles_title":"","_seopress_titles_desc":"","_seopress_robots_index":"","_joinchat":[]},"product_cat":[1258,83],"product_tag":[52,66,91],"berocket_brand":[394],"_links":{"self":[{"href":"https:\/\/www.casadainjecao.com.br\/loja\/wp-json\/wp\/v2\/product\/14926"}],"collection":[{"href":"https:\/\/www.casadainjecao.com.br\/loja\/wp-json\/wp\/v2\/product"}],"about":[{"href":"https:\/\/www.casadainjecao.com.br\/loja\/wp-json\/wp\/v2\/types\/product"}],"wp:featuredmedia":[{"embeddable":true,"href":"https:\/\/www.casadainjecao.com.br\/loja\/wp-json\/wp\/v2\/media\/34194"}],"wp:attachment":[{"href":"https:\/\/www.casadainjecao.com.br\/loja\/wp-json\/wp\/v2\/media?parent=14926"}],"wp:term":[{"taxonomy":"product_cat","embeddable":true,"href":"https:\/\/www.casadainjecao.com.br\/loja\/wp-json\/wp\/v2\/product_cat?post=14926"},{"taxonomy":"product_tag","embeddable":true,"href":"https:\/\/www.casadainjecao.com.br\/loja\/wp-json\/wp\/v2\/product_tag?post=14926"},{"taxonomy":"berocket_brand","embeddable":true,"href":"https:\/\/www.casadainjecao.com.br\/loja\/wp-json\/wp\/v2\/berocket_brand?post=14926"}],"curies":[{"name":"wp","href":"https:\/\/api.w.org\/{rel}","templated":true}]}}