{"id":15152,"date":"2022-01-13T09:18:52","date_gmt":"2022-01-13T12:18:52","guid":{"rendered":"https:\/\/www.casadainjecao.com.br\/loja\/?post_type=product&#038;p=15152"},"modified":"2025-12-15T09:07:26","modified_gmt":"2025-12-15T12:07:26","slug":"terminal-direcao-trw-le-renault-logan-sandero-6001550443","status":"publish","type":"product","link":"https:\/\/www.casadainjecao.com.br\/loja\/autopecas\/suspencao\/terminal-direcao\/terminal-direcao-trw-le-renault-logan-sandero-6001550443\/","title":{"rendered":"Terminal Dire\u00e7\u00e3o Trw LE Renault Logan Sandero &#8211; 6001"},"content":{"rendered":"<h1>Terminal Dire\u00e7\u00e3o Trw LE Renault Logan Sandero\u00a0 &#8211; 6001550443<\/h1>\n","protected":false},"excerpt":{"rendered":"<h2>Terminal Dire\u00e7\u00e3o Trw LE<\/h2>\n<h2>Renault Logan Sandero 1.0 1.6 16v 08&gt;16<\/h2>\n<h2>Codigo:-6001550443\/485200410r b=5<\/h2>\n","protected":false},"featured_media":15343,"template":"","meta":{"_seopress_robots_primary_cat":"none","_seopress_titles_title":"","_seopress_titles_desc":"","_seopress_robots_index":"","_joinchat":[]},"product_cat":[1104,1343],"product_tag":[66,91],"berocket_brand":[394],"_links":{"self":[{"href":"https:\/\/www.casadainjecao.com.br\/loja\/wp-json\/wp\/v2\/product\/15152"}],"collection":[{"href":"https:\/\/www.casadainjecao.com.br\/loja\/wp-json\/wp\/v2\/product"}],"about":[{"href":"https:\/\/www.casadainjecao.com.br\/loja\/wp-json\/wp\/v2\/types\/product"}],"wp:featuredmedia":[{"embeddable":true,"href":"https:\/\/www.casadainjecao.com.br\/loja\/wp-json\/wp\/v2\/media\/15343"}],"wp:attachment":[{"href":"https:\/\/www.casadainjecao.com.br\/loja\/wp-json\/wp\/v2\/media?parent=15152"}],"wp:term":[{"taxonomy":"product_cat","embeddable":true,"href":"https:\/\/www.casadainjecao.com.br\/loja\/wp-json\/wp\/v2\/product_cat?post=15152"},{"taxonomy":"product_tag","embeddable":true,"href":"https:\/\/www.casadainjecao.com.br\/loja\/wp-json\/wp\/v2\/product_tag?post=15152"},{"taxonomy":"berocket_brand","embeddable":true,"href":"https:\/\/www.casadainjecao.com.br\/loja\/wp-json\/wp\/v2\/berocket_brand?post=15152"}],"curies":[{"name":"wp","href":"https:\/\/api.w.org\/{rel}","templated":true}]}}