{"id":15339,"date":"2022-01-17T10:09:53","date_gmt":"2022-01-17T13:09:53","guid":{"rendered":"https:\/\/www.casadainjecao.com.br\/loja\/?post_type=product&#038;p=15339"},"modified":"2026-02-06T15:16:19","modified_gmt":"2026-02-06T18:16:19","slug":"parafuso-coletor-do-escape-renault-r19-7703027289","status":"publish","type":"product","link":"https:\/\/www.casadainjecao.com.br\/loja\/autopecas\/motor\/coletores-de-admissao\/parafuso-coletor-do-escape-renault-r19-7703027289\/","title":{"rendered":"Parafuso Coletor do Escape Renault R19 &#8211; 7703027289"},"content":{"rendered":"<h1>Parafuso Coletor do Escape Renault R19 &#8211; 7703027289<\/h1>\n","protected":false},"excerpt":{"rendered":"<h2 class=\"QN2lPu\">Parafuso Coletor do Escape (M10x150-65)<\/h2>\n<p>&nbsp;<\/p>\n<p>&nbsp;<\/p>\n<h3 class=\"QN2lPu\">Renault R19 &#8211; 1988 1989 1990 1991 1992 1993 1994 1995 1996 1997 1998 1999 2000 2001\u00a0\u00a0(1\u00aa e 2\u00aa gera\u00e7\u00e3o do R19)<\/h3>\n<h3 class=\"QN2lPu\">Tipo de parafuso: M10\u00d71.5 com comprimento aproximado 150-65 (dimens\u00f5es de rosca\/encaixe).<\/h3>\n<h3 class=\"QN2lPu\">Fun\u00e7\u00e3o: Garante a fixa\u00e7\u00e3o firme do coletor de escape no cabe\u00e7ote para evitar vazamentos de gases e manter a veda\u00e7\u00e3o com a junta.<\/h3>\n<p>&nbsp;<\/p>\n<p>&nbsp;<\/p>\n<h3 class=\"QN2lPu\">Pode apresentar marcas de oxida\u00e7\u00e3o superficial<\/h3>\n<p>&nbsp;<\/p>\n<p>&nbsp;<\/p>\n<h3 class=\"QN2lPu\">Codigo:\u00a0 7703027289<\/h3>\n<p>&nbsp;<\/p>\n<h3 class=\"QN2lPu\">Condi\u00e7\u00e3o do item: Novo<\/h3>\n<p>&nbsp;<\/p>\n<h3 class=\"QN2lPu\">Marca: Renault<\/h3>\n<p>&nbsp;<\/p>\n<h3 class=\"QN2lPu\">garantia: 3 meses<\/h3>\n<p>&nbsp;<\/p>\n<h3 class=\"QN2lPu\">ATEN\u00c7\u00c3O: Antes de efetuar a compra verifique o c\u00f3digo da sua pe\u00e7a que est\u00e1 instalado no seu ve\u00edculo. e confirme se corresponde ao c\u00f3digo informado neste an\u00fancio.Em caso de d\u00favida, utilize o campo de perguntas.<\/h3>\n<p>&nbsp;<\/p>\n<p>&nbsp;<\/p>\n<h3 class=\"QN2lPu\">Parafuso original usado na fixa\u00e7\u00e3o do coletor de escape no motor do Renault R19<\/h3>\n<h3 class=\"QN2lPu\">geralmente especificado como M10\u00d7150-65 (maior resist\u00eancia e passo de rosca adequado ao coletor).<\/h3>\n<p>&nbsp;<\/p>\n<p>&nbsp;<\/p>\n<p>A Casa da Inje\u00e7\u00e3o oferece total garantia nos produtos comprados em nosso site.<br \/>\nCada item \u00e9 rigorosamente testado antes do envio<br \/>\nSe os itens estiverem danificados ou parcialmente defeituosos, entre em contato conosco.<br \/>\nProcure um profissional devidamente licenciado para a instala\u00e7\u00e3o e fa\u00e7a revis\u00f5es periodicamente. A empresa n\u00e3o se responsabiliza por problemas oriundos da m\u00e1 instala\u00e7\u00e3o ou com a falta de cuidados peri\u00f3dicos dos componentes.<br \/>\nSe houver qualquer defeito, n\u00f3s lhe enviaremos uma substitui\u00e7\u00e3o ap\u00f3s receber o pacote ou devolvemos seu dinheiro.<br \/>\nLeia nossa pol\u00edtica de devolu\u00e7\u00e3o aqui<br \/>\nTem alguma d\u00favida?<br \/>\nEntre em contato que podemos ajudar!<br \/>\nConfira as informa\u00e7\u00f5es adicionais abaixo:<br \/>\nTodos os nossos produtos s\u00e3o novos, semi-novos, originais e paralelos possuem garantia.<br \/>\nTodos os produtos anunciados est\u00e3o dispon\u00edveis em estoque e s\u00e3o enviados com extrema rapidez.<br \/>\nO frete pode ser simulado antes de efetuar a compra, basta clicar em \u201cver custos de envio\u201d.<br \/>\nVerifique o endere\u00e7o de entrega cadastrado e atualize caso necess\u00e1rio.<br \/>\nConfirme se a pe\u00e7a \u00e9 correta para o seu modelo de ve\u00edculo.<br \/>\nPara pe\u00e7as automotivas, recomendamos a instala\u00e7\u00e3o por um profissional especializado.<br \/>\nCaso possua outras d\u00favidas, entre em contato.<\/p>\n","protected":false},"featured_media":43997,"template":"","meta":{"_seopress_robots_primary_cat":"none","_seopress_titles_title":"","_seopress_titles_desc":"","_seopress_robots_index":"","_joinchat":[]},"product_cat":[212,18,22],"product_tag":[1441],"berocket_brand":[394],"_links":{"self":[{"href":"https:\/\/www.casadainjecao.com.br\/loja\/wp-json\/wp\/v2\/product\/15339"}],"collection":[{"href":"https:\/\/www.casadainjecao.com.br\/loja\/wp-json\/wp\/v2\/product"}],"about":[{"href":"https:\/\/www.casadainjecao.com.br\/loja\/wp-json\/wp\/v2\/types\/product"}],"wp:featuredmedia":[{"embeddable":true,"href":"https:\/\/www.casadainjecao.com.br\/loja\/wp-json\/wp\/v2\/media\/43997"}],"wp:attachment":[{"href":"https:\/\/www.casadainjecao.com.br\/loja\/wp-json\/wp\/v2\/media?parent=15339"}],"wp:term":[{"taxonomy":"product_cat","embeddable":true,"href":"https:\/\/www.casadainjecao.com.br\/loja\/wp-json\/wp\/v2\/product_cat?post=15339"},{"taxonomy":"product_tag","embeddable":true,"href":"https:\/\/www.casadainjecao.com.br\/loja\/wp-json\/wp\/v2\/product_tag?post=15339"},{"taxonomy":"berocket_brand","embeddable":true,"href":"https:\/\/www.casadainjecao.com.br\/loja\/wp-json\/wp\/v2\/berocket_brand?post=15339"}],"curies":[{"name":"wp","href":"https:\/\/api.w.org\/{rel}","templated":true}]}}