{"id":15722,"date":"2022-01-28T15:34:07","date_gmt":"2022-01-28T18:34:07","guid":{"rendered":"https:\/\/www.casadainjecao.com.br\/loja\/?post_type=product&#038;p=15722"},"modified":"2022-01-28T17:28:17","modified_gmt":"2022-01-28T20:28:17","slug":"kit-de-fixacao-da-cabine-renault-megane-ii-7701470451","status":"publish","type":"product","link":"https:\/\/www.casadainjecao.com.br\/loja\/autopecas\/carroceria\/kit-de-fixacao-da-cabine-renault-megane-ii-7701470451\/","title":{"rendered":"Kit de Fixa\u00e7\u00e3o da Cabine Renault Megane II &#8211; 7701470"},"content":{"rendered":"<h1>Kit de Fixa\u00e7\u00e3o da Cabine Renault Megane II- 7701470451<\/h1>\n","protected":false},"excerpt":{"rendered":"<h2>Kit de Fixa\u00e7\u00e3o da Cabine<\/h2>\n<h2>Renault Megane II<\/h2>\n<h2>Codigo: &#8211; 7701470451 c=7<\/h2>\n","protected":false},"featured_media":15728,"template":"","meta":{"_seopress_robots_primary_cat":"none","_seopress_titles_title":"","_seopress_titles_desc":"","_seopress_robots_index":"","_joinchat":[]},"product_cat":[83],"product_tag":[147],"berocket_brand":[394],"_links":{"self":[{"href":"https:\/\/www.casadainjecao.com.br\/loja\/wp-json\/wp\/v2\/product\/15722"}],"collection":[{"href":"https:\/\/www.casadainjecao.com.br\/loja\/wp-json\/wp\/v2\/product"}],"about":[{"href":"https:\/\/www.casadainjecao.com.br\/loja\/wp-json\/wp\/v2\/types\/product"}],"wp:featuredmedia":[{"embeddable":true,"href":"https:\/\/www.casadainjecao.com.br\/loja\/wp-json\/wp\/v2\/media\/15728"}],"wp:attachment":[{"href":"https:\/\/www.casadainjecao.com.br\/loja\/wp-json\/wp\/v2\/media?parent=15722"}],"wp:term":[{"taxonomy":"product_cat","embeddable":true,"href":"https:\/\/www.casadainjecao.com.br\/loja\/wp-json\/wp\/v2\/product_cat?post=15722"},{"taxonomy":"product_tag","embeddable":true,"href":"https:\/\/www.casadainjecao.com.br\/loja\/wp-json\/wp\/v2\/product_tag?post=15722"},{"taxonomy":"berocket_brand","embeddable":true,"href":"https:\/\/www.casadainjecao.com.br\/loja\/wp-json\/wp\/v2\/berocket_brand?post=15722"}],"curies":[{"name":"wp","href":"https:\/\/api.w.org\/{rel}","templated":true}]}}