{"id":16099,"date":"2022-02-18T15:11:10","date_gmt":"2022-02-18T18:11:10","guid":{"rendered":"https:\/\/www.casadainjecao.com.br\/loja\/?post_type=product&#038;p=16099"},"modified":"2024-03-18T14:10:25","modified_gmt":"2024-03-18T17:10:25","slug":"cartao-memoria-gps-multi-regiao-v5-vw-jetta-golf-3g0919866aa","status":"publish","type":"product","link":"https:\/\/www.casadainjecao.com.br\/loja\/autopecas\/eletrica\/cartao-memoria-gps-multi-regiao-v5-vw-jetta-golf-3g0919866aa\/","title":{"rendered":"Cart\u00e3o Memoria Gps Multi Regi\u00e3o V5 Vw Jetta Golf &#8211; 3"},"content":{"rendered":"<h1>Cart\u00e3o Memoria Gps Multi Regi\u00e3o V5 Vw Jetta Golf &#8211; 3G0919866AA<\/h1>\n","protected":false},"excerpt":{"rendered":"<h2>Cart\u00e3o Memoria Gps Multi Regi\u00e3o V5 Map 2<\/h2>\n<h2>Vw Jetta Golf<\/h2>\n<h2>Codigo: 3G0919866AA<\/h2>\n","protected":false},"featured_media":16100,"template":"","meta":{"_seopress_robots_primary_cat":"none","_seopress_titles_title":"","_seopress_titles_desc":"","_seopress_robots_index":"","_seopress_analysis_target_kw":"","_kad_blocks_custom_css":"","_kad_blocks_head_custom_js":"","_kad_blocks_body_custom_js":"","_kad_blocks_footer_custom_js":"","_kadence_starter_templates_imported_post":false,"_joinchat":[]},"product_brand":[],"product_cat":[17],"product_tag":[698,848],"berocket_brand":[396],"class_list":{"0":"post-16099","1":"product","2":"type-product","3":"status-publish","4":"has-post-thumbnail","6":"product_cat-eletrica","7":"product_tag-golf","8":"product_tag-jetta","9":"berocket_brand-volkswagen","10":"thunk-woo-product-list","11":"big-store-woo-hover-zoom","12":"open-single-product-tab-horizontal","13":"open-shadow-","14":"open-shadow-hover-","16":"first","17":"outofstock","18":"sale","19":"taxable","20":"shipping-taxable","21":"purchasable","22":"product-type-simple"},"taxonomy_info":{"product_cat":[{"value":17,"label":"El\u00e9trica"}],"product_tag":[{"value":698,"label":"Golf"},{"value":848,"label":"Jetta"}],"berocket_brand":[{"value":396,"label":"Volkswagen"}]},"featured_image_src_large":["https:\/\/www.casadainjecao.com.br\/loja\/wp-content\/uploads\/2022\/02\/3G0919866AA-Cartao-Memoria-Gps-Multi-Regiao-V5-Vw-Jetta-Golf-582x780.jpg",582,780,true],"author_info":[],"comment_info":"","_links":{"self":[{"href":"https:\/\/www.casadainjecao.com.br\/loja\/wp-json\/wp\/v2\/product\/16099","targetHints":{"allow":["GET"]}}],"collection":[{"href":"https:\/\/www.casadainjecao.com.br\/loja\/wp-json\/wp\/v2\/product"}],"about":[{"href":"https:\/\/www.casadainjecao.com.br\/loja\/wp-json\/wp\/v2\/types\/product"}],"wp:featuredmedia":[{"embeddable":true,"href":"https:\/\/www.casadainjecao.com.br\/loja\/wp-json\/wp\/v2\/media\/16100"}],"wp:attachment":[{"href":"https:\/\/www.casadainjecao.com.br\/loja\/wp-json\/wp\/v2\/media?parent=16099"}],"wp:term":[{"taxonomy":"product_brand","embeddable":true,"href":"https:\/\/www.casadainjecao.com.br\/loja\/wp-json\/wp\/v2\/product_brand?post=16099"},{"taxonomy":"product_cat","embeddable":true,"href":"https:\/\/www.casadainjecao.com.br\/loja\/wp-json\/wp\/v2\/product_cat?post=16099"},{"taxonomy":"product_tag","embeddable":true,"href":"https:\/\/www.casadainjecao.com.br\/loja\/wp-json\/wp\/v2\/product_tag?post=16099"},{"taxonomy":"berocket_brand","embeddable":true,"href":"https:\/\/www.casadainjecao.com.br\/loja\/wp-json\/wp\/v2\/berocket_brand?post=16099"}],"curies":[{"name":"wp","href":"https:\/\/api.w.org\/{rel}","templated":true}]}}