{"id":16101,"date":"2022-02-18T15:23:01","date_gmt":"2022-02-18T18:23:01","guid":{"rendered":"https:\/\/www.casadainjecao.com.br\/loja\/?post_type=product&#038;p=16101"},"modified":"2022-02-18T18:18:38","modified_gmt":"2022-02-18T21:18:38","slug":"cartao-memoria-gps-multi-regiao-v7-vw-tiguan-3g0919866bf","status":"publish","type":"product","link":"https:\/\/www.casadainjecao.com.br\/loja\/autopecas\/eletrica\/cartao-memoria-gps-multi-regiao-v7-vw-tiguan-3g0919866bf\/","title":{"rendered":"Cart\u00e3o Memoria Gps Multi Regi\u00e3o V7 Vw Tiguan &#8211; 3G091"},"content":{"rendered":"<h1>Cart\u00e3o Memoria Gps Multi Regi\u00e3o V7 Vw Tiguan\u00a0 &#8211; 3G0919866BF<\/h1>\n","protected":false},"excerpt":{"rendered":"<h2>Cart\u00e3o Memoria Gps Multi Regi\u00e3o V7 Map 2<\/h2>\n<h2>Vw Tiguan<\/h2>\n<h2>Codigo:- 3G0919866BF\u00a0 c=148<\/h2>\n","protected":false},"featured_media":16102,"template":"","meta":{"_seopress_robots_primary_cat":"none","_seopress_titles_title":"","_seopress_titles_desc":"","_seopress_robots_index":"","_seopress_analysis_target_kw":"","_kad_blocks_custom_css":"","_kad_blocks_head_custom_js":"","_kad_blocks_body_custom_js":"","_kad_blocks_footer_custom_js":"","_kadence_starter_templates_imported_post":false,"_joinchat":[]},"product_brand":[],"product_cat":[17],"product_tag":[698,848],"berocket_brand":[396],"class_list":{"0":"post-16101","1":"product","2":"type-product","3":"status-publish","4":"has-post-thumbnail","6":"product_cat-eletrica","7":"product_tag-golf","8":"product_tag-jetta","9":"berocket_brand-volkswagen","10":"thunk-woo-product-list","11":"big-store-woo-hover-zoom","12":"open-single-product-tab-horizontal","13":"open-shadow-","14":"open-shadow-hover-","16":"first","17":"instock","18":"sale","19":"taxable","20":"shipping-taxable","21":"purchasable","22":"product-type-simple"},"taxonomy_info":{"product_cat":[{"value":17,"label":"El\u00e9trica"}],"product_tag":[{"value":698,"label":"Golf"},{"value":848,"label":"Jetta"}],"berocket_brand":[{"value":396,"label":"Volkswagen"}]},"featured_image_src_large":["https:\/\/www.casadainjecao.com.br\/loja\/wp-content\/uploads\/2022\/02\/3G0919866BF-Cartao-Memoria-Gps-Multi-Regiao-V7-Vw-Jetta-Golf-572x780.jpg",572,780,true],"author_info":[],"comment_info":"","_links":{"self":[{"href":"https:\/\/www.casadainjecao.com.br\/loja\/wp-json\/wp\/v2\/product\/16101","targetHints":{"allow":["GET"]}}],"collection":[{"href":"https:\/\/www.casadainjecao.com.br\/loja\/wp-json\/wp\/v2\/product"}],"about":[{"href":"https:\/\/www.casadainjecao.com.br\/loja\/wp-json\/wp\/v2\/types\/product"}],"wp:featuredmedia":[{"embeddable":true,"href":"https:\/\/www.casadainjecao.com.br\/loja\/wp-json\/wp\/v2\/media\/16102"}],"wp:attachment":[{"href":"https:\/\/www.casadainjecao.com.br\/loja\/wp-json\/wp\/v2\/media?parent=16101"}],"wp:term":[{"taxonomy":"product_brand","embeddable":true,"href":"https:\/\/www.casadainjecao.com.br\/loja\/wp-json\/wp\/v2\/product_brand?post=16101"},{"taxonomy":"product_cat","embeddable":true,"href":"https:\/\/www.casadainjecao.com.br\/loja\/wp-json\/wp\/v2\/product_cat?post=16101"},{"taxonomy":"product_tag","embeddable":true,"href":"https:\/\/www.casadainjecao.com.br\/loja\/wp-json\/wp\/v2\/product_tag?post=16101"},{"taxonomy":"berocket_brand","embeddable":true,"href":"https:\/\/www.casadainjecao.com.br\/loja\/wp-json\/wp\/v2\/berocket_brand?post=16101"}],"curies":[{"name":"wp","href":"https:\/\/api.w.org\/{rel}","templated":true}]}}