{"id":16180,"date":"2022-02-21T19:16:48","date_gmt":"2022-02-21T22:16:48","guid":{"rendered":"https:\/\/www.casadainjecao.com.br\/loja\/?post_type=product&#038;p=16180"},"modified":"2026-04-07T15:53:21","modified_gmt":"2026-04-07T18:53:21","slug":"luz-de-freio-renault-megane-original-8200175536","status":"publish","type":"product","link":"https:\/\/www.casadainjecao.com.br\/loja\/autopecas\/interior\/brake-light\/luz-de-freio-renault-megane-original-8200175536\/","title":{"rendered":"Break Light Renault Megane Sed\u00e3 Original- 8200175536"},"content":{"rendered":"<h1>Break Ligth Luz de Freio Central\u00a0 Original<\/h1>\n<h3>Renault Megane\u00a0 Seda 2008 2009 2010<br \/>\nCodigo: &#8211; 8200175536\u00a0 p=19<\/h3>\n<p>Condi\u00e7\u00f5es:<\/p>\n<p>Produto Novo Original<br \/>\nGarantia:<br \/>\n3 Meses<\/p>\n<p>ATEN\u00c7\u00c3O: Antes de efetuar a compra verifique o c\u00f3digo da sua pe\u00e7a que est\u00e1 instalado no seu ve\u00edculo.<br \/>\nA Casa da Inje\u00e7\u00e3o SP oferece total garantia nos produtos comprados em nosso site.<br \/>\nCada item \u00e9 rigorosamente inspecionado \u00a0antes do envio<br \/>\nSe os itens estiverem danificados ou parcialmente defeituosos, entre em contato conosco.<br \/>\nProcure um profissional devidamente licenciado para a instala\u00e7\u00e3o e fa\u00e7a revis\u00f5es periodicamente.<br \/>\nA empresa n\u00e3o se responsabiliza por problemas oriundos da m\u00e1 instala\u00e7\u00e3o ou com a falta de cuidados<br \/>\nperi\u00f3dicos dos componentes.<br \/>\nSe houver qualquer defeito, ficamos a disposi\u00e7\u00e3o para a substitui\u00e7\u00e3o ou devolvemos seu dinheiro.<br \/>\nTem alguma d\u00favida?<br \/>\nEntre em contato que podemos ajudar!<br \/>\nConfira as informa\u00e7\u00f5es adicionais abaixo:<br \/>\nTodos os produtos anunciados est\u00e3o dispon\u00edveis em estoque e s\u00e3o enviados com extrema rapidez .<br \/>\nO frete pode ser simulado antes de efetuar a compra, basta clicar em \u201cver custos de envio\u201d.<br \/>\nVerifique o endere\u00e7o de entrega cadastrado e atualize caso necess\u00e1rio.<br \/>\nConfirme se a pe\u00e7a \u00e9 correta para o seu modelo de ve\u00edculo.<br \/>\nPara pe\u00e7as automotivas, recomendamos a instala\u00e7\u00e3o por um profissional especializado.<br \/>\nCaso possua outras d\u00favidas, entre em contato.<\/p>\n","protected":false},"excerpt":{"rendered":"<h2 class=\"ui-pdp-title\">Break Light Renault Megane Sed\u00e3 Novo Original &#8211; 8200175536<\/h2>\n","protected":false},"featured_media":45060,"template":"","meta":{"_seopress_robots_primary_cat":"none","_seopress_titles_title":"","_seopress_titles_desc":"","_seopress_robots_index":"","_seopress_analysis_target_kw":"","_kad_blocks_custom_css":"","_kad_blocks_head_custom_js":"","_kad_blocks_body_custom_js":"","_kad_blocks_footer_custom_js":"","_kadence_starter_templates_imported_post":false,"_joinchat":[]},"product_brand":[],"product_cat":[1380,24],"product_tag":[50],"berocket_brand":[394],"class_list":{"0":"post-16180","1":"product","2":"type-product","3":"status-publish","4":"has-post-thumbnail","6":"product_cat-brake-light","7":"product_cat-interior","8":"product_tag-megane","9":"berocket_brand-renault","10":"thunk-woo-product-list","11":"big-store-woo-hover-zoom","12":"open-single-product-tab-horizontal","13":"open-shadow-","14":"open-shadow-hover-","16":"first","17":"instock","18":"sale","19":"taxable","20":"shipping-taxable","21":"purchasable","22":"product-type-simple"},"taxonomy_info":{"product_cat":[{"value":1380,"label":"Brake Light"},{"value":24,"label":"Interior"}],"product_tag":[{"value":50,"label":"Megane"}],"berocket_brand":[{"value":394,"label":"Renault"}]},"featured_image_src_large":["https:\/\/www.casadainjecao.com.br\/loja\/wp-content\/uploads\/2022\/02\/8200175536-920x920.jpg",640,640,true],"author_info":[],"comment_info":"","_links":{"self":[{"href":"https:\/\/www.casadainjecao.com.br\/loja\/wp-json\/wp\/v2\/product\/16180","targetHints":{"allow":["GET"]}}],"collection":[{"href":"https:\/\/www.casadainjecao.com.br\/loja\/wp-json\/wp\/v2\/product"}],"about":[{"href":"https:\/\/www.casadainjecao.com.br\/loja\/wp-json\/wp\/v2\/types\/product"}],"wp:featuredmedia":[{"embeddable":true,"href":"https:\/\/www.casadainjecao.com.br\/loja\/wp-json\/wp\/v2\/media\/45060"}],"wp:attachment":[{"href":"https:\/\/www.casadainjecao.com.br\/loja\/wp-json\/wp\/v2\/media?parent=16180"}],"wp:term":[{"taxonomy":"product_brand","embeddable":true,"href":"https:\/\/www.casadainjecao.com.br\/loja\/wp-json\/wp\/v2\/product_brand?post=16180"},{"taxonomy":"product_cat","embeddable":true,"href":"https:\/\/www.casadainjecao.com.br\/loja\/wp-json\/wp\/v2\/product_cat?post=16180"},{"taxonomy":"product_tag","embeddable":true,"href":"https:\/\/www.casadainjecao.com.br\/loja\/wp-json\/wp\/v2\/product_tag?post=16180"},{"taxonomy":"berocket_brand","embeddable":true,"href":"https:\/\/www.casadainjecao.com.br\/loja\/wp-json\/wp\/v2\/berocket_brand?post=16180"}],"curies":[{"name":"wp","href":"https:\/\/api.w.org\/{rel}","templated":true}]}}