{"id":16252,"date":"2022-03-03T14:47:18","date_gmt":"2022-03-03T17:47:18","guid":{"rendered":"https:\/\/www.casadainjecao.com.br\/loja\/?post_type=product&#038;p=16252"},"modified":"2023-05-08T11:11:30","modified_gmt":"2023-05-08T14:11:30","slug":"sensor-posicao-de-borboleta-tps-gol-parati-1-6-1-8-2-0-pf5c-00","status":"publish","type":"product","link":"https:\/\/www.casadainjecao.com.br\/loja\/autopecas\/injecao-eletronica\/sensores-injecao-eletronica\/sensor-posicao-de-borboleta-tps-gol-parati-1-6-1-8-2-0-pf5c-00\/","title":{"rendered":"Sensor Posi\u00e7\u00e3o de Borboleta TPS Gol Parati 1.6 1.8 2.0 &#8"},"content":{"rendered":"<h1>Sensor Posi\u00e7\u00e3o de Borboleta TPS Gol Parati 1.6 1.8 2.0 &#8211; PF5C\/00<\/h1>\n","protected":false},"excerpt":{"rendered":"<h2>Sensor Posi\u00e7\u00e3o de Borboleta TPS Magneti Marelli<\/h2>\n<h2>Gol 1.6 1.8 2.0 MPI 97&gt;07<\/h2>\n<h2>Parati Saveiro 1.6 1.8 2.0 MPI 97&gt;05<\/h2>\n<h2>Polo Classic 1.8 MPI 97&gt;02<\/h2>\n<h2>Santana 1.8 2.0 MPI 96&gt;06<\/h2>\n<h2>Quantum 1.8 2.0 MPI 97&gt;02<\/h2>\n<h2>Van 1.6 MPI 1998&#8230;.<\/h2>\n<h2>Codigo: &#8211; PF5C\/00\u00a0 c=20<\/h2>\n","protected":false},"featured_media":16254,"template":"","meta":{"_seopress_robots_primary_cat":"none","_seopress_titles_title":"","_seopress_titles_desc":"","_seopress_robots_index":"","_kad_blocks_custom_css":"","_kad_blocks_head_custom_js":"","_kad_blocks_body_custom_js":"","_kad_blocks_footer_custom_js":"","_joinchat":[]},"product_cat":[21,1322,269],"product_tag":[],"berocket_brand":[396],"taxonomy_info":{"product_cat":[{"value":21,"label":"Inje\u00e7\u00e3o Eletr\u00f4nica"},{"value":1322,"label":"Sensor de Rota\u00e7\u00e3o"},{"value":269,"label":"Sensores"}],"berocket_brand":[{"value":396,"label":"Volkswagen"}]},"featured_image_src_large":["https:\/\/www.casadainjecao.com.br\/loja\/wp-content\/uploads\/2022\/03\/PF5C00-Sensor-Posicao-de-Borboleta-TPS-Gol-Parati-1.6-1.8-2.0.jpg",640,480,false],"author_info":[],"comment_info":"","_links":{"self":[{"href":"https:\/\/www.casadainjecao.com.br\/loja\/wp-json\/wp\/v2\/product\/16252"}],"collection":[{"href":"https:\/\/www.casadainjecao.com.br\/loja\/wp-json\/wp\/v2\/product"}],"about":[{"href":"https:\/\/www.casadainjecao.com.br\/loja\/wp-json\/wp\/v2\/types\/product"}],"wp:featuredmedia":[{"embeddable":true,"href":"https:\/\/www.casadainjecao.com.br\/loja\/wp-json\/wp\/v2\/media\/16254"}],"wp:attachment":[{"href":"https:\/\/www.casadainjecao.com.br\/loja\/wp-json\/wp\/v2\/media?parent=16252"}],"wp:term":[{"taxonomy":"product_cat","embeddable":true,"href":"https:\/\/www.casadainjecao.com.br\/loja\/wp-json\/wp\/v2\/product_cat?post=16252"},{"taxonomy":"product_tag","embeddable":true,"href":"https:\/\/www.casadainjecao.com.br\/loja\/wp-json\/wp\/v2\/product_tag?post=16252"},{"taxonomy":"berocket_brand","embeddable":true,"href":"https:\/\/www.casadainjecao.com.br\/loja\/wp-json\/wp\/v2\/berocket_brand?post=16252"}],"curies":[{"name":"wp","href":"https:\/\/api.w.org\/{rel}","templated":true}]}}