{"id":16259,"date":"2022-03-03T15:43:32","date_gmt":"2022-03-03T18:43:32","guid":{"rendered":"https:\/\/www.casadainjecao.com.br\/loja\/?post_type=product&#038;p=16259"},"modified":"2026-04-27T12:46:31","modified_gmt":"2026-04-27T15:46:31","slug":"sensor-posicao-de-borboleta-tps-fiat-uno-1-5-1-0-pf2c-00","status":"publish","type":"product","link":"https:\/\/www.casadainjecao.com.br\/loja\/autopecas\/injecao-eletronica\/sensores-injecao-eletronica\/sensor-posicao-de-borboleta-tps-fiat-uno-1-5-1-0-pf2c-00\/","title":{"rendered":"Sensor Posi\u00e7\u00e3o De Borboleta Tps Fiat Uno 1.5 1.0 956446318"},"content":{"rendered":"<h2>SENSOR POSI\u00c7\u00c3O DE BORBOLETA \/ SENSOR TPS<\/h2>\n<h3>CITROEN<br \/>\nXSARA 1.6 16V 2001 a 2006<br \/>\nXSARA 1.8 16V 1998 a 2000<br \/>\nXSARA PICASSO 1.6 16V 2005 a 2006<\/p>\n<p>FIAT<br \/>\nELBA 1.5 8V 1992 a 1996<br \/>\nFIORINO 1.5 8V 1989 a 1995<br \/>\nFIORINO 1.5 8V 1995 a 2002<br \/>\nPALIO 1.0 8V 1996 a 2001<br \/>\nPALIO 1.6 16V 1996 a 2003<br \/>\nPALIO 1.6 8V 1998 a 2000<br \/>\nPREMIO 1.5 8V 1993 a 1994<br \/>\nPREMIO 1.6 8V 1992 a 1994<br \/>\nSIENA 1.0 8V 1999 a 2000<br \/>\nSIENA 1.6 8V 1997 a 2003<br \/>\nSTRADA 1.3 8V 2003 a 2005<br \/>\nSTRADA 1.5 8V 1999 a 2002<br \/>\nTEMPRA 2.0 8V 1995 a 1999<br \/>\nUNO 1.0 8V 1996 a 2001<br \/>\nUNO 1.5 8V 1990 a 1992<\/p>\n<p>FORD<br \/>\nESCORT 1.6 8V 1994 a 2002<br \/>\nESCORT 2.0 8V 1992 a 1995<br \/>\nPAMPA 1.8 8V 1996 a 1997<br \/>\nROYALE 1.8 8V 1995 a 1997<br \/>\nVERONA 1.8 8V 1994 a 1996<br \/>\nVERSAILLES 1.8 8V 1995 a 1997<\/p>\n<p>PEUGEOT<br \/>\n106 1.0 8V 1994 a 2001<br \/>\n206 1.4 2005 a 2009<br \/>\n206 1.6 2002 a 2010<br \/>\n306 1.6 1994 a 2000<br \/>\n406 1.8 1997 a 2004<\/p>\n<p>RENAULT<br \/>\n19 1.6 8V 1994 a 1998<br \/>\n19 1.8 8V 1995 a 1997<br \/>\nCLIO 1.6 16V 2004 a 2008<br \/>\nLAGUNA 2.0 16V 1997 a 2001<br \/>\nTWINGO 1.2 8V 1994 a 1997<\/p>\n<p>VOLKSWAGEN<br \/>\nGOL 1.0 1995 a 2002<br \/>\nLOGUS 1.6 1993 a 1997<br \/>\nPARATI 1.0 1995 a 2005<br \/>\nQUANTUM 1.8 8V 1997 a 2002<br \/>\nSANTANA 1.8 8V 1997 a 2006<\/h3>\n<h3>C\u00d3DIGO REFER\u00caNCIA:<\/h3>\n<h3>19201H, 9564463180, SS10693, 7076359, 9944468, 40421702, 7701204055, 7702217302, 0269983851, 91463158<\/h3>\n<p>Condi\u00e7\u00f5es:<br \/>\nProduto Novo \/ Marca Torken<br \/>\nEspeciica\u00e7\u00f5es:<br \/>\nCONECTOR 3 PINOS SENTIDO HOR\u00c1RIO GIRA PARA O LADO DIREITO<br \/>\nGarantia:<br \/>\n3 Meses<br \/>\nATEN\u00c7\u00c3O: Antes de efetuar a compra verifique o c\u00f3digo da sua pe\u00e7a que est\u00e1 instalado no seu ve\u00edculo.<br \/>\nA Casa da Inje\u00e7\u00e3o oferece total garantia nos produtos comprados em nosso site.<br \/>\nCada item \u00e9 rigorosamente testado antes do envio<br \/>\nSe os itens estiverem danificados ou parcialmente defeituosos, entre em contato conosco.<br \/>\nProcure um profissional devidamente licenciado para a instala\u00e7\u00e3o e fa\u00e7a revis\u00f5es periodicamente. A empresa n\u00e3o se responsabiliza por problemas oriundos da m\u00e1 instala\u00e7\u00e3o ou com a falta de cuidados peri\u00f3dicos dos componentes.<br \/>\nSe houver qualquer defeito, n\u00f3s lhe enviaremos uma substitui\u00e7\u00e3o ap\u00f3s receber o pacote ou devolvemos seu dinheiro.<br \/>\nLeia nossa pol\u00edtica de devolu\u00e7\u00e3o aqui<br \/>\nTem alguma d\u00favida?<br \/>\nEntre em contato que podemos ajudar!<br \/>\nConfira as informa\u00e7\u00f5es adicionais abaixo:<br \/>\nTodos os nossos produtos s\u00e3o novos, semi-novos, originais e paralelos possuem garantia.<br \/>\nTodos os produtos anunciados est\u00e3o dispon\u00edveis em estoque e s\u00e3o enviados com extrema rapidez.<br \/>\nO frete pode ser simulado antes de efetuar a compra, basta clicar em \u201cver custos de envio\u201d.<br \/>\nVerifique o endere\u00e7o de entrega cadastrado e atualize caso necess\u00e1rio.<br \/>\nConfirme se a pe\u00e7a \u00e9 correta para o seu modelo de ve\u00edculo.<br \/>\nPara pe\u00e7as automotivas, recomendamos a instala\u00e7\u00e3o por um profissional especializado.<br \/>\nCaso possua outras d\u00favidas, entre em contato.<\/p>\n","protected":false},"excerpt":{"rendered":"<h1>Sensor Posi\u00e7\u00e3o De Borboleta Tps Fiat Uno 1.5 1.0 9564463180<\/h1>\n","protected":false},"featured_media":26444,"template":"","meta":{"_seopress_robots_primary_cat":"none","_seopress_titles_title":"","_seopress_titles_desc":"","_seopress_robots_index":"","_joinchat":[]},"product_cat":[21,1322,269],"product_tag":[2001,784,49,281,286,59,128,283,285,1521,214,1640],"berocket_brand":[382,383,384,393,394,396],"_links":{"self":[{"href":"https:\/\/www.casadainjecao.com.br\/loja\/wp-json\/wp\/v2\/product\/16259"}],"collection":[{"href":"https:\/\/www.casadainjecao.com.br\/loja\/wp-json\/wp\/v2\/product"}],"about":[{"href":"https:\/\/www.casadainjecao.com.br\/loja\/wp-json\/wp\/v2\/types\/product"}],"wp:featuredmedia":[{"embeddable":true,"href":"https:\/\/www.casadainjecao.com.br\/loja\/wp-json\/wp\/v2\/media\/26444"}],"wp:attachment":[{"href":"https:\/\/www.casadainjecao.com.br\/loja\/wp-json\/wp\/v2\/media?parent=16259"}],"wp:term":[{"taxonomy":"product_cat","embeddable":true,"href":"https:\/\/www.casadainjecao.com.br\/loja\/wp-json\/wp\/v2\/product_cat?post=16259"},{"taxonomy":"product_tag","embeddable":true,"href":"https:\/\/www.casadainjecao.com.br\/loja\/wp-json\/wp\/v2\/product_tag?post=16259"},{"taxonomy":"berocket_brand","embeddable":true,"href":"https:\/\/www.casadainjecao.com.br\/loja\/wp-json\/wp\/v2\/berocket_brand?post=16259"}],"curies":[{"name":"wp","href":"https:\/\/api.w.org\/{rel}","templated":true}]}}