{"id":16271,"date":"2022-03-03T19:47:43","date_gmt":"2022-03-03T22:47:43","guid":{"rendered":"https:\/\/www.casadainjecao.com.br\/loja\/?post_type=product&#038;p=16271"},"modified":"2024-01-15T10:07:26","modified_gmt":"2024-01-15T13:07:26","slug":"suporte-de-fixacao-da-haste-abertura-renault-logan-sandero-8200672695","status":"publish","type":"product","link":"https:\/\/www.casadainjecao.com.br\/loja\/autopecas\/carroceria\/suporte-carroceria\/suporte-de-fixacao-da-haste-abertura-renault-logan-sandero-8200672695\/","title":{"rendered":"Suporte de Fixa\u00e7\u00e3o da Haste Abertura Renault Logan Sandero"},"content":{"rendered":"<h1>Suporte de Fixa\u00e7\u00e3o da Haste Abertura Renault Logan Sandero &#8211; 8200672695<\/h1>\n","protected":false},"excerpt":{"rendered":"<h2>Suporte de Fixa\u00e7\u00e3o da Haste Abertura<\/h2>\n<h2>Renault Logan Sandero<\/h2>\n<h2>Codigo: &#8211; 8200672695 c=72<\/h2>\n","protected":false},"featured_media":16343,"template":"","meta":{"_seopress_robots_primary_cat":"none","_seopress_titles_title":"","_seopress_titles_desc":"","_seopress_robots_index":"","_joinchat":[]},"product_cat":[83,1370],"product_tag":[1171],"berocket_brand":[394],"_links":{"self":[{"href":"https:\/\/www.casadainjecao.com.br\/loja\/wp-json\/wp\/v2\/product\/16271"}],"collection":[{"href":"https:\/\/www.casadainjecao.com.br\/loja\/wp-json\/wp\/v2\/product"}],"about":[{"href":"https:\/\/www.casadainjecao.com.br\/loja\/wp-json\/wp\/v2\/types\/product"}],"wp:featuredmedia":[{"embeddable":true,"href":"https:\/\/www.casadainjecao.com.br\/loja\/wp-json\/wp\/v2\/media\/16343"}],"wp:attachment":[{"href":"https:\/\/www.casadainjecao.com.br\/loja\/wp-json\/wp\/v2\/media?parent=16271"}],"wp:term":[{"taxonomy":"product_cat","embeddable":true,"href":"https:\/\/www.casadainjecao.com.br\/loja\/wp-json\/wp\/v2\/product_cat?post=16271"},{"taxonomy":"product_tag","embeddable":true,"href":"https:\/\/www.casadainjecao.com.br\/loja\/wp-json\/wp\/v2\/product_tag?post=16271"},{"taxonomy":"berocket_brand","embeddable":true,"href":"https:\/\/www.casadainjecao.com.br\/loja\/wp-json\/wp\/v2\/berocket_brand?post=16271"}],"curies":[{"name":"wp","href":"https:\/\/api.w.org\/{rel}","templated":true}]}}