{"id":16274,"date":"2022-03-03T20:16:11","date_gmt":"2022-03-03T23:16:11","guid":{"rendered":"https:\/\/www.casadainjecao.com.br\/loja\/?post_type=product&#038;p=16274"},"modified":"2026-05-05T22:38:50","modified_gmt":"2026-05-06T01:38:50","slug":"mangueira-superior-do-radiador-renault-megane-scenic-8200056065","status":"publish","type":"product","link":"https:\/\/www.casadainjecao.com.br\/loja\/autopecas\/motor\/mangueiras-motor\/mangueira-superior-do-radiador-renault-megane-scenic-8200056065\/","title":{"rendered":"Mangueira Superior do Radiador Renault Scenic &#8211; 820005"},"content":{"rendered":"<h2>Mangueira Superior do Radiador<\/h2>\n<p>Renault Sc\u00e9nic I &#8211; \u00a01.6 16v, 2.0 8v, Expression \/ Privil\u00e8ge,RN \/ RT \/ RXE \/ Alize \/ Authentique \/ Expression \/ Privil\u00e8ge,RT \/ RXE,RXE\/Sportway &#8211;\u00a0 Ano 1996 a 2017<\/p>\n<p>Renault Megane Sedan &#8211; 1.6 16v, 2.0 8v, 2.0 16v,\u00a0 Privil\u00e8ge,RXE,RXE \/ Privil\u00e8ge\/RT \/ Alize\/Egeus \/ RT \/ RXE &#8211; Ano 1996 a 2017<\/p>\n<p>Renault Megane I &#8211; 1.6 16v, 2.0 8v, Alize \/ Egeus \/ Expression \/ RT \/ RXE\/RN\/RT &#8211; Ano 1995 a 2016<\/p>\n<h3>C\u00f3digo: &#8211; 8200056065, 7700829998<\/h3>\n<p><strong>Condi\u00e7\u00f5es:<\/strong><\/p>\n<p>Produto Novo Original<\/p>\n<p><strong>Garantia:<\/strong><\/p>\n<p>3 Meses<\/p>\n<p><strong>ATEN\u00c7\u00c3O: Antes de efetuar a compra verifique o c\u00f3digo da sua pe\u00e7a que est\u00e1 instalado no seu ve\u00edculo.<\/strong><\/p>\n<p>A Casa da Inje\u00e7\u00e3o oferece total garantia nos produtos comprados em nosso site.<\/p>\n<ol>\n<li>Cada item \u00e9 rigorosamente testado antes do envio<\/li>\n<li>Se os itens estiverem danificados ou parcialmente defeituosos, entre em contato conosco.<\/li>\n<li>Procure um profissional devidamente licenciado para a instala\u00e7\u00e3o e fa\u00e7a revis\u00f5es periodicamente. A empresa n\u00e3o se responsabiliza por problemas oriundos da m\u00e1 instala\u00e7\u00e3o ou com a falta de cuidados peri\u00f3dicos dos componentes.<\/li>\n<\/ol>\n<p>Se houver qualquer defeito, n\u00f3s lhe enviaremos uma substitui\u00e7\u00e3o ap\u00f3s receber o pacote ou devolvemos seu dinheiro.<\/p>\n<p>Leia nossa\u00a0<a href=\"https:\/\/www.casadainjecao.com.br\/loja\/politica-de-devolucao\">pol\u00edtica de devolu\u00e7\u00e3o aqui<\/a><\/p>\n<p>\u2014\u2014\u2014\u2014\u2014\u2014\u2014\u2014\u2014\u2014\u2014\u2014\u2014\u2014\u2014\u2014\u2014\u2014\u2014\u2013<\/p>\n<p><strong>Tem alguma d\u00favida?<\/strong><\/p>\n<p>Entre em contato que podemos ajudar!<\/p>\n<p>Confira as informa\u00e7\u00f5es adicionais abaixo:<\/p>\n<ul>\n<li>Todos os nossos produtos s\u00e3o novos, semi-novos, originais e paralelos possuem garantia.<\/li>\n<li>Todos os produtos anunciados est\u00e3o dispon\u00edveis em estoque e s\u00e3o enviados com extrema rapidez.<\/li>\n<li>O frete pode ser simulado antes de efetuar a compra, basta clicar em \u201cver custos de envio\u201d.<\/li>\n<li>Verifique o endere\u00e7o de entrega cadastrado e atualize caso necess\u00e1rio.<\/li>\n<li>Confirme se a pe\u00e7a \u00e9 correta para o seu modelo de ve\u00edculo.<\/li>\n<li>Para pe\u00e7as automotivas, recomendamos a instala\u00e7\u00e3o por um profissional especializado.<\/li>\n<li>Caso possua outras d\u00favidas, entre em contato.<\/li>\n<\/ul>\n<h3><\/h3>\n","protected":false},"excerpt":{"rendered":"<h2 class=\"ui-pdp-title\">Mangueira Superior Radiador Original<\/h2>\n<h2 class=\"ui-pdp-title\">Renault Sc\u00e9nic Megane Sedan<\/h2>\n","protected":false},"featured_media":34393,"template":"","meta":{"_seopress_robots_primary_cat":"none","_seopress_titles_title":"","_seopress_titles_desc":"","_seopress_robots_index":"","_seopress_analysis_target_kw":"","_kad_blocks_custom_css":"","_kad_blocks_head_custom_js":"","_kad_blocks_body_custom_js":"","_kad_blocks_footer_custom_js":"","_kadence_starter_templates_imported_post":false,"_joinchat":[]},"product_brand":[],"product_cat":[223,22,237],"product_tag":[50,1841,51],"berocket_brand":[394],"class_list":{"0":"post-16274","1":"product","2":"type-product","3":"status-publish","4":"has-post-thumbnail","6":"product_cat-mangueiras-motor","7":"product_cat-motor","8":"product_cat-radiadores","9":"product_tag-megane","10":"product_tag-megane-sedan","11":"product_tag-scenic","12":"berocket_brand-renault","13":"thunk-woo-product-list","14":"big-store-woo-hover-zoom","15":"open-single-product-tab-horizontal","16":"open-shadow-","17":"open-shadow-hover-","19":"first","20":"instock","21":"sale","22":"taxable","23":"shipping-taxable","24":"purchasable","25":"product-type-simple"},"taxonomy_info":{"product_cat":[{"value":223,"label":"Mangueiras"},{"value":22,"label":"Motor"},{"value":237,"label":"Radiadores"}],"product_tag":[{"value":50,"label":"Megane"},{"value":1841,"label":"Megane Sedan"},{"value":51,"label":"Scenic"}],"berocket_brand":[{"value":394,"label":"Renault"}]},"featured_image_src_large":["https:\/\/www.casadainjecao.com.br\/loja\/wp-content\/uploads\/2022\/03\/Mangueira-Superior-Radiador-Scenic-8200056065-original-920x920.jpg",640,640,true],"author_info":[],"comment_info":"","_links":{"self":[{"href":"https:\/\/www.casadainjecao.com.br\/loja\/wp-json\/wp\/v2\/product\/16274","targetHints":{"allow":["GET"]}}],"collection":[{"href":"https:\/\/www.casadainjecao.com.br\/loja\/wp-json\/wp\/v2\/product"}],"about":[{"href":"https:\/\/www.casadainjecao.com.br\/loja\/wp-json\/wp\/v2\/types\/product"}],"wp:featuredmedia":[{"embeddable":true,"href":"https:\/\/www.casadainjecao.com.br\/loja\/wp-json\/wp\/v2\/media\/34393"}],"wp:attachment":[{"href":"https:\/\/www.casadainjecao.com.br\/loja\/wp-json\/wp\/v2\/media?parent=16274"}],"wp:term":[{"taxonomy":"product_brand","embeddable":true,"href":"https:\/\/www.casadainjecao.com.br\/loja\/wp-json\/wp\/v2\/product_brand?post=16274"},{"taxonomy":"product_cat","embeddable":true,"href":"https:\/\/www.casadainjecao.com.br\/loja\/wp-json\/wp\/v2\/product_cat?post=16274"},{"taxonomy":"product_tag","embeddable":true,"href":"https:\/\/www.casadainjecao.com.br\/loja\/wp-json\/wp\/v2\/product_tag?post=16274"},{"taxonomy":"berocket_brand","embeddable":true,"href":"https:\/\/www.casadainjecao.com.br\/loja\/wp-json\/wp\/v2\/berocket_brand?post=16274"}],"curies":[{"name":"wp","href":"https:\/\/api.w.org\/{rel}","templated":true}]}}