{"id":16288,"date":"2022-03-04T10:14:37","date_gmt":"2022-03-04T13:14:37","guid":{"rendered":"https:\/\/www.casadainjecao.com.br\/loja\/?post_type=product&#038;p=16288"},"modified":"2022-03-07T15:40:17","modified_gmt":"2022-03-07T18:40:17","slug":"conjunto-de-grade-protecao-do-alto-falante-renault-scenic-7701205073","status":"publish","type":"product","link":"https:\/\/www.casadainjecao.com.br\/loja\/autopecas\/interior\/alto-falantes\/conjunto-de-grade-protecao-do-alto-falante-renault-scenic-7701205073\/","title":{"rendered":"Jogo de Grade Prote\u00e7\u00e3o do Alto Falante Renault Scenic &#82"},"content":{"rendered":"<h1>Jogo de Grade Prote\u00e7\u00e3o do Alto Falante Renault Scenic &#8211; 7701205073<\/h1>\n","protected":false},"excerpt":{"rendered":"<h2>Jogo de Grade Prote\u00e7\u00e3o do Alto Falante<\/h2>\n<h2>Renault Scenic<\/h2>\n<h2>Codigo:- 7701205073 c=73<\/h2>\n","protected":false},"featured_media":16347,"template":"","meta":{"_seopress_robots_primary_cat":"none","_seopress_titles_title":"","_seopress_titles_desc":"","_seopress_robots_index":"","_seopress_analysis_target_kw":"","_kad_blocks_custom_css":"","_kad_blocks_head_custom_js":"","_kad_blocks_body_custom_js":"","_kad_blocks_footer_custom_js":"","_kadence_starter_templates_imported_post":false,"_joinchat":[]},"product_brand":[],"product_cat":[1222,24],"product_tag":[1274],"berocket_brand":[394],"class_list":{"0":"post-16288","1":"product","2":"type-product","3":"status-publish","4":"has-post-thumbnail","6":"product_cat-alto-falantes","7":"product_cat-interior","8":"product_tag-renault-scenic-i","9":"berocket_brand-renault","10":"thunk-woo-product-list","11":"big-store-woo-hover-zoom","12":"open-single-product-tab-horizontal","13":"open-shadow-","14":"open-shadow-hover-","16":"first","17":"instock","18":"sale","19":"taxable","20":"shipping-taxable","21":"purchasable","22":"product-type-simple"},"taxonomy_info":{"product_cat":[{"value":1222,"label":"Alto Falantes"},{"value":24,"label":"Interior"}],"product_tag":[{"value":1274,"label":"Renault Scenic I"}],"berocket_brand":[{"value":394,"label":"Renault"}]},"featured_image_src_large":["https:\/\/www.casadainjecao.com.br\/loja\/wp-content\/uploads\/2022\/03\/7701205073-Conjunto-de-Grade-Protecao-do-Alto-Falante-Renault-Scenic.original.jpg",640,480,false],"author_info":[],"comment_info":"","_links":{"self":[{"href":"https:\/\/www.casadainjecao.com.br\/loja\/wp-json\/wp\/v2\/product\/16288","targetHints":{"allow":["GET"]}}],"collection":[{"href":"https:\/\/www.casadainjecao.com.br\/loja\/wp-json\/wp\/v2\/product"}],"about":[{"href":"https:\/\/www.casadainjecao.com.br\/loja\/wp-json\/wp\/v2\/types\/product"}],"wp:featuredmedia":[{"embeddable":true,"href":"https:\/\/www.casadainjecao.com.br\/loja\/wp-json\/wp\/v2\/media\/16347"}],"wp:attachment":[{"href":"https:\/\/www.casadainjecao.com.br\/loja\/wp-json\/wp\/v2\/media?parent=16288"}],"wp:term":[{"taxonomy":"product_brand","embeddable":true,"href":"https:\/\/www.casadainjecao.com.br\/loja\/wp-json\/wp\/v2\/product_brand?post=16288"},{"taxonomy":"product_cat","embeddable":true,"href":"https:\/\/www.casadainjecao.com.br\/loja\/wp-json\/wp\/v2\/product_cat?post=16288"},{"taxonomy":"product_tag","embeddable":true,"href":"https:\/\/www.casadainjecao.com.br\/loja\/wp-json\/wp\/v2\/product_tag?post=16288"},{"taxonomy":"berocket_brand","embeddable":true,"href":"https:\/\/www.casadainjecao.com.br\/loja\/wp-json\/wp\/v2\/berocket_brand?post=16288"}],"curies":[{"name":"wp","href":"https:\/\/api.w.org\/{rel}","templated":true}]}}