{"id":16501,"date":"2022-03-21T11:56:15","date_gmt":"2022-03-21T14:56:15","guid":{"rendered":"https:\/\/www.casadainjecao.com.br\/loja\/?post_type=product&#038;p=16501"},"modified":"2026-04-08T08:24:20","modified_gmt":"2026-04-08T11:24:20","slug":"valvula-solenoide-admissao-evoque-lr-024995","status":"publish","type":"product","link":"https:\/\/www.casadainjecao.com.br\/loja\/autopecas\/suspencao\/valvula-solenoide-admissao-evoque-lr-024995\/","title":{"rendered":"Valvula Solenoide Admiss\u00e3o Evoque Discovery Sport Freelande"},"content":{"rendered":"<h2>V\u00e1lvula Solenoide do Atuador do Eixo de Comando Variavel<\/h2>\n<p>Valvula de Admiss\u00e3o<\/p>\n<p>Aplica\u00e7\u00e3o:<\/p>\n<p>Range rover Evoque 2.0 16v Turbo &#8211; 2012 \/ 2013 \/ 2014 \/ 2015 \/ 2016<br \/>\nRange Rover Discovery Sport 2.0 16v Turbo &#8211; 2015 \/ 2016, 2017, 2018, 2019<br \/>\nVolvo XC60 T5 2.0 16v TURBO &#8211; 2008 \/ 2009 \/ 2010 \/ 2011 \/ 2012 \/ 2013 \/ 2014 \/ 2015 \/ 2016<br \/>\nFord Fusion 2.0 16v ECOBOOST &#8211; 2012 \/ 2013 \/ 2014 \/ 2015 \/ 2016<\/p>\n<p>&nbsp;<\/p>\n<p>C\u00f3digo de Referencia: &#8211; LR024995 , BB5E-6M280, LR024995<br \/>\nAJ813114, AVS124<\/p>\n<p>&nbsp;<\/p>\n<p>Ficha T\u00e9cnica:<\/p>\n<ul>\n<li>Marca: Torken<\/li>\n<li>Produto novo<\/li>\n<li>Conector com 2 vias<\/li>\n<li>Conte\u00fado da embalagem:- 01 valvula solenoide<\/li>\n<\/ul>\n<p>Garantia 3 Meses<\/p>\n<h3>GARANTIA DO PRODUTO<br \/>\nA troca ou desist\u00eancia deste item pode ser feita em at\u00e9 7 dias corridos a partir do recebimento do produto.<br \/>\nO fabricante oferece 3 meses de garantia.<\/h3>\n<ul>\n<li>\n<h3>Favor verificar o c\u00f3digo antes da compra<\/h3>\n<h3>Um carro do mesmo ano e modelo pode ter pe\u00e7as diferentes, por isso \u00e9 necess\u00e1rio confirmar o c\u00f3digo da pe\u00e7a com mec\u00e2nico ou ligar na concession\u00e1ria e informar o n\u00famero do chassi para identifica\u00e7\u00e3o do c\u00f3digo da pe\u00e7a original do ve\u00edculo.<br \/>\n\u2014\u2014\u2014\u2014\u2014\u2014\u2014\u2014\u2014\u2014\u2014\u2014\u2014\u2014\u2014\u2014\u2014\u2014\u2014\u2014\u2014\u2014\u2014\u2014\u2014\u2014\u2014\u2014\u2014\u2014\u2014\u2014\u2014\u2014\u2014\u2014-<\/h3>\n<\/li>\n<\/ul>\n<div id=\"A8hXZazDIve35OUP96KduAg__5\">\n<div class=\"wDYxhc\" data-md=\"61\">\n<div class=\"LGOjhe\" role=\"heading\" data-attrid=\"wa:\/description\" aria-level=\"3\" data-hveid=\"CBwQAA\">\n<div class=\"w-full pt-2 md:pt-0 border-t md:border-t-0 gizmo:border-t-0 dark:border-white\/20 md:border-transparent md:dark:border-transparent md:pl-2 gizmo:pl-0 gizmo:md:pl-0 md:w-[calc(100%-.5rem)]\">\n<div class=\"relative flex h-full flex-1 items-stretch md:flex-col\"><\/div>\n<div>A Casa da Inje\u00e7\u00e3o oferece total garantia nos produtos comprados em nosso site.<\/div>\n<\/div>\n<\/div>\n<\/div>\n<\/div>\n<ol>\n<li>Cada item \u00e9 rigorosamente testado antes do envio<\/li>\n<li>Se os itens estiverem danificados ou parcialmente defeituosos, entre em contato conosco.<\/li>\n<\/ol>\n<p>Se houver qualquer defeito, n\u00f3s lhe enviaremos uma substitui\u00e7\u00e3o ap\u00f3s receber o pacote ou devolvemos seu dinheiro.<\/p>\n<p>Leia nossa\u00a0<a href=\"https:\/\/www.casadainjecao.com.br\/loja\/politica-de-devolucao\">pol\u00edtica de devolu\u00e7\u00e3o aqui<\/a><\/p>\n<p>\u2014\u2014\u2014\u2014\u2014\u2014\u2014\u2014\u2014\u2014\u2014\u2014\u2014\u2014\u2014\u2014\u2014\u2014\u2014\u2013<\/p>\n<h4>Tem alguma d\u00favida?<\/h4>\n<p>Entre em contato que podemos ajudar!<\/p>\n<p>Confira as informa\u00e7\u00f5es adicionais abaixo:<\/p>\n<ul>\n<li>Todos os nossos produtos s\u00e3o novos, semi-novos, originais e paralelos possuem garantia.<\/li>\n<li>Todos os produtos anunciados est\u00e3o dispon\u00edveis em estoque e s\u00e3o enviados com extrema rapidez.<\/li>\n<li>O frete pode ser simulado antes de efetuar a compra, basta clicar em \u201cver custos de envio\u201d.<\/li>\n<li>Verifique o endere\u00e7o de entrega cadastrado e atualize caso necess\u00e1rio.<\/li>\n<li>Confirme se a pe\u00e7a \u00e9 correta para o seu modelo de ve\u00edculo.<\/li>\n<li>Para pe\u00e7as automotivas, recomendamos a instala\u00e7\u00e3o por um profissional especializado.<\/li>\n<\/ul>\n<p>Caso possua outras d\u00favidas, entre em contato.<\/p>\n","protected":false},"excerpt":{"rendered":"<h2>Valvula Solenoide Admiss\u00e3o Evoque Discovery Sport Freelander 2 &#8211; LR024995<\/h2>\n<h2><\/h2>\n","protected":false},"featured_media":28807,"template":"","meta":{"_seopress_robots_primary_cat":"none","_seopress_titles_title":"","_seopress_titles_desc":"","_seopress_robots_index":"","_joinchat":[]},"product_cat":[1104],"product_tag":[141],"berocket_brand":[389],"_links":{"self":[{"href":"https:\/\/www.casadainjecao.com.br\/loja\/wp-json\/wp\/v2\/product\/16501"}],"collection":[{"href":"https:\/\/www.casadainjecao.com.br\/loja\/wp-json\/wp\/v2\/product"}],"about":[{"href":"https:\/\/www.casadainjecao.com.br\/loja\/wp-json\/wp\/v2\/types\/product"}],"wp:featuredmedia":[{"embeddable":true,"href":"https:\/\/www.casadainjecao.com.br\/loja\/wp-json\/wp\/v2\/media\/28807"}],"wp:attachment":[{"href":"https:\/\/www.casadainjecao.com.br\/loja\/wp-json\/wp\/v2\/media?parent=16501"}],"wp:term":[{"taxonomy":"product_cat","embeddable":true,"href":"https:\/\/www.casadainjecao.com.br\/loja\/wp-json\/wp\/v2\/product_cat?post=16501"},{"taxonomy":"product_tag","embeddable":true,"href":"https:\/\/www.casadainjecao.com.br\/loja\/wp-json\/wp\/v2\/product_tag?post=16501"},{"taxonomy":"berocket_brand","embeddable":true,"href":"https:\/\/www.casadainjecao.com.br\/loja\/wp-json\/wp\/v2\/berocket_brand?post=16501"}],"curies":[{"name":"wp","href":"https:\/\/api.w.org\/{rel}","templated":true}]}}