{"id":16549,"date":"2022-03-22T14:10:39","date_gmt":"2022-03-22T17:10:39","guid":{"rendered":"https:\/\/www.casadainjecao.com.br\/loja\/?post_type=product&#038;p=16549"},"modified":"2024-06-01T10:54:48","modified_gmt":"2024-06-01T13:54:48","slug":"parafuso-m1-renault-master-twingo-espace-safrane-7703620058","status":"publish","type":"product","link":"https:\/\/www.casadainjecao.com.br\/loja\/autopecas\/carroceria\/parafusos\/parafuso-m1-renault-master-twingo-espace-safrane-7703620058\/","title":{"rendered":"Parafuso de A\u00e7o Caixa Dire\u00e7\u00e3o Renault Master II &#8211; 7"},"content":{"rendered":"<h2>Parafuso de A\u00e7o M10x55<\/h2>\n<p>Renault Master II L1H1, L2H2, L3H2, CC L2H1, Furg\u00e3o,\u00a0 Bus L2H2 2.5 16v 2.8 8v (1997 a 2018)<\/p>\n<p>Renault Twingo E2 Pack, E5 Initiale, 22C, 2 PK E2 1.08v 1.0 16v 1.1 8v 1.2 8v (1993 a 2017)<\/p>\n<h4>C\u00f3digo de Refer\u00eancia:<\/h4>\n<p>7703620058, 7703620025, 7703620011<\/p>\n<p><strong>Condi\u00e7\u00f5es:<\/strong><\/p>\n<p>Novo Original \/ Marca Renault<\/p>\n<h4>Especifica\u00e7\u00f5es:<\/h4>\n<p>M10x55<\/p>\n<h4><strong>Garantia:<\/strong><\/h4>\n<p>3 Meses<strong>\u00a0<\/strong><\/p>\n<h3>ATEN\u00c7\u00c3O: Antes de efetuar a compra verifique o c\u00f3digo da sua pe\u00e7a que est\u00e1 instalada no seu ve\u00edculo.<\/h3>\n<h3><strong>APLICA\u00c7\u00c3O:<\/strong><\/h3>\n<p>Linha Renault<\/p>\n<h4><strong>O que \u00e9 e para que serve o Parafuso M10x55?<\/strong><\/h4>\n<p>O Parafuso M10x55 refere-se a um parafuso com uma rosca m\u00e9trica M10 e um comprimento de 55 mil\u00edmetros. A designa\u00e7\u00e3o &#8220;M10&#8221; indica o di\u00e2metro do parafuso, e &#8220;55&#8221; indica o comprimento total, incluindo a cabe\u00e7a. Na ind\u00fastria automotiva, parafusos desse tipo podem ser utilizados em v\u00e1rias aplica\u00e7\u00f5es, como fixa\u00e7\u00e3o de componentes do chassi, suportes e outras partes estruturais.<\/p>\n<p>&nbsp;<\/p>\n<p>A Casa da Inje\u00e7\u00e3o oferece total garantia nos produtos comprados em nosso site.<\/p>\n<ol>\n<li>Cada item \u00e9 rigorosamente testado antes do envio<\/li>\n<li>Se os itens estiverem danificados ou parcialmente defeituosos, entre em contato conosco.<\/li>\n<\/ol>\n<p>Se houver qualquer defeito, n\u00f3s lhe enviaremos uma substitui\u00e7\u00e3o ap\u00f3s receber o pacote ou devolvemos seu dinheiro.<\/p>\n<p>Leia nossa\u00a0<span style=\"color: #ff0000;\"><a style=\"color: #ff0000;\" href=\"https:\/\/www.casadainjecao.com.br\/loja\/politica-de-devolucao\">pol\u00edtica de devolu\u00e7\u00e3o aqui<\/a><\/span><\/p>\n<p>\u2014\u2014\u2014\u2014\u2014\u2014\u2014\u2014\u2014\u2014\u2014\u2014\u2014\u2014\u2014\u2014\u2014\u2014\u2014\u2013<\/p>\n<p><strong>Tem alguma d\u00favida?<\/strong><\/p>\n<p>Entre em contato que podemos ajudar!<\/p>\n<p>Confira as informa\u00e7\u00f5es adicionais abaixo:<\/p>\n<ul>\n<li>Todos os nossos produtos s\u00e3o novos, semi-novos, originais e paralelos possuem garantia.<\/li>\n<li>Todos os produtos anunciados est\u00e3o dispon\u00edveis em estoque e s\u00e3o enviados com extrema rapidez.<\/li>\n<li>O frete pode ser simulado antes de efetuar a compra, basta clicar em \u201cver custos de envio\u201d.<\/li>\n<li>Verifique o endere\u00e7o de entrega cadastrado e atualize caso necess\u00e1rio.<\/li>\n<li>Confirme se a pe\u00e7a \u00e9 correta para o seu modelo de ve\u00edculo.<\/li>\n<li>Para pe\u00e7as automotivas, recomendamos a instala\u00e7\u00e3o por um profissional especializado.<\/li>\n<\/ul>\n<p>Caso possua outras d\u00favidas, entre em contato.<\/p>\n","protected":false},"excerpt":{"rendered":"<h2>Parafuso de A\u00e7o Caixa de Dire\u00e7\u00e3o Renault Master Twingo &#8211; 7703620058<\/h2>\n<h2><\/h2>\n","protected":false},"featured_media":16601,"template":"","meta":{"_seopress_robots_primary_cat":"none","_seopress_titles_title":"","_seopress_titles_desc":"","_seopress_robots_index":"","_joinchat":[]},"product_cat":[83,22,1374,1125],"product_tag":[81,53],"berocket_brand":[394],"_links":{"self":[{"href":"https:\/\/www.casadainjecao.com.br\/loja\/wp-json\/wp\/v2\/product\/16549"}],"collection":[{"href":"https:\/\/www.casadainjecao.com.br\/loja\/wp-json\/wp\/v2\/product"}],"about":[{"href":"https:\/\/www.casadainjecao.com.br\/loja\/wp-json\/wp\/v2\/types\/product"}],"wp:featuredmedia":[{"embeddable":true,"href":"https:\/\/www.casadainjecao.com.br\/loja\/wp-json\/wp\/v2\/media\/16601"}],"wp:attachment":[{"href":"https:\/\/www.casadainjecao.com.br\/loja\/wp-json\/wp\/v2\/media?parent=16549"}],"wp:term":[{"taxonomy":"product_cat","embeddable":true,"href":"https:\/\/www.casadainjecao.com.br\/loja\/wp-json\/wp\/v2\/product_cat?post=16549"},{"taxonomy":"product_tag","embeddable":true,"href":"https:\/\/www.casadainjecao.com.br\/loja\/wp-json\/wp\/v2\/product_tag?post=16549"},{"taxonomy":"berocket_brand","embeddable":true,"href":"https:\/\/www.casadainjecao.com.br\/loja\/wp-json\/wp\/v2\/berocket_brand?post=16549"}],"curies":[{"name":"wp","href":"https:\/\/api.w.org\/{rel}","templated":true}]}}