{"id":16786,"date":"2022-04-04T17:46:03","date_gmt":"2022-04-04T20:46:03","guid":{"rendered":"https:\/\/www.casadainjecao.com.br\/loja\/?post_type=product&#038;p=16786"},"modified":"2023-03-28T14:10:22","modified_gmt":"2023-03-28T17:10:22","slug":"sensor-temperatura-ford-fiesta-focus-91ag10374ba","status":"publish","type":"product","link":"https:\/\/www.casadainjecao.com.br\/loja\/autopecas\/injecao-eletronica\/sensores-injecao-eletronica\/sensor-temperatura-ford-fiesta-focus-91ag10374ba\/","title":{"rendered":"Sensor Temperatura Ford Fiesta Focus &#8211; 91AG10374BA"},"content":{"rendered":"<h1>Sensor Temperatura Ford Fiesta Focus &#8211; 91AG10374BA<\/h1>\n","protected":false},"excerpt":{"rendered":"<h2>Sensor Temperatura<\/h2>\n<h2>Ford Fiesta Focus<\/h2>\n<h2>Codigo:- 91AG10374BA\/897182000<\/h2>\n<h2>c=269<\/h2>\n","protected":false},"featured_media":16789,"template":"","meta":{"_seopress_robots_primary_cat":"none","_seopress_titles_title":"","_seopress_titles_desc":"","_seopress_robots_index":"","_kad_blocks_custom_css":"","_kad_blocks_head_custom_js":"","_kad_blocks_body_custom_js":"","_kad_blocks_footer_custom_js":"","_joinchat":[]},"product_cat":[21,269],"product_tag":[274,693],"berocket_brand":[384],"taxonomy_info":{"product_cat":[{"value":21,"label":"Inje\u00e7\u00e3o Eletr\u00f4nica"},{"value":269,"label":"Sensores"}],"product_tag":[{"value":274,"label":"Ecosport"},{"value":693,"label":"New Fiesta"}],"berocket_brand":[{"value":384,"label":"Ford"}]},"featured_image_src_large":["https:\/\/www.casadainjecao.com.br\/loja\/wp-content\/uploads\/2022\/04\/91ag10374ba-Sensor-Temperatura-Ford-Fiesta-Focus.jpg",401,700,false],"author_info":[],"comment_info":"","_links":{"self":[{"href":"https:\/\/www.casadainjecao.com.br\/loja\/wp-json\/wp\/v2\/product\/16786"}],"collection":[{"href":"https:\/\/www.casadainjecao.com.br\/loja\/wp-json\/wp\/v2\/product"}],"about":[{"href":"https:\/\/www.casadainjecao.com.br\/loja\/wp-json\/wp\/v2\/types\/product"}],"wp:featuredmedia":[{"embeddable":true,"href":"https:\/\/www.casadainjecao.com.br\/loja\/wp-json\/wp\/v2\/media\/16789"}],"wp:attachment":[{"href":"https:\/\/www.casadainjecao.com.br\/loja\/wp-json\/wp\/v2\/media?parent=16786"}],"wp:term":[{"taxonomy":"product_cat","embeddable":true,"href":"https:\/\/www.casadainjecao.com.br\/loja\/wp-json\/wp\/v2\/product_cat?post=16786"},{"taxonomy":"product_tag","embeddable":true,"href":"https:\/\/www.casadainjecao.com.br\/loja\/wp-json\/wp\/v2\/product_tag?post=16786"},{"taxonomy":"berocket_brand","embeddable":true,"href":"https:\/\/www.casadainjecao.com.br\/loja\/wp-json\/wp\/v2\/berocket_brand?post=16786"}],"curies":[{"name":"wp","href":"https:\/\/api.w.org\/{rel}","templated":true}]}}