{"id":17226,"date":"2022-05-11T16:57:58","date_gmt":"2022-05-11T19:57:58","guid":{"rendered":"https:\/\/www.casadainjecao.com.br\/loja\/?post_type=product&#038;p=17226"},"modified":"2022-11-21T08:57:17","modified_gmt":"2022-11-21T11:57:17","slug":"vedacao-de-borracha-do-porta-mala-renault-twingo-7700821030","status":"publish","type":"product","link":"https:\/\/www.casadainjecao.com.br\/loja\/autopecas\/carroceria\/borracha\/vedacao-de-borracha-do-porta-mala-renault-twingo-7700821030\/","title":{"rendered":"Veda\u00e7\u00e3o de Borracha do Porta Mala Renault Twingo &#8211; 7"},"content":{"rendered":"<h1>Veda\u00e7\u00e3o de Borracha do Porta Mala Renault Twingo &#8211; 7700821030<\/h1>\n","protected":false},"excerpt":{"rendered":"<h2>Veda\u00e7\u00e3o de Borracha do Porta Mala Original<\/h2>\n<h2>Renault Twingo<\/h2>\n<h2>Codigo: &#8211; 7700821030\u00a0 \u00a0p=17<\/h2>\n","protected":false},"featured_media":17229,"template":"","meta":{"_seopress_robots_primary_cat":"none","_seopress_titles_title":"","_seopress_titles_desc":"","_seopress_robots_index":"","_seopress_analysis_target_kw":"","_kad_blocks_custom_css":"","_kad_blocks_head_custom_js":"","_kad_blocks_body_custom_js":"","_kad_blocks_footer_custom_js":"","_kadence_starter_templates_imported_post":false,"_joinchat":[]},"product_brand":[],"product_cat":[1258,83,1277],"product_tag":[53],"berocket_brand":[394],"class_list":{"0":"post-17226","1":"product","2":"type-product","3":"status-publish","4":"has-post-thumbnail","6":"product_cat-borracha","7":"product_cat-carroceria","8":"product_cat-tampa-porta-mala","9":"product_tag-twingo","10":"berocket_brand-renault","11":"thunk-woo-product-list","12":"big-store-woo-hover-zoom","13":"open-single-product-tab-horizontal","14":"open-shadow-","15":"open-shadow-hover-","17":"first","18":"outofstock","19":"sale","20":"taxable","21":"shipping-taxable","22":"purchasable","23":"product-type-simple"},"taxonomy_info":{"product_cat":[{"value":1258,"label":"Borracha"},{"value":83,"label":"Carroceria"},{"value":1277,"label":"Tampa Porta Mala"}],"product_tag":[{"value":53,"label":"Twingo"}],"berocket_brand":[{"value":394,"label":"Renault"}]},"featured_image_src_large":["https:\/\/www.casadainjecao.com.br\/loja\/wp-content\/uploads\/2022\/05\/7700821030-Vedacao-de-Borracha-do-Porta-Mala-Renault-Twingo.jpg",640,440,false],"author_info":[],"comment_info":"","_links":{"self":[{"href":"https:\/\/www.casadainjecao.com.br\/loja\/wp-json\/wp\/v2\/product\/17226","targetHints":{"allow":["GET"]}}],"collection":[{"href":"https:\/\/www.casadainjecao.com.br\/loja\/wp-json\/wp\/v2\/product"}],"about":[{"href":"https:\/\/www.casadainjecao.com.br\/loja\/wp-json\/wp\/v2\/types\/product"}],"wp:featuredmedia":[{"embeddable":true,"href":"https:\/\/www.casadainjecao.com.br\/loja\/wp-json\/wp\/v2\/media\/17229"}],"wp:attachment":[{"href":"https:\/\/www.casadainjecao.com.br\/loja\/wp-json\/wp\/v2\/media?parent=17226"}],"wp:term":[{"taxonomy":"product_brand","embeddable":true,"href":"https:\/\/www.casadainjecao.com.br\/loja\/wp-json\/wp\/v2\/product_brand?post=17226"},{"taxonomy":"product_cat","embeddable":true,"href":"https:\/\/www.casadainjecao.com.br\/loja\/wp-json\/wp\/v2\/product_cat?post=17226"},{"taxonomy":"product_tag","embeddable":true,"href":"https:\/\/www.casadainjecao.com.br\/loja\/wp-json\/wp\/v2\/product_tag?post=17226"},{"taxonomy":"berocket_brand","embeddable":true,"href":"https:\/\/www.casadainjecao.com.br\/loja\/wp-json\/wp\/v2\/berocket_brand?post=17226"}],"curies":[{"name":"wp","href":"https:\/\/api.w.org\/{rel}","templated":true}]}}