{"id":17351,"date":"2022-05-26T16:01:06","date_gmt":"2022-05-26T19:01:06","guid":{"rendered":"https:\/\/www.casadainjecao.com.br\/loja\/?post_type=product&#038;p=17351"},"modified":"2023-06-20T10:56:18","modified_gmt":"2023-06-20T13:56:18","slug":"sensor-de-posicao-de-borboleta-fiat-uno-palio-40443002","status":"publish","type":"product","link":"https:\/\/www.casadainjecao.com.br\/loja\/autopecas\/motor\/sensores-motor\/sensor-de-posicao-de-borboleta-fiat-uno-palio-40443002\/","title":{"rendered":"Sensor de Posi\u00e7\u00e3o de Borboleta Fiat Uno Palio &#8211; 4044"},"content":{"rendered":"<h1>Sensor de Posi\u00e7\u00e3o de Borboleta Magneti Marelli<\/h1>\n<h1>Conector: 3 Pinos<\/h1>\n<h1>Aplica\u00e7\u00f5es:<\/h1>\n<h1>Fiat<\/h1>\n<h1>Uno 2001&#8230;.<\/h1>\n<h1>Palio 1.6 16v 1996&#8230;<\/h1>\n<h1>Palio Fiasa\u00a0 1999&#8230;.<\/h1>\n<h1>Siena 2001&#8230;<\/h1>\n<h1>Doblo 1.6 16v 2001&#8230;<\/h1>\n<h1>C\u00f3digo: &#8211; 40443002\/IPF2C\/Esb002<\/h1>\n<h1><\/h1>\n","protected":false},"excerpt":{"rendered":"<h2>Sensor de Posi\u00e7\u00e3o de Borboleta Fiat Uno Palio &#8211; 40443002\/IPF2C<\/h2>\n","protected":false},"featured_media":17353,"template":"","meta":{"_seopress_robots_primary_cat":"none","_seopress_titles_title":"","_seopress_titles_desc":"","_seopress_robots_index":"","_seopress_analysis_target_kw":"","_kad_blocks_custom_css":"","_kad_blocks_head_custom_js":"","_kad_blocks_body_custom_js":"","_kad_blocks_footer_custom_js":"","_kadence_starter_templates_imported_post":false,"_joinchat":[]},"product_brand":[],"product_cat":[21,22,241,269],"product_tag":[],"berocket_brand":[383],"class_list":{"0":"post-17351","1":"product","2":"type-product","3":"status-publish","4":"has-post-thumbnail","6":"product_cat-injecao-eletronica","7":"product_cat-motor","8":"product_cat-sensores-motor","9":"product_cat-sensores-injecao-eletronica","10":"berocket_brand-fiat","11":"thunk-woo-product-list","12":"big-store-woo-hover-zoom","13":"open-single-product-tab-horizontal","14":"open-shadow-","15":"open-shadow-hover-","17":"first","18":"outofstock","19":"sale","20":"taxable","21":"shipping-taxable","22":"purchasable","23":"product-type-simple"},"taxonomy_info":{"product_cat":[{"value":21,"label":"Inje\u00e7\u00e3o Eletr\u00f4nica"},{"value":22,"label":"Motor"},{"value":241,"label":"Sensores"},{"value":269,"label":"Sensores"}],"berocket_brand":[{"value":383,"label":"Fiat"}]},"featured_image_src_large":["https:\/\/www.casadainjecao.com.br\/loja\/wp-content\/uploads\/2022\/05\/40443002-Sensor-de-Posicao-de-Borboleta-Fiat-Uno-Palio-A-585x780.jpg",585,780,true],"author_info":[],"comment_info":"","_links":{"self":[{"href":"https:\/\/www.casadainjecao.com.br\/loja\/wp-json\/wp\/v2\/product\/17351","targetHints":{"allow":["GET"]}}],"collection":[{"href":"https:\/\/www.casadainjecao.com.br\/loja\/wp-json\/wp\/v2\/product"}],"about":[{"href":"https:\/\/www.casadainjecao.com.br\/loja\/wp-json\/wp\/v2\/types\/product"}],"wp:featuredmedia":[{"embeddable":true,"href":"https:\/\/www.casadainjecao.com.br\/loja\/wp-json\/wp\/v2\/media\/17353"}],"wp:attachment":[{"href":"https:\/\/www.casadainjecao.com.br\/loja\/wp-json\/wp\/v2\/media?parent=17351"}],"wp:term":[{"taxonomy":"product_brand","embeddable":true,"href":"https:\/\/www.casadainjecao.com.br\/loja\/wp-json\/wp\/v2\/product_brand?post=17351"},{"taxonomy":"product_cat","embeddable":true,"href":"https:\/\/www.casadainjecao.com.br\/loja\/wp-json\/wp\/v2\/product_cat?post=17351"},{"taxonomy":"product_tag","embeddable":true,"href":"https:\/\/www.casadainjecao.com.br\/loja\/wp-json\/wp\/v2\/product_tag?post=17351"},{"taxonomy":"berocket_brand","embeddable":true,"href":"https:\/\/www.casadainjecao.com.br\/loja\/wp-json\/wp\/v2\/berocket_brand?post=17351"}],"curies":[{"name":"wp","href":"https:\/\/api.w.org\/{rel}","templated":true}]}}