{"id":17839,"date":"2022-07-02T13:42:47","date_gmt":"2022-07-02T16:42:47","guid":{"rendered":"https:\/\/www.casadainjecao.com.br\/loja\/?post_type=product&#038;p=17839"},"modified":"2026-04-05T12:46:31","modified_gmt":"2026-04-05T15:46:31","slug":"porca-roscada-de-aco-liga-renault-clio-7703032159","status":"publish","type":"product","link":"https:\/\/www.casadainjecao.com.br\/loja\/autopecas\/motor\/porcas-motor\/porca-roscada-de-aco-liga-renault-clio-7703032159\/","title":{"rendered":"Porca Roscada de Aco Liga Renault Clio &#8211; 7703032159"},"content":{"rendered":"<h2>Porca Roscada de A\u00e7o Liga<\/h2>\n<p><strong>RENAULT<\/strong><\/p>\n<p>Renault Clio II SI, RL, RT, Campus, Clio, Authentique, Expression, Dynamique, Privil\u00e9ge (flex, hi flex, power), Alize 1.0 8v 1.0 16v 1.6 8v 1.6 16v 1998 a 2018<\/p>\n<p>Renult Laguna RT, RXE, V6, Executive 2.0 8v 2.0 16v 3.0 12v 1993 a 2011<\/p>\n<p>Renault Kangoo RN, RT, RL, Sportway, Authentique, Expression 1.0 8v 1.0 16v 1.6 8v 1.6 16v &#8211; 1997 a 2018<\/p>\n<p>Renault Megane I RN, RT, RXE, Alize, Egeus, Expression 1.6 8v 1.6 16v 2.0 8v &#8211; 1995 a 2016<\/p>\n<p>Renualt Megane I Sedan Egeus, RT, RXE, Alize, Privil\u00e9ge 1.6 16v 2.0 8v 2.0 16v 1996 a 2017<\/p>\n<p>Renault Master\u00a0 II L1h1, L2H2, L3H2, Furg\u00e3o, Bus L2H2, L2H2 Furg\u00e3o, C.C L2H1 2.5 16v 2.8 8v 1997 a 2018<\/p>\n<p>Renault Twingo E2 Pack, E5 initiale, 22 C, 2 PK E2 1.0 8v 1.0 16v 1.1 8v 1.2 8v &#8211; 1993 a 2017<\/p>\n<p>Renault Laguna RT, RXR, V6, Executive 2.0 8v 2.0 16v &#8211; 1993 a 2011<\/p>\n<p>Renault Laguna II Expression, Privil\u00e9ge (V6) 2.0 16v 3.0 24v &#8211; 2000 a 2016<\/p>\n<p>Renault Symbol Expression, Privil\u00e9ge, Connection, Privil\u00e9ge (flex) 1.6 8v 1.6 16v &#8211; 2007 a 2018<\/p>\n<p>Renault Safrane RXE &#8211; 1992 a 2007<\/p>\n<p>Renault Sc\u00e9nic I RT, RXE, Egeus, Expression, Privil\u00e9ge, RN, Alize, Authentique, Expression, Privil\u00e9ge (flex), Sportway 1.6 16v 2.0 8v 2.0 16v &#8211; 1996 a 2017<\/p>\n<h4>C\u00f3digo de refer\u00eancia:<\/h4>\n<p>7703032159<\/p>\n<h4>Condi\u00e7\u00f5es:<\/h4>\n<p>Novo Original \/ Marca Renault<\/p>\n<h4>Garantia:<\/h4>\n<p>3 Meses<\/p>\n<h3><strong>ATEN\u00c7\u00c3O<\/strong>: Antes de efetuar a compra verifique o c\u00f3digo da pe\u00e7a que est\u00e1 instalada no seu ve\u00edculo.<\/h3>\n<h4>O que \u00e9 e para que serve a Porca Roscada de A\u00e7o Liga?<\/h4>\n<p>A Porca Roscada de A\u00e7o Liga \u00e9 fabricada com a\u00e7o de liga, que \u00e9 uma classe especial de a\u00e7o contendo diversos elementos de liga para melhorar suas propriedades mec\u00e2nicas. A utiliza\u00e7\u00e3o de a\u00e7o de liga em porcas roscadas pode oferecer benef\u00edcios em termos de resist\u00eancia mec\u00e2nica, durabilidade, resist\u00eancia \u00e0 corros\u00e3o e outras propriedades espec\u00edficas do a\u00e7o de liga. As porcas roscadas s\u00e3o usadas em conjunto com parafusos para fixar duas pe\u00e7as juntas, proporcionando uma conex\u00e3o segura.<\/p>\n<p>&nbsp;<\/p>\n<p>A Casa da Inje\u00e7\u00e3o oferece total garantia nos produtos comprados em nosso site.<\/p>\n<ol>\n<li>Cada item \u00e9 rigorosamente testado antes do envio<\/li>\n<li>Se os itens estiverem danificados ou parcialmente defeituosos, entre em contato conosco.<\/li>\n<\/ol>\n<p>Se houver qualquer defeito, n\u00f3s lhe enviaremos uma substitui\u00e7\u00e3o ap\u00f3s receber o pacote ou devolvemos seu dinheiro.<\/p>\n<p>Leia nossa <a href=\"https:\/\/www.casadainjecao.com.br\/loja\/politica-de-devolucao\">pol\u00edtica de devolu\u00e7\u00e3o aqui<\/a><\/p>\n<p>&#8212;&#8212;&#8212;&#8212;&#8212;&#8212;&#8212;&#8212;&#8212;&#8212;&#8212;&#8212;&#8212;&#8212;&#8212;&#8212;&#8212;&#8212;&#8212;&#8211;<\/p>\n<h4>Tem alguma d\u00favida?<\/h4>\n<p>Entre em contato que podemos ajudar!<\/p>\n<p>Confira as informa\u00e7\u00f5es adicionais abaixo:<\/p>\n<ul>\n<li>Todos os nossos produtos s\u00e3o novos, semi-novos, originais, paralelos e possuem garantia.<\/li>\n<li>Todos os produtos anunciados est\u00e3o dispon\u00edveis em estoque e s\u00e3o enviados com extrema rapidez.<\/li>\n<li>O frete pode ser simulado antes de efetuar a compra, basta clicar em \u201cver custos de envio\u201d.<\/li>\n<li>Verifique o endere\u00e7o de entrega cadastrado e atualize caso necess\u00e1rio.<\/li>\n<li>Confirme se a pe\u00e7a \u00e9 correta para o seu modelo de ve\u00edculo.<\/li>\n<li>Para pe\u00e7as automotivas, recomendamos a instala\u00e7\u00e3o por um profissional especializado.<\/li>\n<\/ul>\n<p>Caso possua outras d\u00favidas, entre em contato.<\/p>\n","protected":false},"excerpt":{"rendered":"<h2>Porca Roscada de A\u00e7o Liga Renault Clio Laguna &#8211; 7703032159<\/h2>\n","protected":false},"featured_media":26758,"template":"","meta":{"_seopress_robots_primary_cat":"none","_seopress_titles_title":"","_seopress_titles_desc":"","_seopress_robots_index":"","_joinchat":[]},"product_cat":[22,1486],"product_tag":[49,1187,128,81,401,152],"berocket_brand":[394],"_links":{"self":[{"href":"https:\/\/www.casadainjecao.com.br\/loja\/wp-json\/wp\/v2\/product\/17839"}],"collection":[{"href":"https:\/\/www.casadainjecao.com.br\/loja\/wp-json\/wp\/v2\/product"}],"about":[{"href":"https:\/\/www.casadainjecao.com.br\/loja\/wp-json\/wp\/v2\/types\/product"}],"wp:featuredmedia":[{"embeddable":true,"href":"https:\/\/www.casadainjecao.com.br\/loja\/wp-json\/wp\/v2\/media\/26758"}],"wp:attachment":[{"href":"https:\/\/www.casadainjecao.com.br\/loja\/wp-json\/wp\/v2\/media?parent=17839"}],"wp:term":[{"taxonomy":"product_cat","embeddable":true,"href":"https:\/\/www.casadainjecao.com.br\/loja\/wp-json\/wp\/v2\/product_cat?post=17839"},{"taxonomy":"product_tag","embeddable":true,"href":"https:\/\/www.casadainjecao.com.br\/loja\/wp-json\/wp\/v2\/product_tag?post=17839"},{"taxonomy":"berocket_brand","embeddable":true,"href":"https:\/\/www.casadainjecao.com.br\/loja\/wp-json\/wp\/v2\/berocket_brand?post=17839"}],"curies":[{"name":"wp","href":"https:\/\/api.w.org\/{rel}","templated":true}]}}