{"id":18058,"date":"2022-07-18T14:15:56","date_gmt":"2022-07-18T17:15:56","guid":{"rendered":"https:\/\/www.casadainjecao.com.br\/loja\/?post_type=product&#038;p=18058"},"modified":"2023-05-08T16:44:57","modified_gmt":"2023-05-08T19:44:57","slug":"sensor-impacto-airbag-peugeot-206-9646768980","status":"publish","type":"product","link":"https:\/\/www.casadainjecao.com.br\/loja\/autopecas\/interior\/airbag\/sensor-impacto-airbag-peugeot-206-9646768980\/","title":{"rendered":"Sensor Impacto Airbag Peugeot 206 &#8211; 9646768980"},"content":{"rendered":"<h1>Sensor Impacto Airbag Peugeot 206 &#8211; 9646768980<\/h1>\n","protected":false},"excerpt":{"rendered":"<h2>Sensor Impacto Airbag<\/h2>\n<h2>Peugeot 206<\/h2>\n<h2>Codigo: &#8211; 9646768980\/21685191-3\/604288200<\/h2>\n<h2>c=269<\/h2>\n","protected":false},"featured_media":18063,"template":"","meta":{"_seopress_robots_primary_cat":"none","_seopress_titles_title":"","_seopress_titles_desc":"","_seopress_robots_index":"","_seopress_analysis_target_kw":"","_kad_blocks_custom_css":"","_kad_blocks_head_custom_js":"","_kad_blocks_body_custom_js":"","_kad_blocks_footer_custom_js":"","_kadence_starter_templates_imported_post":false,"_joinchat":[]},"product_brand":[],"product_cat":[1303,21,138,155,269],"product_tag":[],"berocket_brand":[393],"class_list":{"0":"post-18058","1":"product","2":"type-product","3":"status-publish","4":"has-post-thumbnail","6":"product_cat-airbag","7":"product_cat-injecao-eletronica","8":"product_cat-modulos","9":"product_cat-sensores","10":"product_cat-sensores-injecao-eletronica","11":"berocket_brand-peugeot","12":"thunk-woo-product-list","13":"big-store-woo-hover-zoom","14":"open-single-product-tab-horizontal","15":"open-shadow-","16":"open-shadow-hover-","18":"first","19":"instock","20":"sale","21":"taxable","22":"shipping-taxable","23":"purchasable","24":"product-type-simple"},"taxonomy_info":{"product_cat":[{"value":1303,"label":"Airbag"},{"value":21,"label":"Inje\u00e7\u00e3o Eletr\u00f4nica"},{"value":138,"label":"Modulos"},{"value":155,"label":"Sensores"},{"value":269,"label":"Sensores"}],"berocket_brand":[{"value":393,"label":"Peugeot"}]},"featured_image_src_large":["https:\/\/www.casadainjecao.com.br\/loja\/wp-content\/uploads\/2022\/07\/9646768980-Sensor-Impacto-Airbag-Peugeot-206.jpg",640,480,false],"author_info":[],"comment_info":"","_links":{"self":[{"href":"https:\/\/www.casadainjecao.com.br\/loja\/wp-json\/wp\/v2\/product\/18058","targetHints":{"allow":["GET"]}}],"collection":[{"href":"https:\/\/www.casadainjecao.com.br\/loja\/wp-json\/wp\/v2\/product"}],"about":[{"href":"https:\/\/www.casadainjecao.com.br\/loja\/wp-json\/wp\/v2\/types\/product"}],"wp:featuredmedia":[{"embeddable":true,"href":"https:\/\/www.casadainjecao.com.br\/loja\/wp-json\/wp\/v2\/media\/18063"}],"wp:attachment":[{"href":"https:\/\/www.casadainjecao.com.br\/loja\/wp-json\/wp\/v2\/media?parent=18058"}],"wp:term":[{"taxonomy":"product_brand","embeddable":true,"href":"https:\/\/www.casadainjecao.com.br\/loja\/wp-json\/wp\/v2\/product_brand?post=18058"},{"taxonomy":"product_cat","embeddable":true,"href":"https:\/\/www.casadainjecao.com.br\/loja\/wp-json\/wp\/v2\/product_cat?post=18058"},{"taxonomy":"product_tag","embeddable":true,"href":"https:\/\/www.casadainjecao.com.br\/loja\/wp-json\/wp\/v2\/product_tag?post=18058"},{"taxonomy":"berocket_brand","embeddable":true,"href":"https:\/\/www.casadainjecao.com.br\/loja\/wp-json\/wp\/v2\/berocket_brand?post=18058"}],"curies":[{"name":"wp","href":"https:\/\/api.w.org\/{rel}","templated":true}]}}