{"id":18076,"date":"2022-07-18T17:29:03","date_gmt":"2022-07-18T20:29:03","guid":{"rendered":"https:\/\/www.casadainjecao.com.br\/loja\/?post_type=product&#038;p=18076"},"modified":"2023-03-15T14:32:40","modified_gmt":"2023-03-15T17:32:40","slug":"atuador-do-piloto-automatico-hyundai-i30-vera-cruz-96440-2h100","status":"publish","type":"product","link":"https:\/\/www.casadainjecao.com.br\/loja\/autopecas\/transmissao\/atuador-de-embreagem\/atuador-do-piloto-automatico-hyundai-i30-vera-cruz-96440-2h100\/","title":{"rendered":"Atuador do Piloto Autom\u00e1tico Hyundai I30 Vera Cruz &#8211; "},"content":{"rendered":"<h1>Atuador do Piloto Autom\u00e1tico Hyundai I30 Vera Cruz &#8211; 96400-2H100<\/h1>\n","protected":false},"excerpt":{"rendered":"<h2>Atuador do Piloto Autom\u00e1tico Semi Novo<\/h2>\n<h2>Hyundai I30 \/Vera Cruz \/Santa F\u00e9 \/Tucson\u00a0 2010 a 2011<\/h2>\n<h2>Codigo: &#8211; 96400-2H100\/964402h100\u00a0 p=7<\/h2>\n","protected":false},"featured_media":18083,"template":"","meta":{"_seopress_robots_primary_cat":"none","_seopress_titles_title":"","_seopress_titles_desc":"","_seopress_robots_index":"","_seopress_analysis_target_kw":"","_kad_blocks_custom_css":"","_kad_blocks_head_custom_js":"","_kad_blocks_body_custom_js":"","_kad_blocks_footer_custom_js":"","_kadence_starter_templates_imported_post":false,"_joinchat":[]},"product_brand":[],"product_cat":[319,17,325,1104],"product_tag":[1490,292,1340,1491],"berocket_brand":[386],"class_list":{"0":"post-18076","1":"product","2":"type-product","3":"status-publish","4":"has-post-thumbnail","6":"product_cat-atuador-de-embreagem","7":"product_cat-eletrica","8":"product_cat-embreagem","9":"product_cat-suspencao","10":"product_tag-i30","11":"product_tag-santa-fe","12":"product_tag-tucson","13":"product_tag-vera-cruz","14":"berocket_brand-hyundai","15":"thunk-woo-product-list","16":"big-store-woo-hover-zoom","17":"open-single-product-tab-horizontal","18":"open-shadow-","19":"open-shadow-hover-","21":"first","22":"outofstock","23":"sale","24":"taxable","25":"shipping-taxable","26":"purchasable","27":"product-type-simple"},"taxonomy_info":{"product_cat":[{"value":319,"label":"Atuador de Embreagem"},{"value":17,"label":"El\u00e9trica"},{"value":325,"label":"Embreagem"},{"value":1104,"label":"Suspen\u00e7\u00e3o"}],"product_tag":[{"value":1490,"label":"I30"},{"value":292,"label":"Santa F\u00e9"},{"value":1340,"label":"Tucson"},{"value":1491,"label":"Vera Cruz"}],"berocket_brand":[{"value":386,"label":"Hyundai"}]},"featured_image_src_large":["https:\/\/www.casadainjecao.com.br\/loja\/wp-content\/uploads\/2022\/07\/96440-2H100-Atuador-do-Piloto-Automatico-Hyundai-I30-Vera-Cruz.jpg",640,480,false],"author_info":[],"comment_info":"","_links":{"self":[{"href":"https:\/\/www.casadainjecao.com.br\/loja\/wp-json\/wp\/v2\/product\/18076","targetHints":{"allow":["GET"]}}],"collection":[{"href":"https:\/\/www.casadainjecao.com.br\/loja\/wp-json\/wp\/v2\/product"}],"about":[{"href":"https:\/\/www.casadainjecao.com.br\/loja\/wp-json\/wp\/v2\/types\/product"}],"wp:featuredmedia":[{"embeddable":true,"href":"https:\/\/www.casadainjecao.com.br\/loja\/wp-json\/wp\/v2\/media\/18083"}],"wp:attachment":[{"href":"https:\/\/www.casadainjecao.com.br\/loja\/wp-json\/wp\/v2\/media?parent=18076"}],"wp:term":[{"taxonomy":"product_brand","embeddable":true,"href":"https:\/\/www.casadainjecao.com.br\/loja\/wp-json\/wp\/v2\/product_brand?post=18076"},{"taxonomy":"product_cat","embeddable":true,"href":"https:\/\/www.casadainjecao.com.br\/loja\/wp-json\/wp\/v2\/product_cat?post=18076"},{"taxonomy":"product_tag","embeddable":true,"href":"https:\/\/www.casadainjecao.com.br\/loja\/wp-json\/wp\/v2\/product_tag?post=18076"},{"taxonomy":"berocket_brand","embeddable":true,"href":"https:\/\/www.casadainjecao.com.br\/loja\/wp-json\/wp\/v2\/berocket_brand?post=18076"}],"curies":[{"name":"wp","href":"https:\/\/api.w.org\/{rel}","templated":true}]}}