{"id":18088,"date":"2022-07-19T08:44:27","date_gmt":"2022-07-19T11:44:27","guid":{"rendered":"https:\/\/www.casadainjecao.com.br\/loja\/?post_type=product&#038;p=18088"},"modified":"2026-03-30T20:55:58","modified_gmt":"2026-03-30T23:55:58","slug":"kit-reparo-bico-injecao-direta-audi-a4-2-0-tfsi-06h906036g","status":"publish","type":"product","link":"https:\/\/www.casadainjecao.com.br\/loja\/autopecas\/injecao-eletronica\/bico-injetor\/kit-reparo-bico-injecao-direta-audi-a4-2-0-tfsi-06h906036g\/","title":{"rendered":"Kit Reparo Bico Inje\u00e7\u00e3o Direta Audi A4 2.0 TFSI &#8211; 06"},"content":{"rendered":"<h1>Kit Reparo Bico Inje\u00e7\u00e3o Direta Audi A4 2.0 TFSI &#8211; 06h906036g<\/h1>\n","protected":false},"excerpt":{"rendered":"<h2>Kit Reparo Bico Inje\u00e7\u00e3o Direta<\/h2>\n<h2>Audi A3 \/ A4 \/ A5 \/ A6 \/ Q3 \/ Q5 \/ TT 2.0 TFSI<\/h2>\n<h2>Amarok 2.0 TSI 2010 &#8230;<br \/>\nBeetle 2.0 TSI 2011 &#8230;<br \/>\nGolf 2.0 GTI 2004 &#8230;<br \/>\nJetta 2.0 05&gt;10<br \/>\nPassat 2.0 10&gt;14<br \/>\nTiguan 2.0 TFSI 2008 &#8230;<br \/>\nCodigo:- 06h906036g\/ 0261500162 \/06H906036E\/ 06H906036P<\/h2>\n<h2><\/h2>\n","protected":false},"featured_media":18090,"template":"","meta":{"_seopress_robots_primary_cat":"none","_seopress_titles_title":"","_seopress_titles_desc":"","_seopress_robots_index":"","_joinchat":[]},"product_cat":[256,21,263,266],"product_tag":[428,1468,1413,1412,1414,1415,698,848,1475],"berocket_brand":[396],"_links":{"self":[{"href":"https:\/\/www.casadainjecao.com.br\/loja\/wp-json\/wp\/v2\/product\/18088"}],"collection":[{"href":"https:\/\/www.casadainjecao.com.br\/loja\/wp-json\/wp\/v2\/product"}],"about":[{"href":"https:\/\/www.casadainjecao.com.br\/loja\/wp-json\/wp\/v2\/types\/product"}],"wp:featuredmedia":[{"embeddable":true,"href":"https:\/\/www.casadainjecao.com.br\/loja\/wp-json\/wp\/v2\/media\/18090"}],"wp:attachment":[{"href":"https:\/\/www.casadainjecao.com.br\/loja\/wp-json\/wp\/v2\/media?parent=18088"}],"wp:term":[{"taxonomy":"product_cat","embeddable":true,"href":"https:\/\/www.casadainjecao.com.br\/loja\/wp-json\/wp\/v2\/product_cat?post=18088"},{"taxonomy":"product_tag","embeddable":true,"href":"https:\/\/www.casadainjecao.com.br\/loja\/wp-json\/wp\/v2\/product_tag?post=18088"},{"taxonomy":"berocket_brand","embeddable":true,"href":"https:\/\/www.casadainjecao.com.br\/loja\/wp-json\/wp\/v2\/berocket_brand?post=18088"}],"curies":[{"name":"wp","href":"https:\/\/api.w.org\/{rel}","templated":true}]}}