{"id":18119,"date":"2022-07-21T11:07:18","date_gmt":"2022-07-21T14:07:18","guid":{"rendered":"https:\/\/www.casadainjecao.com.br\/loja\/?post_type=product&#038;p=18119"},"modified":"2026-04-12T21:53:19","modified_gmt":"2026-04-13T00:53:19","slug":"sensor-map-renault-master-clio-megane-original-8200719629","status":"publish","type":"product","link":"https:\/\/www.casadainjecao.com.br\/loja\/autopecas\/motor\/sensores-motor\/sensor-map-renault-master-clio-megane-original-8200719629\/","title":{"rendered":"Sensor Map Renault Megane Clio Sandero Logan  8200719629"},"content":{"rendered":"<h2>Sensor Map<\/h2>\n<p><strong>RENAULT<\/strong><\/p>\n<p>Renault Clio 1.0 8v 1.0 16v, 1.6 16v 1.6 8v (1998 a 2018)<\/p>\n<p>Renault Duster 1.6 16v 2.0 16v (2001 a 2018)<\/p>\n<p>Reanult Megane 1.6 8v 1.6 16v 2.0 8v (1995 a 2016)<\/p>\n<p>Renault Laguna 2.0 8v 2. 0 16v 3.0 12v 3.0 24v\u00a0 (1993 a 2011)<\/p>\n<p>Renault Sandero 1.6 8v 1.0 16v 1.6 16v\u00a0 (2002 a 2013)<\/p>\n<p>Renault Twingo 1.0 8v, 1.0 16v 1.2 8v 1.1 8v\u00a0 (1993 a 2017)<\/p>\n<p>Renault Logan 1.6 8v 1.0 16v 1.6 16v\u00a0 (2002 a 2013)<\/p>\n<p>Renault Fluence 1.0 16v 2.0 16v (2001 a 2018)<\/p>\n<p>Renault Kangoo: 1.0 8v, 1.0 16v, 1.6 8v, (1997 a 2018)<\/p>\n<p>Renault Kangoo Express Hi-Flex 1.6 16v 2014<\/p>\n<p>Renault Symbol 1.6 16v 1.6 8v (2007 a 2018)<\/p>\n<p>Renault Scenic 1.6 16 2.0 16v 2.0 8v (1996 a 2017)<\/p>\n<p>Renault Grand Scenic 2.0 16v ( 2002 a 2018)<\/p>\n<p>Nissan March<\/p>\n<h4>C\u00f3digo de refer\u00eancia:<\/h4>\n<p>8200719629, 7700101762, 8200121800, 8200105165, 5wk96814<\/p>\n<h4>Condi\u00e7\u00f5es:<\/h4>\n<p>Novo Paralelo \/ Marca Torken<\/p>\n<h4>Especifica\u00e7\u00f5es:<\/h4>\n<p>Conector 3 Pinos<\/p>\n<p>Faixa de press\u00e3o: 20 &#8211; 100 Kpa<\/p>\n<p>Limita\u00e7\u00e3o de tens\u00e3o (mV)<strong>:<\/strong>\u00a0520-4780 mv<\/p>\n<h4>Garantia:<\/h4>\n<p>3 Meses<\/p>\n<h3><strong>ATEN\u00c7\u00c3O<\/strong>: <strong>Antes de efetuar a compra verifique o c\u00f3digo da pe\u00e7a que est\u00e1 instalada no seu ve\u00edculo.<\/strong><\/h3>\n<h3>APLICA\u00c7\u00c3O:<\/h3>\n<p>Linha Renault<\/p>\n<h4><strong>O que \u00e9 e para que serve o Sensor Map?<\/strong><\/h4>\n<p>O Sensor MAP mede a press\u00e3o absoluta do ar no coletor de admiss\u00e3o de um motor. Ele fornece informa\u00e7\u00f5es vitais ao sistema de gerenciamento do motor, permitindo o controle preciso da inje\u00e7\u00e3o de combust\u00edvel e da igni\u00e7\u00e3o, otimizando o desempenho e a efici\u00eancia do motor, al\u00e9m de ser fundamental em motores turbo alimentados.<\/p>\n<p>&nbsp;<\/p>\n<p>A Casa da Inje\u00e7\u00e3o oferece total garantia nos produtos comprados em nosso site.<\/p>\n<ol>\n<li>Cada item \u00e9 rigorosamente testado antes do envio<\/li>\n<li>Se os itens estiverem danificados ou parcialmente defeituosos, entre em contato conosco.<\/li>\n<\/ol>\n<p>Se houver qualquer defeito, n\u00f3s lhe enviaremos uma substitui\u00e7\u00e3o ap\u00f3s receber o pacote ou devolvemos seu dinheiro.<\/p>\n<p>Leia nossa <span style=\"color: #ff0000;\"><a style=\"color: #ff0000;\" href=\"https:\/\/www.casadainjecao.com.br\/loja\/politica-de-devolucao\">pol\u00edtica de devolu\u00e7\u00e3o aqui<\/a><\/span><\/p>\n<p>&#8212;&#8212;&#8212;&#8212;&#8212;&#8212;&#8212;&#8212;&#8212;&#8212;&#8212;&#8212;&#8212;&#8212;&#8212;&#8212;&#8212;&#8212;&#8212;&#8211;<\/p>\n<h4>Tem alguma d\u00favida?<\/h4>\n<p>Entre em contato que podemos ajudar!<\/p>\n<p>Confira as informa\u00e7\u00f5es adicionais abaixo:<\/p>\n<ul>\n<li>Todos os nossos produtos s\u00e3o novos, semi-novos, originais, paralelos e possuem garantia.<\/li>\n<li>Todos os produtos anunciados est\u00e3o dispon\u00edveis em estoque e s\u00e3o enviados com extrema rapidez.<\/li>\n<li>O frete pode ser simulado antes de efetuar a compra, basta clicar em \u201cver custos de envio\u201d.<\/li>\n<li>Verifique o endere\u00e7o de entrega cadastrado e atualize caso necess\u00e1rio.<\/li>\n<li>Confirme se a pe\u00e7a \u00e9 correta para o seu modelo de ve\u00edculo.<\/li>\n<li>Para pe\u00e7as automotivas, recomendamos a instala\u00e7\u00e3o por um profissional especializado.<\/li>\n<\/ul>\n<p>Caso possua outras d\u00favidas, entre em contato.<\/p>\n","protected":false},"excerpt":{"rendered":"<h2>Sensor Map Renault Megane Clio Sandero Logan 8200719629<\/h2>\n<h2><\/h2>\n","protected":false},"featured_media":30356,"template":"","meta":{"_seopress_robots_primary_cat":"none","_seopress_titles_title":"","_seopress_titles_desc":"","_seopress_robots_index":"","_joinchat":[]},"product_cat":[21,22,1610,269,241],"product_tag":[49,52,139,1788,57,128,66,50,91,51,89,53],"berocket_brand":[392,394],"_links":{"self":[{"href":"https:\/\/www.casadainjecao.com.br\/loja\/wp-json\/wp\/v2\/product\/18119"}],"collection":[{"href":"https:\/\/www.casadainjecao.com.br\/loja\/wp-json\/wp\/v2\/product"}],"about":[{"href":"https:\/\/www.casadainjecao.com.br\/loja\/wp-json\/wp\/v2\/types\/product"}],"wp:featuredmedia":[{"embeddable":true,"href":"https:\/\/www.casadainjecao.com.br\/loja\/wp-json\/wp\/v2\/media\/30356"}],"wp:attachment":[{"href":"https:\/\/www.casadainjecao.com.br\/loja\/wp-json\/wp\/v2\/media?parent=18119"}],"wp:term":[{"taxonomy":"product_cat","embeddable":true,"href":"https:\/\/www.casadainjecao.com.br\/loja\/wp-json\/wp\/v2\/product_cat?post=18119"},{"taxonomy":"product_tag","embeddable":true,"href":"https:\/\/www.casadainjecao.com.br\/loja\/wp-json\/wp\/v2\/product_tag?post=18119"},{"taxonomy":"berocket_brand","embeddable":true,"href":"https:\/\/www.casadainjecao.com.br\/loja\/wp-json\/wp\/v2\/berocket_brand?post=18119"}],"curies":[{"name":"wp","href":"https:\/\/api.w.org\/{rel}","templated":true}]}}