{"id":18151,"date":"2022-07-22T13:58:34","date_gmt":"2022-07-22T16:58:34","guid":{"rendered":"https:\/\/www.casadainjecao.com.br\/loja\/?post_type=product&#038;p=18151"},"modified":"2025-06-30T19:53:06","modified_gmt":"2025-06-30T22:53:06","slug":"filtro-de-reparo-bico-injecao-direta-audi-a4-2-0-tfsi-06h906036g","status":"publish","type":"product","link":"https:\/\/www.casadainjecao.com.br\/loja\/autopecas\/injecao-eletronica\/bico-injetor\/filtro-de-reparo-bico-injecao-direta-audi-a4-2-0-tfsi-06h906036g\/","title":{"rendered":"Kit Reparo Filtro Bico Inje\u00e7\u00e3o Direta Audi A4 2.0 TFSI &#8"},"content":{"rendered":"<h2>Kit Filtro Reparo Bico Inje\u00e7\u00e3o Direta<\/h2>\n<p><strong>AUDI<\/strong><\/p>\n<p>Audi A3<\/p>\n<p>Audi A4 2.0 TFSI<\/p>\n<p>Audi A5<\/p>\n<p>Audi A6<\/p>\n<p>Audi Q3<\/p>\n<p>Audi Q5<\/p>\n<p><strong>VOLKSWAGEN<\/strong><\/p>\n<p>Volkswagen Amarok 2.0 TSI (2010 em diante)<\/p>\n<p>Volkswagen Beetle 2.0 TSI (2011 em diante)<\/p>\n<p>Volkswagen Golf 2.0 GTI (2004 em diante)<\/p>\n<p>Volkswagen Jetta 2.0 (2005 a 2010)<\/p>\n<p>Volkswagen Passat 2.0 (2010 a 2014)<\/p>\n<p>Volkswagen Tiguan 2.0 TFSI (2008 em diante)<\/p>\n<h4>C\u00f3digo de Refer\u00eancia:<\/h4>\n<p>06h906036g, 0261500162, 06H906036E, 06H906036P<\/p>\n<h4><strong>Condi\u00e7\u00f5es:<\/strong><\/h4>\n<p>Novo\/ Marca Torken<\/p>\n<h4><strong>Garantia:<\/strong><\/h4>\n<p>3 Meses<strong>\u00a0<\/strong><\/p>\n<h4>Especifica\u00e7\u00f5es:<\/h4>\n<p>(4 unidades)<\/p>\n<h3>ATEN\u00c7\u00c3O: Antes de efetuar a compra verifique o c\u00f3digo da sua pe\u00e7a que est\u00e1 instalada no seu ve\u00edculo.<\/h3>\n<h3><strong>APLICA\u00c7\u00c3O:<\/strong><\/h3>\n<p>Linha Audi \/Volkswagen<\/p>\n<h4><strong>O que \u00e9 e para que serve o Kit de Reparo Filtro Bico Inje\u00e7\u00e3o?<\/strong><\/h4>\n<p>O Kit de Filtros para Bico Injetor tem a finalidade de\u00a0evitar entupimento do bico injetor devido \u00e0s impurezas e contamina\u00e7\u00f5es do combust\u00edvel. Outra fun\u00e7\u00e3o \u00e9 vedar a entrada falsa de ar no coletor de admiss\u00e3o evitando vazamentos.<\/p>\n<p>&nbsp;<\/p>\n<p>A Casa da Inje\u00e7\u00e3o oferece total garantia nos produtos comprados em nosso site.<\/p>\n<ol>\n<li>Cada item \u00e9 rigorosamente testado antes do envio<\/li>\n<li>Se os itens estiverem danificados ou parcialmente defeituosos, entre em contato conosco.<\/li>\n<\/ol>\n<p>Se houver qualquer defeito, n\u00f3s lhe enviaremos uma substitui\u00e7\u00e3o ap\u00f3s receber o pacote ou devolvemos seu dinheiro.<\/p>\n<p>Leia nossa\u00a0<span style=\"color: #ff0000;\"><a style=\"color: #ff0000;\" href=\"https:\/\/www.casadainjecao.com.br\/loja\/politica-de-devolucao\">pol\u00edtica de devolu\u00e7\u00e3o aqui<\/a><\/span><\/p>\n<p>\u2014\u2014\u2014\u2014\u2014\u2014\u2014\u2014\u2014\u2014\u2014\u2014\u2014\u2014\u2014\u2014\u2014\u2014\u2014\u2013<\/p>\n<p><strong>Tem alguma d\u00favida?<\/strong><\/p>\n<p>Entre em contato que podemos ajudar!<\/p>\n<p>Confira as informa\u00e7\u00f5es adicionais abaixo:<\/p>\n<ul>\n<li>Todos os nossos produtos s\u00e3o novos, semi-novos, originais e paralelos possuem garantia.<\/li>\n<li>Todos os produtos anunciados est\u00e3o dispon\u00edveis em estoque e s\u00e3o enviados com extrema rapidez.<\/li>\n<li>O frete pode ser simulado antes de efetuar a compra, basta clicar em \u201cver custos de envio\u201d.<\/li>\n<li>Verifique o endere\u00e7o de entrega cadastrado e atualize caso necess\u00e1rio.<\/li>\n<li>Confirme se a pe\u00e7a \u00e9 correta para o seu modelo de ve\u00edculo.<\/li>\n<li>Para pe\u00e7as automotivas, recomendamos a instala\u00e7\u00e3o por um profissional especializado.<\/li>\n<\/ul>\n<p>Caso possua outras d\u00favidas, entre em contato.<\/p>\n<p>&nbsp;<\/p>\n","protected":false},"excerpt":{"rendered":"<h2>Kit Filtro Reparo Bico Inje\u00e7\u00e3o Direta (4 unidades) &#8211; 06h906036g, 0261500162, 06H906036E, 06H906036P<\/h2>\n","protected":false},"featured_media":18251,"template":"","meta":{"_seopress_robots_primary_cat":"none","_seopress_titles_title":"","_seopress_titles_desc":"","_seopress_robots_index":"","_joinchat":[]},"product_cat":[256,21,263,266],"product_tag":[428,1468,1413,1412,1414,1415,698,848,1475],"berocket_brand":[396],"_links":{"self":[{"href":"https:\/\/www.casadainjecao.com.br\/loja\/wp-json\/wp\/v2\/product\/18151"}],"collection":[{"href":"https:\/\/www.casadainjecao.com.br\/loja\/wp-json\/wp\/v2\/product"}],"about":[{"href":"https:\/\/www.casadainjecao.com.br\/loja\/wp-json\/wp\/v2\/types\/product"}],"wp:featuredmedia":[{"embeddable":true,"href":"https:\/\/www.casadainjecao.com.br\/loja\/wp-json\/wp\/v2\/media\/18251"}],"wp:attachment":[{"href":"https:\/\/www.casadainjecao.com.br\/loja\/wp-json\/wp\/v2\/media?parent=18151"}],"wp:term":[{"taxonomy":"product_cat","embeddable":true,"href":"https:\/\/www.casadainjecao.com.br\/loja\/wp-json\/wp\/v2\/product_cat?post=18151"},{"taxonomy":"product_tag","embeddable":true,"href":"https:\/\/www.casadainjecao.com.br\/loja\/wp-json\/wp\/v2\/product_tag?post=18151"},{"taxonomy":"berocket_brand","embeddable":true,"href":"https:\/\/www.casadainjecao.com.br\/loja\/wp-json\/wp\/v2\/berocket_brand?post=18151"}],"curies":[{"name":"wp","href":"https:\/\/api.w.org\/{rel}","templated":true}]}}